{"id":1312,"date":"2019-11-06T11:21:12","date_gmt":"2019-11-06T14:21:12","guid":{"rendered":"https:\/\/webapp408006.ip-45-33-113-122.cloudezapp.io\/produto\/ab-1\/"},"modified":"2025-11-14T09:24:46","modified_gmt":"2025-11-14T12:24:46","slug":"ab-1","status":"publish","type":"product","link":"https:\/\/mgaproaudio.com.br\/en\/produto\/ab-1\/","title":{"rendered":"AB-1"},"content":{"rendered":"<div style=\"display:none;\">\nO AB-1, amplificador de sinal para sistemas sem fio UHF, \u00e9 um componente essencial para garantir uma comunica\u00e7\u00e3o sem fio confi\u00e1vel e de alta qualidade. Este dispositivo oferece recursos avan\u00e7ados para melhorar a performance dos sistemas de transmiss\u00e3o, com baixo n\u00edvel de distor\u00e7\u00e3o e op\u00e7\u00f5es de ganho de +5dB e +10dB, permitindo ajustes precisos conforme a necessidade. <\/p>\n<p>Alimentado pelo cabo coaxial quando utilizado com distribuidores ou por um Bias-T, o AB-1 proporciona flexibilidade na instala\u00e7\u00e3o e opera\u00e7\u00e3o, adaptando-se facilmente \u00e0s diferentes configura\u00e7\u00f5es de sistema. Sua compatibilidade com todas as marcas de antenas, distribuidores e microfones facilita a integra\u00e7\u00e3o em sistemas existentes, garantindo uma comunica\u00e7\u00e3o eficaz. <\/p>\n<p>O AB-1 \u00e9 projetado para atender \u00e0s demandas de eventos ao vivo, transmiss\u00f5es broadcast e instala\u00e7\u00f5es de \u00e1udio profissional, oferecendo uma solu\u00e7\u00e3o robusta e confi\u00e1vel para melhorar a qualidade e alcance do sinal em sistemas sem fio UHF.<\/p>\n<p>Com sua tecnologia avan\u00e7ada e desempenho excepcional, o AB-1 \u00e9 a escolha ideal para quem busca uma comunica\u00e7\u00e3o sem fio de alta performance e confiabilidade em qualquer situa\u00e7\u00e3o.<\/p><\/div>\n<table cellspacing=\"0\" cellpadding=\"0\">\n<tbody>\n<tr>\n<td colspan=\"2\"><b>AB-1<\/b><\/td>\n<\/tr>\n<tr>\n<td><\/td>\n<td><\/td>\n<\/tr>\n<tr>\n<td>OPERATING FREQUENCY <\/td>\n<td>470 &#8211; 698MHz<\/td>\n<\/tr>\n<tr>\n<td>OUTPUT LEVEL <\/td>\n<td>+5dB \/ +10dB (+\/-2dB)<\/td>\n<\/tr>\n<tr>\n<td>THIRD-ORDER INTERCEPT POINT (IOP3) <\/td>\n<td>32dBm @470MHz<\/td>\n<\/tr>\n<tr>\n<td>INPUT IMPEDANCE <\/td>\n<td>50 \u03a9<\/td>\n<\/tr>\n<tr>\n<td>OUTPUT IMPEDANCE <\/td>\n<td>50 \u03a9<\/td>\n<\/tr>\n<tr>\n<td>SUPPLY VOLTAGE O<\/td>\n<td>10 A 15vCC<\/td>\n<\/tr>\n<tr>\n<td>VDC CONSUMPTION <\/td>\n<td>180mA @12Vcc<\/td>\n<\/tr>\n<\/tbody>\n<\/table>\n","protected":false},"excerpt":{"rendered":"<p>Signal amplifier for UHF wireless systems.<\/p>\n<p><strong>Recursos<\/strong><\/p>\n<ul>\n<li>Low distortion;<\/li>\n<li>Powered by coaxial cable when used in conjunction with splitters or a Bias-T;<\/li>\n<li>Two gain options: +5 and +10 dBm;<\/li>\n<li>Compatible with all brands of antennas, splitters, and microphones.<\/li>\n<\/ul>\n","protected":false},"featured_media":1311,"template":"","meta":[],"product_cat":[62],"product_tag":[],"class_list":["post-1312","product","type-product","status-publish","has-post-thumbnail","hentry","product_cat-acessories"],"yoast_head":"<!-- This site is optimized with the Yoast SEO Premium plugin v22.6 (Yoast SEO v22.7) - https:\/\/yoast.com\/wordpress\/plugins\/seo\/ -->\n<title>AB-1 - MGA Pro Audio<\/title>\n<meta name=\"description\" content=\"Amplificador AB-1 de sinal para sistemas sem fio UHF \u00e9 uma ferramenta essencial para melhorar a qualidade e alcance da transmiss\u00e3o.\" \/>\n<meta name=\"robots\" content=\"index, follow, max-snippet:-1, max-image-preview:large, max-video-preview:-1\" \/>\n<link rel=\"canonical\" href=\"https:\/\/mgaproaudio.com.br\/en\/produto\/ab-1\/\" \/>\n<meta property=\"og:locale\" content=\"en_US\" \/>\n<meta property=\"og:type\" content=\"article\" \/>\n<meta property=\"og:title\" content=\"AB-1\" \/>\n<meta property=\"og:description\" content=\"Amplificador AB-1 de sinal para sistemas sem fio UHF \u00e9 uma ferramenta essencial para melhorar a qualidade e alcance da transmiss\u00e3o.\" \/>\n<meta property=\"og:url\" content=\"https:\/\/mgaproaudio.com.br\/en\/produto\/ab-1\/\" \/>\n<meta property=\"og:site_name\" content=\"MGA Pro Audio\" \/>\n<meta property=\"article:publisher\" content=\"https:\/\/www.facebook.com\/mgaproaudio\/\" \/>\n<meta property=\"article:modified_time\" content=\"2025-11-14T12:24:46+00:00\" \/>\n<meta property=\"og:image\" content=\"https:\/\/mgaproaudio.com.br\/wp-content\/uploads\/2019\/11\/AB1_2.png\" \/>\n\t<meta property=\"og:image:width\" content=\"1204\" \/>\n\t<meta property=\"og:image:height\" content=\"683\" \/>\n\t<meta property=\"og:image:type\" content=\"image\/png\" \/>\n<meta name=\"twitter:card\" content=\"summary_large_image\" \/>\n<meta name=\"twitter:label1\" content=\"Price\" \/>\n\t<meta name=\"twitter:data1\" content=\"\" \/>\n\t<meta name=\"twitter:label2\" content=\"Availability\" \/>\n\t<meta name=\"twitter:data2\" content=\"In stock\" \/>\n<script type=\"application\/ld+json\" class=\"yoast-schema-graph\">{\"@context\":\"https:\/\/schema.org\",\"@graph\":[{\"@type\":\"WebPage\",\"@id\":\"https:\/\/mgaproaudio.com.br\/en\/produto\/ab-1\/\",\"url\":\"https:\/\/mgaproaudio.com.br\/en\/produto\/ab-1\/\",\"name\":\"AB-1 - MGA Pro Audio\",\"isPartOf\":{\"@id\":\"https:\/\/mgaproaudio.com.br\/en\/#website\"},\"primaryImageOfPage\":{\"@id\":\"https:\/\/mgaproaudio.com.br\/en\/produto\/ab-1\/#primaryimage\"},\"image\":{\"@id\":\"https:\/\/mgaproaudio.com.br\/en\/produto\/ab-1\/#primaryimage\"},\"thumbnailUrl\":\"https:\/\/mgaproaudio.com.br\/wp-content\/uploads\/2019\/11\/AB1_2.png\",\"datePublished\":\"2019-11-06T14:21:12+00:00\",\"dateModified\":\"2025-11-14T12:24:46+00:00\",\"description\":\"Amplificador AB-1 de sinal para sistemas sem fio UHF \u00e9 uma ferramenta essencial para melhorar a qualidade e alcance da transmiss\u00e3o.\",\"breadcrumb\":{\"@id\":\"https:\/\/mgaproaudio.com.br\/en\/produto\/ab-1\/#breadcrumb\"},\"inLanguage\":\"en-US\",\"potentialAction\":[{\"@type\":\"ReadAction\",\"target\":[\"https:\/\/mgaproaudio.com.br\/en\/produto\/ab-1\/\"]}]},{\"@type\":\"ImageObject\",\"inLanguage\":\"en-US\",\"@id\":\"https:\/\/mgaproaudio.com.br\/en\/produto\/ab-1\/#primaryimage\",\"url\":\"https:\/\/mgaproaudio.com.br\/wp-content\/uploads\/2019\/11\/AB1_2.png\",\"contentUrl\":\"https:\/\/mgaproaudio.com.br\/wp-content\/uploads\/2019\/11\/AB1_2.png\",\"width\":1204,\"height\":683,\"caption\":\"AB-1\"},{\"@type\":\"BreadcrumbList\",\"@id\":\"https:\/\/mgaproaudio.com.br\/en\/produto\/ab-1\/#breadcrumb\",\"itemListElement\":[{\"@type\":\"ListItem\",\"position\":1,\"name\":\"\u00cdnicio\",\"item\":\"https:\/\/mgaproaudio.com.br\/en\/\"},{\"@type\":\"ListItem\",\"position\":2,\"name\":\"Products\",\"item\":\"https:\/\/mgaproaudio.com.br\/en\/products\/\"},{\"@type\":\"ListItem\",\"position\":3,\"name\":\"Acessories\",\"item\":\"https:\/\/mgaproaudio.com.br\/en\/categoria-produto\/acessories\/\"},{\"@type\":\"ListItem\",\"position\":4,\"name\":\"AB-1\"}]},{\"@type\":\"WebSite\",\"@id\":\"https:\/\/mgaproaudio.com.br\/en\/#website\",\"url\":\"https:\/\/mgaproaudio.com.br\/en\/\",\"name\":\"MGA Pro Audio\",\"description\":\"\u00c1udio profissional e RF\",\"publisher\":{\"@id\":\"https:\/\/mgaproaudio.com.br\/en\/#organization\"},\"potentialAction\":[{\"@type\":\"SearchAction\",\"target\":{\"@type\":\"EntryPoint\",\"urlTemplate\":\"https:\/\/mgaproaudio.com.br\/en\/?s={search_term_string}\"},\"query-input\":\"required name=search_term_string\"}],\"inLanguage\":\"en-US\"},{\"@type\":\"Organization\",\"@id\":\"https:\/\/mgaproaudio.com.br\/en\/#organization\",\"name\":\"MGA Pro Audio\",\"url\":\"https:\/\/mgaproaudio.com.br\/en\/\",\"logo\":{\"@type\":\"ImageObject\",\"inLanguage\":\"en-US\",\"@id\":\"https:\/\/mgaproaudio.com.br\/en\/#\/schema\/logo\/image\/\",\"url\":\"https:\/\/webapp408006.ip-45-33-113-122.cloudezapp.io\/wp-content\/uploads\/2019\/11\/icone-mga.png\",\"contentUrl\":\"https:\/\/webapp408006.ip-45-33-113-122.cloudezapp.io\/wp-content\/uploads\/2019\/11\/icone-mga.png\",\"width\":512,\"height\":512,\"caption\":\"MGA Pro Audio\"},\"image\":{\"@id\":\"https:\/\/mgaproaudio.com.br\/en\/#\/schema\/logo\/image\/\"},\"sameAs\":[\"https:\/\/www.facebook.com\/mgaproaudio\/\",\"https:\/\/www.instagram.com\/mgaproaudio\/\"]}]}<\/script>\n<meta property=\"product:price:amount\" content=\"0.00\" \/>\n<meta property=\"product:price:currency\" content=\"BRL\" \/>\n<meta property=\"og:availability\" content=\"instock\" \/>\n<meta property=\"product:availability\" content=\"instock\" \/>\n<meta property=\"product:condition\" content=\"new\" \/>\n<!-- \/ Yoast SEO Premium plugin. -->","yoast_head_json":{"title":"AB-1 - MGA Pro Audio","description":"Amplificador AB-1 de sinal para sistemas sem fio UHF \u00e9 uma ferramenta essencial para melhorar a qualidade e alcance da transmiss\u00e3o.","robots":{"index":"index","follow":"follow","max-snippet":"max-snippet:-1","max-image-preview":"max-image-preview:large","max-video-preview":"max-video-preview:-1"},"canonical":"https:\/\/mgaproaudio.com.br\/en\/produto\/ab-1\/","og_locale":"en_US","og_type":"article","og_title":"AB-1","og_description":"Amplificador AB-1 de sinal para sistemas sem fio UHF \u00e9 uma ferramenta essencial para melhorar a qualidade e alcance da transmiss\u00e3o.","og_url":"https:\/\/mgaproaudio.com.br\/en\/produto\/ab-1\/","og_site_name":"MGA Pro Audio","article_publisher":"https:\/\/www.facebook.com\/mgaproaudio\/","article_modified_time":"2025-11-14T12:24:46+00:00","og_image":[{"width":1204,"height":683,"url":"https:\/\/mgaproaudio.com.br\/wp-content\/uploads\/2019\/11\/AB1_2.png","type":"image\/png"}],"twitter_card":"summary_large_image","twitter_misc":{"Price":"","Availability":"In stock"},"schema":{"@context":"https:\/\/schema.org","@graph":[{"@type":"WebPage","@id":"https:\/\/mgaproaudio.com.br\/en\/produto\/ab-1\/","url":"https:\/\/mgaproaudio.com.br\/en\/produto\/ab-1\/","name":"AB-1 - MGA Pro Audio","isPartOf":{"@id":"https:\/\/mgaproaudio.com.br\/en\/#website"},"primaryImageOfPage":{"@id":"https:\/\/mgaproaudio.com.br\/en\/produto\/ab-1\/#primaryimage"},"image":{"@id":"https:\/\/mgaproaudio.com.br\/en\/produto\/ab-1\/#primaryimage"},"thumbnailUrl":"https:\/\/mgaproaudio.com.br\/wp-content\/uploads\/2019\/11\/AB1_2.png","datePublished":"2019-11-06T14:21:12+00:00","dateModified":"2025-11-14T12:24:46+00:00","description":"Amplificador AB-1 de sinal para sistemas sem fio UHF \u00e9 uma ferramenta essencial para melhorar a qualidade e alcance da transmiss\u00e3o.","breadcrumb":{"@id":"https:\/\/mgaproaudio.com.br\/en\/produto\/ab-1\/#breadcrumb"},"inLanguage":"en-US","potentialAction":[{"@type":"ReadAction","target":["https:\/\/mgaproaudio.com.br\/en\/produto\/ab-1\/"]}]},{"@type":"ImageObject","inLanguage":"en-US","@id":"https:\/\/mgaproaudio.com.br\/en\/produto\/ab-1\/#primaryimage","url":"https:\/\/mgaproaudio.com.br\/wp-content\/uploads\/2019\/11\/AB1_2.png","contentUrl":"https:\/\/mgaproaudio.com.br\/wp-content\/uploads\/2019\/11\/AB1_2.png","width":1204,"height":683,"caption":"AB-1"},{"@type":"BreadcrumbList","@id":"https:\/\/mgaproaudio.com.br\/en\/produto\/ab-1\/#breadcrumb","itemListElement":[{"@type":"ListItem","position":1,"name":"\u00cdnicio","item":"https:\/\/mgaproaudio.com.br\/en\/"},{"@type":"ListItem","position":2,"name":"Products","item":"https:\/\/mgaproaudio.com.br\/en\/products\/"},{"@type":"ListItem","position":3,"name":"Acessories","item":"https:\/\/mgaproaudio.com.br\/en\/categoria-produto\/acessories\/"},{"@type":"ListItem","position":4,"name":"AB-1"}]},{"@type":"WebSite","@id":"https:\/\/mgaproaudio.com.br\/en\/#website","url":"https:\/\/mgaproaudio.com.br\/en\/","name":"MGA Pro Audio","description":"\u00c1udio profissional e RF","publisher":{"@id":"https:\/\/mgaproaudio.com.br\/en\/#organization"},"potentialAction":[{"@type":"SearchAction","target":{"@type":"EntryPoint","urlTemplate":"https:\/\/mgaproaudio.com.br\/en\/?s={search_term_string}"},"query-input":"required name=search_term_string"}],"inLanguage":"en-US"},{"@type":"Organization","@id":"https:\/\/mgaproaudio.com.br\/en\/#organization","name":"MGA Pro Audio","url":"https:\/\/mgaproaudio.com.br\/en\/","logo":{"@type":"ImageObject","inLanguage":"en-US","@id":"https:\/\/mgaproaudio.com.br\/en\/#\/schema\/logo\/image\/","url":"https:\/\/webapp408006.ip-45-33-113-122.cloudezapp.io\/wp-content\/uploads\/2019\/11\/icone-mga.png","contentUrl":"https:\/\/webapp408006.ip-45-33-113-122.cloudezapp.io\/wp-content\/uploads\/2019\/11\/icone-mga.png","width":512,"height":512,"caption":"MGA Pro Audio"},"image":{"@id":"https:\/\/mgaproaudio.com.br\/en\/#\/schema\/logo\/image\/"},"sameAs":["https:\/\/www.facebook.com\/mgaproaudio\/","https:\/\/www.instagram.com\/mgaproaudio\/"]}]},"product_price_amount":"0.00","product_price_currency":"BRL","og_availability":"instock","product_availability":"instock","product_condition":"new"},"_links":{"self":[{"href":"https:\/\/mgaproaudio.com.br\/en\/wp-json\/wp\/v2\/product\/1312","targetHints":{"allow":["GET"]}}],"collection":[{"href":"https:\/\/mgaproaudio.com.br\/en\/wp-json\/wp\/v2\/product"}],"about":[{"href":"https:\/\/mgaproaudio.com.br\/en\/wp-json\/wp\/v2\/types\/product"}],"wp:featuredmedia":[{"embeddable":true,"href":"https:\/\/mgaproaudio.com.br\/en\/wp-json\/wp\/v2\/media\/1311"}],"wp:attachment":[{"href":"https:\/\/mgaproaudio.com.br\/en\/wp-json\/wp\/v2\/media?parent=1312"}],"wp:term":[{"taxonomy":"product_cat","embeddable":true,"href":"https:\/\/mgaproaudio.com.br\/en\/wp-json\/wp\/v2\/product_cat?post=1312"},{"taxonomy":"product_tag","embeddable":true,"href":"https:\/\/mgaproaudio.com.br\/en\/wp-json\/wp\/v2\/product_tag?post=1312"}],"curies":[{"name":"wp","href":"https:\/\/api.w.org\/{rel}","templated":true}]}}