{"id":1324,"date":"2019-11-06T11:27:57","date_gmt":"2019-11-06T14:27:57","guid":{"rendered":"https:\/\/webapp408006.ip-45-33-113-122.cloudezapp.io\/produto\/bias-ts\/"},"modified":"2025-11-14T09:44:25","modified_gmt":"2025-11-14T12:44:25","slug":"bias-ts","status":"publish","type":"product","link":"https:\/\/mgaproaudio.com.br\/en\/produto\/bias-ts\/","title":{"rendered":"BIAS-TS"},"content":{"rendered":"<div style=\"display: none;\">\n<p>O de um canal \u00e9 um componente indispens\u00e1vel em sistemas de comunica\u00e7\u00e3o e transmiss\u00e3o de dados. Este dispositivo de tr\u00eas portas tem como objetivo acoplar uma corrente Vcc em uma porta e desacoplar essa corrente em outra porta. <\/p>\n<p>Com sua funcionalidade simples e eficaz, o BIAS-TS de um canal oferece uma solu\u00e7\u00e3o pr\u00e1tica para fornecer energia a dispositivos remotos, como amplificadores de baixo ru\u00eddo ou dispositivos de comunica\u00e7\u00e3o via sat\u00e9lite.<\/p>\n<p>Amplamente utilizado em aplica\u00e7\u00f5es de comunica\u00e7\u00e3o por sat\u00e9lite, telecomunica\u00e7\u00f5es e redes de distribui\u00e7\u00e3o de sinal, o BIAS-TS de um canal garante uma transmiss\u00e3o de sinal eficiente e est\u00e1vel.<\/p>\n<p>Sua constru\u00e7\u00e3o robusta e design compacto tornam o BIAS-TS de um canal f\u00e1cil de instalar e operar em uma variedade de configura\u00e7\u00f5es de sistema.<\/p>\n<p>Com sua capacidade de acoplar e desacoplar corrente de forma precisa e confi\u00e1vel, o BIAS-TS de um canal \u00e9 a escolha ideal para aplica\u00e7\u00f5es que exigem versatilidade, desempenho e confiabilidade em um \u00fanico dispositivo.<\/p>\n<\/div>\n<table cellspacing=\"0\" cellpadding=\"0\">\n<tbody>\n<tr>\n<td colspan=\"2\"><b>BIAS-TS<\/b><\/td>\n<\/tr>\n<tr>\n<td><\/td>\n<td><\/td>\n<\/tr>\n<tr>\n<td>OPERATING FREQUENCY<\/td>\n<td>0.170 \u2013 1.9GHz<\/td>\n<\/tr>\n<tr>\n<td>INSERTION LOSS<\/td>\n<td>-0.4dBm @ 1GHz<\/td>\n<\/tr>\n<tr>\n<td>MAX RF LEVEL<\/td>\n<td>+33dBm<\/td>\n<\/tr>\n<tr>\n<td>REFLECTED SIGNAL<\/td>\n<td>-23dBm @ 650MHz<\/td>\n<\/tr>\n<tr>\n<td>INPUT IMPEDANCE<\/td>\n<td>50 \u03a9<\/td>\n<\/tr>\n<tr>\n<td>OUTPUT IMPEDANCE<\/td>\n<td>50 \u03a9<\/td>\n<\/tr>\n<tr>\n<td>SUPPLY VOLTAGE<\/td>\n<td>10 TO 15VDC<\/td>\n<\/tr>\n<\/tbody>\n<\/table>\n","protected":false},"excerpt":{"rendered":"<p>Single-channel bias-T.<\/p>\n<p>A bias tee is a three-port device designed to couple a VDC current to one port and decouple it to the other.<\/p>\n","protected":false},"featured_media":1323,"template":"","meta":[],"product_cat":[62],"product_tag":[],"class_list":["post-1324","product","type-product","status-publish","has-post-thumbnail","hentry","product_cat-acessories"],"yoast_head":"<!-- This site is optimized with the Yoast SEO Premium plugin v22.6 (Yoast SEO v22.7) - https:\/\/yoast.com\/wordpress\/plugins\/seo\/ -->\n<title>BIAS-TS - MGA Pro Audio<\/title>\n<meta name=\"description\" content=\"O BIAS-TS \u00e9 um componente essencial em sistemas de comunica\u00e7\u00e3o e transmiss\u00e3o de dados, ao acoplar ou desacoplar uma corrente em uma porta.\" \/>\n<meta name=\"robots\" content=\"index, follow, max-snippet:-1, max-image-preview:large, max-video-preview:-1\" \/>\n<link rel=\"canonical\" href=\"https:\/\/mgaproaudio.com.br\/en\/produto\/bias-ts\/\" \/>\n<meta property=\"og:locale\" content=\"en_US\" \/>\n<meta property=\"og:type\" content=\"article\" \/>\n<meta property=\"og:title\" content=\"BIAS-TS\" \/>\n<meta property=\"og:description\" content=\"O BIAS-TS \u00e9 um componente essencial em sistemas de comunica\u00e7\u00e3o e transmiss\u00e3o de dados, ao acoplar ou desacoplar uma corrente em uma porta.\" \/>\n<meta property=\"og:url\" content=\"https:\/\/mgaproaudio.com.br\/en\/produto\/bias-ts\/\" \/>\n<meta property=\"og:site_name\" content=\"MGA Pro Audio\" \/>\n<meta property=\"article:publisher\" content=\"https:\/\/www.facebook.com\/mgaproaudio\/\" \/>\n<meta property=\"article:modified_time\" content=\"2025-11-14T12:44:25+00:00\" \/>\n<meta property=\"og:image\" content=\"https:\/\/mgaproaudio.com.br\/wp-content\/uploads\/2019\/11\/BIAST_1.png\" \/>\n\t<meta property=\"og:image:width\" content=\"1204\" \/>\n\t<meta property=\"og:image:height\" content=\"683\" \/>\n\t<meta property=\"og:image:type\" content=\"image\/png\" \/>\n<meta name=\"twitter:card\" content=\"summary_large_image\" \/>\n<meta name=\"twitter:label1\" content=\"Price\" \/>\n\t<meta name=\"twitter:data1\" content=\"\" \/>\n\t<meta name=\"twitter:label2\" content=\"Availability\" \/>\n\t<meta name=\"twitter:data2\" content=\"In stock\" \/>\n<script type=\"application\/ld+json\" class=\"yoast-schema-graph\">{\"@context\":\"https:\/\/schema.org\",\"@graph\":[{\"@type\":\"WebPage\",\"@id\":\"https:\/\/mgaproaudio.com.br\/en\/produto\/bias-ts\/\",\"url\":\"https:\/\/mgaproaudio.com.br\/en\/produto\/bias-ts\/\",\"name\":\"BIAS-TS - MGA Pro Audio\",\"isPartOf\":{\"@id\":\"https:\/\/mgaproaudio.com.br\/en\/#website\"},\"primaryImageOfPage\":{\"@id\":\"https:\/\/mgaproaudio.com.br\/en\/produto\/bias-ts\/#primaryimage\"},\"image\":{\"@id\":\"https:\/\/mgaproaudio.com.br\/en\/produto\/bias-ts\/#primaryimage\"},\"thumbnailUrl\":\"https:\/\/mgaproaudio.com.br\/wp-content\/uploads\/2019\/11\/BIAST_1.png\",\"datePublished\":\"2019-11-06T14:27:57+00:00\",\"dateModified\":\"2025-11-14T12:44:25+00:00\",\"description\":\"O BIAS-TS \u00e9 um componente essencial em sistemas de comunica\u00e7\u00e3o e transmiss\u00e3o de dados, ao acoplar ou desacoplar uma corrente em uma porta.\",\"breadcrumb\":{\"@id\":\"https:\/\/mgaproaudio.com.br\/en\/produto\/bias-ts\/#breadcrumb\"},\"inLanguage\":\"en-US\",\"potentialAction\":[{\"@type\":\"ReadAction\",\"target\":[\"https:\/\/mgaproaudio.com.br\/en\/produto\/bias-ts\/\"]}]},{\"@type\":\"ImageObject\",\"inLanguage\":\"en-US\",\"@id\":\"https:\/\/mgaproaudio.com.br\/en\/produto\/bias-ts\/#primaryimage\",\"url\":\"https:\/\/mgaproaudio.com.br\/wp-content\/uploads\/2019\/11\/BIAST_1.png\",\"contentUrl\":\"https:\/\/mgaproaudio.com.br\/wp-content\/uploads\/2019\/11\/BIAST_1.png\",\"width\":1204,\"height\":683,\"caption\":\"BIAST\"},{\"@type\":\"BreadcrumbList\",\"@id\":\"https:\/\/mgaproaudio.com.br\/en\/produto\/bias-ts\/#breadcrumb\",\"itemListElement\":[{\"@type\":\"ListItem\",\"position\":1,\"name\":\"\u00cdnicio\",\"item\":\"https:\/\/mgaproaudio.com.br\/en\/\"},{\"@type\":\"ListItem\",\"position\":2,\"name\":\"Products\",\"item\":\"https:\/\/mgaproaudio.com.br\/en\/products\/\"},{\"@type\":\"ListItem\",\"position\":3,\"name\":\"Acessories\",\"item\":\"https:\/\/mgaproaudio.com.br\/en\/categoria-produto\/acessories\/\"},{\"@type\":\"ListItem\",\"position\":4,\"name\":\"BIAS-TS\"}]},{\"@type\":\"WebSite\",\"@id\":\"https:\/\/mgaproaudio.com.br\/en\/#website\",\"url\":\"https:\/\/mgaproaudio.com.br\/en\/\",\"name\":\"MGA Pro Audio\",\"description\":\"\u00c1udio profissional e RF\",\"publisher\":{\"@id\":\"https:\/\/mgaproaudio.com.br\/en\/#organization\"},\"potentialAction\":[{\"@type\":\"SearchAction\",\"target\":{\"@type\":\"EntryPoint\",\"urlTemplate\":\"https:\/\/mgaproaudio.com.br\/en\/?s={search_term_string}\"},\"query-input\":\"required name=search_term_string\"}],\"inLanguage\":\"en-US\"},{\"@type\":\"Organization\",\"@id\":\"https:\/\/mgaproaudio.com.br\/en\/#organization\",\"name\":\"MGA Pro Audio\",\"url\":\"https:\/\/mgaproaudio.com.br\/en\/\",\"logo\":{\"@type\":\"ImageObject\",\"inLanguage\":\"en-US\",\"@id\":\"https:\/\/mgaproaudio.com.br\/en\/#\/schema\/logo\/image\/\",\"url\":\"https:\/\/webapp408006.ip-45-33-113-122.cloudezapp.io\/wp-content\/uploads\/2019\/11\/icone-mga.png\",\"contentUrl\":\"https:\/\/webapp408006.ip-45-33-113-122.cloudezapp.io\/wp-content\/uploads\/2019\/11\/icone-mga.png\",\"width\":512,\"height\":512,\"caption\":\"MGA Pro Audio\"},\"image\":{\"@id\":\"https:\/\/mgaproaudio.com.br\/en\/#\/schema\/logo\/image\/\"},\"sameAs\":[\"https:\/\/www.facebook.com\/mgaproaudio\/\",\"https:\/\/www.instagram.com\/mgaproaudio\/\"]}]}<\/script>\n<meta property=\"product:price:amount\" content=\"0.00\" \/>\n<meta property=\"product:price:currency\" content=\"BRL\" \/>\n<meta property=\"og:availability\" content=\"instock\" \/>\n<meta property=\"product:availability\" content=\"instock\" \/>\n<meta property=\"product:condition\" content=\"new\" \/>\n<!-- \/ Yoast SEO Premium plugin. -->","yoast_head_json":{"title":"BIAS-TS - MGA Pro Audio","description":"O BIAS-TS \u00e9 um componente essencial em sistemas de comunica\u00e7\u00e3o e transmiss\u00e3o de dados, ao acoplar ou desacoplar uma corrente em uma porta.","robots":{"index":"index","follow":"follow","max-snippet":"max-snippet:-1","max-image-preview":"max-image-preview:large","max-video-preview":"max-video-preview:-1"},"canonical":"https:\/\/mgaproaudio.com.br\/en\/produto\/bias-ts\/","og_locale":"en_US","og_type":"article","og_title":"BIAS-TS","og_description":"O BIAS-TS \u00e9 um componente essencial em sistemas de comunica\u00e7\u00e3o e transmiss\u00e3o de dados, ao acoplar ou desacoplar uma corrente em uma porta.","og_url":"https:\/\/mgaproaudio.com.br\/en\/produto\/bias-ts\/","og_site_name":"MGA Pro Audio","article_publisher":"https:\/\/www.facebook.com\/mgaproaudio\/","article_modified_time":"2025-11-14T12:44:25+00:00","og_image":[{"width":1204,"height":683,"url":"https:\/\/mgaproaudio.com.br\/wp-content\/uploads\/2019\/11\/BIAST_1.png","type":"image\/png"}],"twitter_card":"summary_large_image","twitter_misc":{"Price":"","Availability":"In stock"},"schema":{"@context":"https:\/\/schema.org","@graph":[{"@type":"WebPage","@id":"https:\/\/mgaproaudio.com.br\/en\/produto\/bias-ts\/","url":"https:\/\/mgaproaudio.com.br\/en\/produto\/bias-ts\/","name":"BIAS-TS - MGA Pro Audio","isPartOf":{"@id":"https:\/\/mgaproaudio.com.br\/en\/#website"},"primaryImageOfPage":{"@id":"https:\/\/mgaproaudio.com.br\/en\/produto\/bias-ts\/#primaryimage"},"image":{"@id":"https:\/\/mgaproaudio.com.br\/en\/produto\/bias-ts\/#primaryimage"},"thumbnailUrl":"https:\/\/mgaproaudio.com.br\/wp-content\/uploads\/2019\/11\/BIAST_1.png","datePublished":"2019-11-06T14:27:57+00:00","dateModified":"2025-11-14T12:44:25+00:00","description":"O BIAS-TS \u00e9 um componente essencial em sistemas de comunica\u00e7\u00e3o e transmiss\u00e3o de dados, ao acoplar ou desacoplar uma corrente em uma porta.","breadcrumb":{"@id":"https:\/\/mgaproaudio.com.br\/en\/produto\/bias-ts\/#breadcrumb"},"inLanguage":"en-US","potentialAction":[{"@type":"ReadAction","target":["https:\/\/mgaproaudio.com.br\/en\/produto\/bias-ts\/"]}]},{"@type":"ImageObject","inLanguage":"en-US","@id":"https:\/\/mgaproaudio.com.br\/en\/produto\/bias-ts\/#primaryimage","url":"https:\/\/mgaproaudio.com.br\/wp-content\/uploads\/2019\/11\/BIAST_1.png","contentUrl":"https:\/\/mgaproaudio.com.br\/wp-content\/uploads\/2019\/11\/BIAST_1.png","width":1204,"height":683,"caption":"BIAST"},{"@type":"BreadcrumbList","@id":"https:\/\/mgaproaudio.com.br\/en\/produto\/bias-ts\/#breadcrumb","itemListElement":[{"@type":"ListItem","position":1,"name":"\u00cdnicio","item":"https:\/\/mgaproaudio.com.br\/en\/"},{"@type":"ListItem","position":2,"name":"Products","item":"https:\/\/mgaproaudio.com.br\/en\/products\/"},{"@type":"ListItem","position":3,"name":"Acessories","item":"https:\/\/mgaproaudio.com.br\/en\/categoria-produto\/acessories\/"},{"@type":"ListItem","position":4,"name":"BIAS-TS"}]},{"@type":"WebSite","@id":"https:\/\/mgaproaudio.com.br\/en\/#website","url":"https:\/\/mgaproaudio.com.br\/en\/","name":"MGA Pro Audio","description":"\u00c1udio profissional e RF","publisher":{"@id":"https:\/\/mgaproaudio.com.br\/en\/#organization"},"potentialAction":[{"@type":"SearchAction","target":{"@type":"EntryPoint","urlTemplate":"https:\/\/mgaproaudio.com.br\/en\/?s={search_term_string}"},"query-input":"required name=search_term_string"}],"inLanguage":"en-US"},{"@type":"Organization","@id":"https:\/\/mgaproaudio.com.br\/en\/#organization","name":"MGA Pro Audio","url":"https:\/\/mgaproaudio.com.br\/en\/","logo":{"@type":"ImageObject","inLanguage":"en-US","@id":"https:\/\/mgaproaudio.com.br\/en\/#\/schema\/logo\/image\/","url":"https:\/\/webapp408006.ip-45-33-113-122.cloudezapp.io\/wp-content\/uploads\/2019\/11\/icone-mga.png","contentUrl":"https:\/\/webapp408006.ip-45-33-113-122.cloudezapp.io\/wp-content\/uploads\/2019\/11\/icone-mga.png","width":512,"height":512,"caption":"MGA Pro Audio"},"image":{"@id":"https:\/\/mgaproaudio.com.br\/en\/#\/schema\/logo\/image\/"},"sameAs":["https:\/\/www.facebook.com\/mgaproaudio\/","https:\/\/www.instagram.com\/mgaproaudio\/"]}]},"product_price_amount":"0.00","product_price_currency":"BRL","og_availability":"instock","product_availability":"instock","product_condition":"new"},"_links":{"self":[{"href":"https:\/\/mgaproaudio.com.br\/en\/wp-json\/wp\/v2\/product\/1324","targetHints":{"allow":["GET"]}}],"collection":[{"href":"https:\/\/mgaproaudio.com.br\/en\/wp-json\/wp\/v2\/product"}],"about":[{"href":"https:\/\/mgaproaudio.com.br\/en\/wp-json\/wp\/v2\/types\/product"}],"wp:featuredmedia":[{"embeddable":true,"href":"https:\/\/mgaproaudio.com.br\/en\/wp-json\/wp\/v2\/media\/1323"}],"wp:attachment":[{"href":"https:\/\/mgaproaudio.com.br\/en\/wp-json\/wp\/v2\/media?parent=1324"}],"wp:term":[{"taxonomy":"product_cat","embeddable":true,"href":"https:\/\/mgaproaudio.com.br\/en\/wp-json\/wp\/v2\/product_cat?post=1324"},{"taxonomy":"product_tag","embeddable":true,"href":"https:\/\/mgaproaudio.com.br\/en\/wp-json\/wp\/v2\/product_tag?post=1324"}],"curies":[{"name":"wp","href":"https:\/\/api.w.org\/{rel}","templated":true}]}}