{"id":1372,"date":"2019-11-06T10:11:14","date_gmt":"2019-11-06T13:11:14","guid":{"rendered":"https:\/\/webapp408006.ip-45-33-113-122.cloudezapp.io\/produto\/rf-5010ds\/"},"modified":"2025-11-14T11:36:18","modified_gmt":"2025-11-14T14:36:18","slug":"rf-5010ds","status":"publish","type":"product","link":"https:\/\/mgaproaudio.com.br\/en\/produto\/rf-5010ds\/","title":{"rendered":"RF 5010DS"},"content":{"rendered":"<div style=\"display: none;\">\n<p>O cabo coaxial \u00e9 uma solu\u00e7\u00e3o eficiente e vers\u00e1til para transmiss\u00e3o de sinais de r\u00e1dio frequ\u00eancia. Com uma imped\u00e2ncia de 50 ohms, o RF 5010DS proporciona uma correspond\u00eancia precisa de imped\u00e2ncia, garantindo uma transfer\u00eancia confi\u00e1vel de sinais sem perda significativa de qualidade. Sua constru\u00e7\u00e3o robusta e materiais de alta qualidade asseguram durabilidade e desempenho consistente em uma variedade de aplica\u00e7\u00f5es.  <\/p>\n<p>Com 1 metro de comprimento, o RF 5010DS oferece flexibilidade e facilidade de instala\u00e7\u00e3o em espa\u00e7os limitados. Seja em ambientes industriais, sistemas de comunica\u00e7\u00e3o ou redes de transmiss\u00e3o de dados, este cabo coaxial proporciona desempenho confi\u00e1vel e eficiente. <\/p>\n<p>O RF 5010DS destaca-se pela sua adaptabilidade e confiabilidade. Sua tecnologia avan\u00e7ada torna-o ideal para aplica\u00e7\u00f5es onde a qualidade do sinal \u00e9 crucial. Seja em antenas, equipamentos de r\u00e1dio ou sistemas de radar, o RF 5010DS \u00e9 a escolha preferida por profissionais que buscam o melhor em cabo coaxial.  <\/p>\n<p>Em resumo, o cabo coaxial \u00e9 a escolha ideal para quem procura qualidade, desempenho e confiabilidade em suas aplica\u00e7\u00f5es de transmiss\u00e3o de RF.<\/p>\n<\/div>\n<table cellspacing=\"0\" cellpadding=\"0\">\n<tbody>\n<tr>\n<td colspan=\"2\"><b>RF 5010DS<\/b><\/td>\n<\/tr>\n<tr>\n<td><\/td>\n<td><\/td>\n<\/tr>\n<tr>\n<td>CABLE TYPE<\/td>\n<td>RF 5000<\/td>\n<\/tr>\n<tr>\n<td>ATTENUATION<\/td>\n<td>@450 MHz 0.4 dB \u2013 @650 MHz 0.4 dB<\/td>\n<\/tr>\n<tr>\n<td>IMPEDANCE<\/td>\n<td>50 \u03a9<\/td>\n<\/tr>\n<tr>\n<td>SPEED OF PROPAGATION<\/td>\n<td>66%<\/td>\n<\/tr>\n<tr>\n<td>CAPACITANCE<\/td>\n<td>101 pF\/m<\/td>\n<\/tr>\n<tr>\n<td>MAX OPERATING FREQUENCY<\/td>\n<td>3 GHz<\/td>\n<\/tr>\n<tr>\n<td>RF \u2013 PEAK VOLTAGE<\/td>\n<td>1.90 kV (r.m.s)<\/td>\n<\/tr>\n<tr>\n<td>INNER CONDUCTOR RESISTANCE<\/td>\n<td>39 \u03a9\/KM<\/td>\n<\/tr>\n<tr>\n<td>SHIELD RESISTANCE<\/td>\n<td>15 \u03a9\/KM<\/td>\n<\/tr>\n<\/tbody>\n<\/table>\n","protected":false},"excerpt":{"rendered":"<div class=\"span8\">50 \u03a9 RF 5000DS coaxial cable, 1 meter <\/div>\n","protected":false},"featured_media":1367,"template":"","meta":[],"product_cat":[68,63],"product_tag":[],"class_list":["post-1372","product","type-product","status-publish","has-post-thumbnail","hentry","product_cat-antennas-cables","product_cat-cables"],"yoast_head":"<!-- This site is optimized with the Yoast SEO Premium plugin v22.6 (Yoast SEO v22.7) - https:\/\/yoast.com\/wordpress\/plugins\/seo\/ -->\n<title>RF 5010DS - MGA Pro Audio<\/title>\n<meta name=\"description\" content=\"O RF 5010DS 50 \u03a9 RF 5000DS com 1 metro \u00e9 uma solu\u00e7\u00e3o compacta e confi\u00e1vel para transmiss\u00e3o de sinais de r\u00e1dio frequ\u00eancia.\" \/>\n<meta name=\"robots\" content=\"index, follow, max-snippet:-1, max-image-preview:large, max-video-preview:-1\" \/>\n<link rel=\"canonical\" href=\"https:\/\/mgaproaudio.com.br\/en\/produto\/rf-5010ds\/\" \/>\n<meta property=\"og:locale\" content=\"en_US\" \/>\n<meta property=\"og:type\" content=\"article\" \/>\n<meta property=\"og:title\" content=\"RF 5010DS\" \/>\n<meta property=\"og:description\" content=\"O RF 5010DS 50 \u03a9 RF 5000DS com 1 metro \u00e9 uma solu\u00e7\u00e3o compacta e confi\u00e1vel para transmiss\u00e3o de sinais de r\u00e1dio frequ\u00eancia.\" \/>\n<meta property=\"og:url\" content=\"https:\/\/mgaproaudio.com.br\/en\/produto\/rf-5010ds\/\" \/>\n<meta property=\"og:site_name\" content=\"MGA Pro Audio\" \/>\n<meta property=\"article:publisher\" content=\"https:\/\/www.facebook.com\/mgaproaudio\/\" \/>\n<meta property=\"article:modified_time\" content=\"2025-11-14T14:36:18+00:00\" \/>\n<meta property=\"og:image\" content=\"https:\/\/mgaproaudio.com.br\/wp-content\/uploads\/2019\/11\/CABO-RG-50-05-PT-1.jpg\" \/>\n\t<meta property=\"og:image:width\" content=\"1200\" \/>\n\t<meta property=\"og:image:height\" content=\"675\" \/>\n\t<meta property=\"og:image:type\" content=\"image\/jpeg\" \/>\n<meta name=\"twitter:card\" content=\"summary_large_image\" \/>\n<meta name=\"twitter:label1\" content=\"Price\" \/>\n\t<meta name=\"twitter:data1\" content=\"\" \/>\n\t<meta name=\"twitter:label2\" content=\"Availability\" \/>\n\t<meta name=\"twitter:data2\" content=\"In stock\" \/>\n<script type=\"application\/ld+json\" class=\"yoast-schema-graph\">{\"@context\":\"https:\/\/schema.org\",\"@graph\":[{\"@type\":\"WebPage\",\"@id\":\"https:\/\/mgaproaudio.com.br\/en\/produto\/rf-5010ds\/\",\"url\":\"https:\/\/mgaproaudio.com.br\/en\/produto\/rf-5010ds\/\",\"name\":\"RF 5010DS - MGA Pro Audio\",\"isPartOf\":{\"@id\":\"https:\/\/mgaproaudio.com.br\/en\/#website\"},\"primaryImageOfPage\":{\"@id\":\"https:\/\/mgaproaudio.com.br\/en\/produto\/rf-5010ds\/#primaryimage\"},\"image\":{\"@id\":\"https:\/\/mgaproaudio.com.br\/en\/produto\/rf-5010ds\/#primaryimage\"},\"thumbnailUrl\":\"https:\/\/mgaproaudio.com.br\/wp-content\/uploads\/2019\/11\/CABO-RG-50-05-PT-1.jpg\",\"datePublished\":\"2019-11-06T13:11:14+00:00\",\"dateModified\":\"2025-11-14T14:36:18+00:00\",\"description\":\"O RF 5010DS 50 \u03a9 RF 5000DS com 1 metro \u00e9 uma solu\u00e7\u00e3o compacta e confi\u00e1vel para transmiss\u00e3o de sinais de r\u00e1dio frequ\u00eancia.\",\"breadcrumb\":{\"@id\":\"https:\/\/mgaproaudio.com.br\/en\/produto\/rf-5010ds\/#breadcrumb\"},\"inLanguage\":\"en-US\",\"potentialAction\":[{\"@type\":\"ReadAction\",\"target\":[\"https:\/\/mgaproaudio.com.br\/en\/produto\/rf-5010ds\/\"]}]},{\"@type\":\"ImageObject\",\"inLanguage\":\"en-US\",\"@id\":\"https:\/\/mgaproaudio.com.br\/en\/produto\/rf-5010ds\/#primaryimage\",\"url\":\"https:\/\/mgaproaudio.com.br\/wp-content\/uploads\/2019\/11\/CABO-RG-50-05-PT-1.jpg\",\"contentUrl\":\"https:\/\/mgaproaudio.com.br\/wp-content\/uploads\/2019\/11\/CABO-RG-50-05-PT-1.jpg\",\"width\":1200,\"height\":675,\"caption\":\"RF 5015DS\"},{\"@type\":\"BreadcrumbList\",\"@id\":\"https:\/\/mgaproaudio.com.br\/en\/produto\/rf-5010ds\/#breadcrumb\",\"itemListElement\":[{\"@type\":\"ListItem\",\"position\":1,\"name\":\"\u00cdnicio\",\"item\":\"https:\/\/mgaproaudio.com.br\/en\/\"},{\"@type\":\"ListItem\",\"position\":2,\"name\":\"Products\",\"item\":\"https:\/\/mgaproaudio.com.br\/en\/products\/\"},{\"@type\":\"ListItem\",\"position\":3,\"name\":\"Cables\",\"item\":\"https:\/\/mgaproaudio.com.br\/en\/categoria-produto\/cables\/\"},{\"@type\":\"ListItem\",\"position\":4,\"name\":\"RF 5010DS\"}]},{\"@type\":\"WebSite\",\"@id\":\"https:\/\/mgaproaudio.com.br\/en\/#website\",\"url\":\"https:\/\/mgaproaudio.com.br\/en\/\",\"name\":\"MGA Pro Audio\",\"description\":\"\u00c1udio profissional e RF\",\"publisher\":{\"@id\":\"https:\/\/mgaproaudio.com.br\/en\/#organization\"},\"potentialAction\":[{\"@type\":\"SearchAction\",\"target\":{\"@type\":\"EntryPoint\",\"urlTemplate\":\"https:\/\/mgaproaudio.com.br\/en\/?s={search_term_string}\"},\"query-input\":\"required name=search_term_string\"}],\"inLanguage\":\"en-US\"},{\"@type\":\"Organization\",\"@id\":\"https:\/\/mgaproaudio.com.br\/en\/#organization\",\"name\":\"MGA Pro Audio\",\"url\":\"https:\/\/mgaproaudio.com.br\/en\/\",\"logo\":{\"@type\":\"ImageObject\",\"inLanguage\":\"en-US\",\"@id\":\"https:\/\/mgaproaudio.com.br\/en\/#\/schema\/logo\/image\/\",\"url\":\"https:\/\/webapp408006.ip-45-33-113-122.cloudezapp.io\/wp-content\/uploads\/2019\/11\/icone-mga.png\",\"contentUrl\":\"https:\/\/webapp408006.ip-45-33-113-122.cloudezapp.io\/wp-content\/uploads\/2019\/11\/icone-mga.png\",\"width\":512,\"height\":512,\"caption\":\"MGA Pro Audio\"},\"image\":{\"@id\":\"https:\/\/mgaproaudio.com.br\/en\/#\/schema\/logo\/image\/\"},\"sameAs\":[\"https:\/\/www.facebook.com\/mgaproaudio\/\",\"https:\/\/www.instagram.com\/mgaproaudio\/\"]}]}<\/script>\n<meta property=\"product:price:amount\" content=\"0.00\" \/>\n<meta property=\"product:price:currency\" content=\"BRL\" \/>\n<meta property=\"og:availability\" content=\"instock\" \/>\n<meta property=\"product:availability\" content=\"instock\" \/>\n<meta property=\"product:condition\" content=\"new\" \/>\n<!-- \/ Yoast SEO Premium plugin. -->","yoast_head_json":{"title":"RF 5010DS - MGA Pro Audio","description":"O RF 5010DS 50 \u03a9 RF 5000DS com 1 metro \u00e9 uma solu\u00e7\u00e3o compacta e confi\u00e1vel para transmiss\u00e3o de sinais de r\u00e1dio frequ\u00eancia.","robots":{"index":"index","follow":"follow","max-snippet":"max-snippet:-1","max-image-preview":"max-image-preview:large","max-video-preview":"max-video-preview:-1"},"canonical":"https:\/\/mgaproaudio.com.br\/en\/produto\/rf-5010ds\/","og_locale":"en_US","og_type":"article","og_title":"RF 5010DS","og_description":"O RF 5010DS 50 \u03a9 RF 5000DS com 1 metro \u00e9 uma solu\u00e7\u00e3o compacta e confi\u00e1vel para transmiss\u00e3o de sinais de r\u00e1dio frequ\u00eancia.","og_url":"https:\/\/mgaproaudio.com.br\/en\/produto\/rf-5010ds\/","og_site_name":"MGA Pro Audio","article_publisher":"https:\/\/www.facebook.com\/mgaproaudio\/","article_modified_time":"2025-11-14T14:36:18+00:00","og_image":[{"width":1200,"height":675,"url":"https:\/\/mgaproaudio.com.br\/wp-content\/uploads\/2019\/11\/CABO-RG-50-05-PT-1.jpg","type":"image\/jpeg"}],"twitter_card":"summary_large_image","twitter_misc":{"Price":"","Availability":"In stock"},"schema":{"@context":"https:\/\/schema.org","@graph":[{"@type":"WebPage","@id":"https:\/\/mgaproaudio.com.br\/en\/produto\/rf-5010ds\/","url":"https:\/\/mgaproaudio.com.br\/en\/produto\/rf-5010ds\/","name":"RF 5010DS - MGA Pro Audio","isPartOf":{"@id":"https:\/\/mgaproaudio.com.br\/en\/#website"},"primaryImageOfPage":{"@id":"https:\/\/mgaproaudio.com.br\/en\/produto\/rf-5010ds\/#primaryimage"},"image":{"@id":"https:\/\/mgaproaudio.com.br\/en\/produto\/rf-5010ds\/#primaryimage"},"thumbnailUrl":"https:\/\/mgaproaudio.com.br\/wp-content\/uploads\/2019\/11\/CABO-RG-50-05-PT-1.jpg","datePublished":"2019-11-06T13:11:14+00:00","dateModified":"2025-11-14T14:36:18+00:00","description":"O RF 5010DS 50 \u03a9 RF 5000DS com 1 metro \u00e9 uma solu\u00e7\u00e3o compacta e confi\u00e1vel para transmiss\u00e3o de sinais de r\u00e1dio frequ\u00eancia.","breadcrumb":{"@id":"https:\/\/mgaproaudio.com.br\/en\/produto\/rf-5010ds\/#breadcrumb"},"inLanguage":"en-US","potentialAction":[{"@type":"ReadAction","target":["https:\/\/mgaproaudio.com.br\/en\/produto\/rf-5010ds\/"]}]},{"@type":"ImageObject","inLanguage":"en-US","@id":"https:\/\/mgaproaudio.com.br\/en\/produto\/rf-5010ds\/#primaryimage","url":"https:\/\/mgaproaudio.com.br\/wp-content\/uploads\/2019\/11\/CABO-RG-50-05-PT-1.jpg","contentUrl":"https:\/\/mgaproaudio.com.br\/wp-content\/uploads\/2019\/11\/CABO-RG-50-05-PT-1.jpg","width":1200,"height":675,"caption":"RF 5015DS"},{"@type":"BreadcrumbList","@id":"https:\/\/mgaproaudio.com.br\/en\/produto\/rf-5010ds\/#breadcrumb","itemListElement":[{"@type":"ListItem","position":1,"name":"\u00cdnicio","item":"https:\/\/mgaproaudio.com.br\/en\/"},{"@type":"ListItem","position":2,"name":"Products","item":"https:\/\/mgaproaudio.com.br\/en\/products\/"},{"@type":"ListItem","position":3,"name":"Cables","item":"https:\/\/mgaproaudio.com.br\/en\/categoria-produto\/cables\/"},{"@type":"ListItem","position":4,"name":"RF 5010DS"}]},{"@type":"WebSite","@id":"https:\/\/mgaproaudio.com.br\/en\/#website","url":"https:\/\/mgaproaudio.com.br\/en\/","name":"MGA Pro Audio","description":"\u00c1udio profissional e RF","publisher":{"@id":"https:\/\/mgaproaudio.com.br\/en\/#organization"},"potentialAction":[{"@type":"SearchAction","target":{"@type":"EntryPoint","urlTemplate":"https:\/\/mgaproaudio.com.br\/en\/?s={search_term_string}"},"query-input":"required name=search_term_string"}],"inLanguage":"en-US"},{"@type":"Organization","@id":"https:\/\/mgaproaudio.com.br\/en\/#organization","name":"MGA Pro Audio","url":"https:\/\/mgaproaudio.com.br\/en\/","logo":{"@type":"ImageObject","inLanguage":"en-US","@id":"https:\/\/mgaproaudio.com.br\/en\/#\/schema\/logo\/image\/","url":"https:\/\/webapp408006.ip-45-33-113-122.cloudezapp.io\/wp-content\/uploads\/2019\/11\/icone-mga.png","contentUrl":"https:\/\/webapp408006.ip-45-33-113-122.cloudezapp.io\/wp-content\/uploads\/2019\/11\/icone-mga.png","width":512,"height":512,"caption":"MGA Pro Audio"},"image":{"@id":"https:\/\/mgaproaudio.com.br\/en\/#\/schema\/logo\/image\/"},"sameAs":["https:\/\/www.facebook.com\/mgaproaudio\/","https:\/\/www.instagram.com\/mgaproaudio\/"]}]},"product_price_amount":"0.00","product_price_currency":"BRL","og_availability":"instock","product_availability":"instock","product_condition":"new"},"_links":{"self":[{"href":"https:\/\/mgaproaudio.com.br\/en\/wp-json\/wp\/v2\/product\/1372","targetHints":{"allow":["GET"]}}],"collection":[{"href":"https:\/\/mgaproaudio.com.br\/en\/wp-json\/wp\/v2\/product"}],"about":[{"href":"https:\/\/mgaproaudio.com.br\/en\/wp-json\/wp\/v2\/types\/product"}],"wp:featuredmedia":[{"embeddable":true,"href":"https:\/\/mgaproaudio.com.br\/en\/wp-json\/wp\/v2\/media\/1367"}],"wp:attachment":[{"href":"https:\/\/mgaproaudio.com.br\/en\/wp-json\/wp\/v2\/media?parent=1372"}],"wp:term":[{"taxonomy":"product_cat","embeddable":true,"href":"https:\/\/mgaproaudio.com.br\/en\/wp-json\/wp\/v2\/product_cat?post=1372"},{"taxonomy":"product_tag","embeddable":true,"href":"https:\/\/mgaproaudio.com.br\/en\/wp-json\/wp\/v2\/product_tag?post=1372"}],"curies":[{"name":"wp","href":"https:\/\/api.w.org\/{rel}","templated":true}]}}