{"id":1420,"date":"2021-05-23T16:32:34","date_gmt":"2021-05-23T19:32:34","guid":{"rendered":"https:\/\/webapp408006.ip-45-33-113-122.cloudezapp.io\/produto\/sd-1400\/"},"modified":"2025-11-14T15:33:23","modified_gmt":"2025-11-14T18:33:23","slug":"sd-1400","status":"publish","type":"product","link":"https:\/\/mgaproaudio.com.br\/en\/produto\/sd-1400\/","title":{"rendered":"SD 1400"},"content":{"rendered":"<div style=\"display:none\">O cabo coaxial SD 1400 de 75 ohms \u00e9 uma solu\u00e7\u00e3o confi\u00e1vel para transmiss\u00f5es de alta qualidade em UHDTV e HD-SDI 1080p. Com capacidade de at\u00e9 6GB\/s, \u00e9 ideal para aplica\u00e7\u00f5es que exigem uma transmiss\u00e3o r\u00e1pida e est\u00e1vel de v\u00eddeo de alta defini\u00e7\u00e3o. Com 40 metros de comprimento, oferece flexibilidade para diversas instala\u00e7\u00f5es, desde ambientes residenciais at\u00e9 ambientes profissionais de produ\u00e7\u00e3o.  <\/p>\n<p>Garanta uma transmiss\u00e3o sem falhas e com alta integridade de sinal com o cabo coaxial SD 1400. Projetado para atender \u00e0s exig\u00eancias do v\u00eddeo digital de alta resolu\u00e7\u00e3o, este cabo proporciona uma experi\u00eancia visual excepcional em seus projetos de v\u00eddeo. <\/p>\n<p>Invista neste cabo e desfrute de uma transmiss\u00e3o de v\u00eddeo confi\u00e1vel e de alta qualidade. Com sua capacidade de suportar UHDTV e HD-SDI 1080p, voc\u00ea pode confiar no desempenho superior do SD 1400 para suas necessidades de transmiss\u00e3o de v\u00eddeo digital. <\/p><\/div>\n<table cellspacing=\"0\" cellpadding=\"0\">\n<tbody>\n<tr>\n<td colspan=\"2\"><b>SD 1400<\/b><\/td>\n<\/tr>\n<tr>\n<td><\/td>\n<td><\/td>\n<\/tr>\n<tr>\n<td>CABLE TYPE<\/td>\n<td>Flexible coaxial with high-density braiding<\/td>\n<\/tr>\n<tr>\n<td>ATTENUATION<\/td>\n<td>@1.5 GHz 0.22 dB \u2013 @3 GHz 0.32 dB<\/td>\n<\/tr>\n<tr>\n<td>IMPEDANCE<\/td>\n<td>75 \u03a9<\/td>\n<\/tr>\n<tr>\n<td>SPEED OF PROPAGATION<\/td>\n<td>83%<\/td>\n<\/tr>\n<tr>\n<td>CAPACITANCE<\/td>\n<td>53 pF\/m<\/td>\n<\/tr>\n<tr>\n<td>MAX OPERATING FREQUENCY<\/td>\n<td>6 GHz<\/td>\n<\/tr>\n<tr>\n<td>INNER CONDUCTOR RESISTANCE<\/td>\n<td>67 \u03a9\/KM<\/td>\n<\/tr>\n<tr>\n<td>SHIELD RESISTANCE<\/td>\n<td>23 \u03a9\/KM<\/td>\n<\/tr>\n<\/tbody>\n<\/table>\n","protected":false},"excerpt":{"rendered":"<p>75-ohm coaxial cable for 6GB\/s UHDTV, HD-SDI 1080p digital video, 40.00 meters<\/p>\n","protected":false},"featured_media":1392,"template":"","meta":[],"product_cat":[71,63],"product_tag":[],"class_list":["post-1420","product","type-product","status-publish","has-post-thumbnail","hentry","product_cat-sdi-cables","product_cat-cables"],"yoast_head":"<!-- This site is optimized with the Yoast SEO Premium plugin v22.6 (Yoast SEO v22.7) - https:\/\/yoast.com\/wordpress\/plugins\/seo\/ -->\n<title>SD 1400 - MGA Pro Audio<\/title>\n<meta name=\"description\" content=\"O cabo coaxial de 75 ohms para v\u00eddeo digital \u00e9 uma solu\u00e7\u00e3o confi\u00e1vel para transmiss\u00f5es de alta qualidade em UHDTV e HD-SDI 1080p.\" \/>\n<meta name=\"robots\" content=\"index, follow, max-snippet:-1, max-image-preview:large, max-video-preview:-1\" \/>\n<link rel=\"canonical\" href=\"https:\/\/mgaproaudio.com.br\/en\/produto\/sd-1400\/\" \/>\n<meta property=\"og:locale\" content=\"en_US\" \/>\n<meta property=\"og:type\" content=\"article\" \/>\n<meta property=\"og:title\" content=\"SD 1400\" \/>\n<meta property=\"og:description\" content=\"O cabo coaxial de 75 ohms para v\u00eddeo digital \u00e9 uma solu\u00e7\u00e3o confi\u00e1vel para transmiss\u00f5es de alta qualidade em UHDTV e HD-SDI 1080p.\" \/>\n<meta property=\"og:url\" content=\"https:\/\/mgaproaudio.com.br\/en\/produto\/sd-1400\/\" \/>\n<meta property=\"og:site_name\" content=\"MGA Pro Audio\" \/>\n<meta property=\"article:publisher\" content=\"https:\/\/www.facebook.com\/mgaproaudio\/\" \/>\n<meta property=\"article:modified_time\" content=\"2025-11-14T18:33:23+00:00\" \/>\n<meta property=\"og:image\" content=\"https:\/\/mgaproaudio.com.br\/wp-content\/uploads\/2021\/05\/sd_1000.jpg\" \/>\n\t<meta property=\"og:image:width\" content=\"1000\" \/>\n\t<meta property=\"og:image:height\" content=\"1000\" \/>\n\t<meta property=\"og:image:type\" content=\"image\/jpeg\" \/>\n<meta name=\"twitter:card\" content=\"summary_large_image\" \/>\n<meta name=\"twitter:label1\" content=\"Price\" \/>\n\t<meta name=\"twitter:data1\" content=\"\" \/>\n\t<meta name=\"twitter:label2\" content=\"Availability\" \/>\n\t<meta name=\"twitter:data2\" content=\"In stock\" \/>\n<script type=\"application\/ld+json\" class=\"yoast-schema-graph\">{\"@context\":\"https:\/\/schema.org\",\"@graph\":[{\"@type\":\"WebPage\",\"@id\":\"https:\/\/mgaproaudio.com.br\/en\/produto\/sd-1400\/\",\"url\":\"https:\/\/mgaproaudio.com.br\/en\/produto\/sd-1400\/\",\"name\":\"SD 1400 - MGA Pro Audio\",\"isPartOf\":{\"@id\":\"https:\/\/mgaproaudio.com.br\/en\/#website\"},\"primaryImageOfPage\":{\"@id\":\"https:\/\/mgaproaudio.com.br\/en\/produto\/sd-1400\/#primaryimage\"},\"image\":{\"@id\":\"https:\/\/mgaproaudio.com.br\/en\/produto\/sd-1400\/#primaryimage\"},\"thumbnailUrl\":\"https:\/\/mgaproaudio.com.br\/wp-content\/uploads\/2021\/05\/sd_1000.jpg\",\"datePublished\":\"2021-05-23T19:32:34+00:00\",\"dateModified\":\"2025-11-14T18:33:23+00:00\",\"description\":\"O cabo coaxial de 75 ohms para v\u00eddeo digital \u00e9 uma solu\u00e7\u00e3o confi\u00e1vel para transmiss\u00f5es de alta qualidade em UHDTV e HD-SDI 1080p.\",\"breadcrumb\":{\"@id\":\"https:\/\/mgaproaudio.com.br\/en\/produto\/sd-1400\/#breadcrumb\"},\"inLanguage\":\"en-US\",\"potentialAction\":[{\"@type\":\"ReadAction\",\"target\":[\"https:\/\/mgaproaudio.com.br\/en\/produto\/sd-1400\/\"]}]},{\"@type\":\"ImageObject\",\"inLanguage\":\"en-US\",\"@id\":\"https:\/\/mgaproaudio.com.br\/en\/produto\/sd-1400\/#primaryimage\",\"url\":\"https:\/\/mgaproaudio.com.br\/wp-content\/uploads\/2021\/05\/sd_1000.jpg\",\"contentUrl\":\"https:\/\/mgaproaudio.com.br\/wp-content\/uploads\/2021\/05\/sd_1000.jpg\",\"width\":1000,\"height\":1000,\"caption\":\"SD 1000\"},{\"@type\":\"BreadcrumbList\",\"@id\":\"https:\/\/mgaproaudio.com.br\/en\/produto\/sd-1400\/#breadcrumb\",\"itemListElement\":[{\"@type\":\"ListItem\",\"position\":1,\"name\":\"\u00cdnicio\",\"item\":\"https:\/\/mgaproaudio.com.br\/en\/\"},{\"@type\":\"ListItem\",\"position\":2,\"name\":\"Products\",\"item\":\"https:\/\/mgaproaudio.com.br\/en\/products\/\"},{\"@type\":\"ListItem\",\"position\":3,\"name\":\"Cables\",\"item\":\"https:\/\/mgaproaudio.com.br\/en\/categoria-produto\/cables\/\"},{\"@type\":\"ListItem\",\"position\":4,\"name\":\"SDI Cables\",\"item\":\"https:\/\/mgaproaudio.com.br\/en\/categoria-produto\/cables\/sdi-cables\/\"},{\"@type\":\"ListItem\",\"position\":5,\"name\":\"SD 1400\"}]},{\"@type\":\"WebSite\",\"@id\":\"https:\/\/mgaproaudio.com.br\/en\/#website\",\"url\":\"https:\/\/mgaproaudio.com.br\/en\/\",\"name\":\"MGA Pro Audio\",\"description\":\"\u00c1udio profissional e RF\",\"publisher\":{\"@id\":\"https:\/\/mgaproaudio.com.br\/en\/#organization\"},\"potentialAction\":[{\"@type\":\"SearchAction\",\"target\":{\"@type\":\"EntryPoint\",\"urlTemplate\":\"https:\/\/mgaproaudio.com.br\/en\/?s={search_term_string}\"},\"query-input\":\"required name=search_term_string\"}],\"inLanguage\":\"en-US\"},{\"@type\":\"Organization\",\"@id\":\"https:\/\/mgaproaudio.com.br\/en\/#organization\",\"name\":\"MGA Pro Audio\",\"url\":\"https:\/\/mgaproaudio.com.br\/en\/\",\"logo\":{\"@type\":\"ImageObject\",\"inLanguage\":\"en-US\",\"@id\":\"https:\/\/mgaproaudio.com.br\/en\/#\/schema\/logo\/image\/\",\"url\":\"https:\/\/webapp408006.ip-45-33-113-122.cloudezapp.io\/wp-content\/uploads\/2019\/11\/icone-mga.png\",\"contentUrl\":\"https:\/\/webapp408006.ip-45-33-113-122.cloudezapp.io\/wp-content\/uploads\/2019\/11\/icone-mga.png\",\"width\":512,\"height\":512,\"caption\":\"MGA Pro Audio\"},\"image\":{\"@id\":\"https:\/\/mgaproaudio.com.br\/en\/#\/schema\/logo\/image\/\"},\"sameAs\":[\"https:\/\/www.facebook.com\/mgaproaudio\/\",\"https:\/\/www.instagram.com\/mgaproaudio\/\"]}]}<\/script>\n<meta property=\"product:price:amount\" content=\"0.00\" \/>\n<meta property=\"product:price:currency\" content=\"BRL\" \/>\n<meta property=\"og:availability\" content=\"instock\" \/>\n<meta property=\"product:availability\" content=\"instock\" \/>\n<meta property=\"product:condition\" content=\"new\" \/>\n<!-- \/ Yoast SEO Premium plugin. -->","yoast_head_json":{"title":"SD 1400 - MGA Pro Audio","description":"O cabo coaxial de 75 ohms para v\u00eddeo digital \u00e9 uma solu\u00e7\u00e3o confi\u00e1vel para transmiss\u00f5es de alta qualidade em UHDTV e HD-SDI 1080p.","robots":{"index":"index","follow":"follow","max-snippet":"max-snippet:-1","max-image-preview":"max-image-preview:large","max-video-preview":"max-video-preview:-1"},"canonical":"https:\/\/mgaproaudio.com.br\/en\/produto\/sd-1400\/","og_locale":"en_US","og_type":"article","og_title":"SD 1400","og_description":"O cabo coaxial de 75 ohms para v\u00eddeo digital \u00e9 uma solu\u00e7\u00e3o confi\u00e1vel para transmiss\u00f5es de alta qualidade em UHDTV e HD-SDI 1080p.","og_url":"https:\/\/mgaproaudio.com.br\/en\/produto\/sd-1400\/","og_site_name":"MGA Pro Audio","article_publisher":"https:\/\/www.facebook.com\/mgaproaudio\/","article_modified_time":"2025-11-14T18:33:23+00:00","og_image":[{"width":1000,"height":1000,"url":"https:\/\/mgaproaudio.com.br\/wp-content\/uploads\/2021\/05\/sd_1000.jpg","type":"image\/jpeg"}],"twitter_card":"summary_large_image","twitter_misc":{"Price":"","Availability":"In stock"},"schema":{"@context":"https:\/\/schema.org","@graph":[{"@type":"WebPage","@id":"https:\/\/mgaproaudio.com.br\/en\/produto\/sd-1400\/","url":"https:\/\/mgaproaudio.com.br\/en\/produto\/sd-1400\/","name":"SD 1400 - MGA Pro Audio","isPartOf":{"@id":"https:\/\/mgaproaudio.com.br\/en\/#website"},"primaryImageOfPage":{"@id":"https:\/\/mgaproaudio.com.br\/en\/produto\/sd-1400\/#primaryimage"},"image":{"@id":"https:\/\/mgaproaudio.com.br\/en\/produto\/sd-1400\/#primaryimage"},"thumbnailUrl":"https:\/\/mgaproaudio.com.br\/wp-content\/uploads\/2021\/05\/sd_1000.jpg","datePublished":"2021-05-23T19:32:34+00:00","dateModified":"2025-11-14T18:33:23+00:00","description":"O cabo coaxial de 75 ohms para v\u00eddeo digital \u00e9 uma solu\u00e7\u00e3o confi\u00e1vel para transmiss\u00f5es de alta qualidade em UHDTV e HD-SDI 1080p.","breadcrumb":{"@id":"https:\/\/mgaproaudio.com.br\/en\/produto\/sd-1400\/#breadcrumb"},"inLanguage":"en-US","potentialAction":[{"@type":"ReadAction","target":["https:\/\/mgaproaudio.com.br\/en\/produto\/sd-1400\/"]}]},{"@type":"ImageObject","inLanguage":"en-US","@id":"https:\/\/mgaproaudio.com.br\/en\/produto\/sd-1400\/#primaryimage","url":"https:\/\/mgaproaudio.com.br\/wp-content\/uploads\/2021\/05\/sd_1000.jpg","contentUrl":"https:\/\/mgaproaudio.com.br\/wp-content\/uploads\/2021\/05\/sd_1000.jpg","width":1000,"height":1000,"caption":"SD 1000"},{"@type":"BreadcrumbList","@id":"https:\/\/mgaproaudio.com.br\/en\/produto\/sd-1400\/#breadcrumb","itemListElement":[{"@type":"ListItem","position":1,"name":"\u00cdnicio","item":"https:\/\/mgaproaudio.com.br\/en\/"},{"@type":"ListItem","position":2,"name":"Products","item":"https:\/\/mgaproaudio.com.br\/en\/products\/"},{"@type":"ListItem","position":3,"name":"Cables","item":"https:\/\/mgaproaudio.com.br\/en\/categoria-produto\/cables\/"},{"@type":"ListItem","position":4,"name":"SDI Cables","item":"https:\/\/mgaproaudio.com.br\/en\/categoria-produto\/cables\/sdi-cables\/"},{"@type":"ListItem","position":5,"name":"SD 1400"}]},{"@type":"WebSite","@id":"https:\/\/mgaproaudio.com.br\/en\/#website","url":"https:\/\/mgaproaudio.com.br\/en\/","name":"MGA Pro Audio","description":"\u00c1udio profissional e RF","publisher":{"@id":"https:\/\/mgaproaudio.com.br\/en\/#organization"},"potentialAction":[{"@type":"SearchAction","target":{"@type":"EntryPoint","urlTemplate":"https:\/\/mgaproaudio.com.br\/en\/?s={search_term_string}"},"query-input":"required name=search_term_string"}],"inLanguage":"en-US"},{"@type":"Organization","@id":"https:\/\/mgaproaudio.com.br\/en\/#organization","name":"MGA Pro Audio","url":"https:\/\/mgaproaudio.com.br\/en\/","logo":{"@type":"ImageObject","inLanguage":"en-US","@id":"https:\/\/mgaproaudio.com.br\/en\/#\/schema\/logo\/image\/","url":"https:\/\/webapp408006.ip-45-33-113-122.cloudezapp.io\/wp-content\/uploads\/2019\/11\/icone-mga.png","contentUrl":"https:\/\/webapp408006.ip-45-33-113-122.cloudezapp.io\/wp-content\/uploads\/2019\/11\/icone-mga.png","width":512,"height":512,"caption":"MGA Pro Audio"},"image":{"@id":"https:\/\/mgaproaudio.com.br\/en\/#\/schema\/logo\/image\/"},"sameAs":["https:\/\/www.facebook.com\/mgaproaudio\/","https:\/\/www.instagram.com\/mgaproaudio\/"]}]},"product_price_amount":"0.00","product_price_currency":"BRL","og_availability":"instock","product_availability":"instock","product_condition":"new"},"_links":{"self":[{"href":"https:\/\/mgaproaudio.com.br\/en\/wp-json\/wp\/v2\/product\/1420","targetHints":{"allow":["GET"]}}],"collection":[{"href":"https:\/\/mgaproaudio.com.br\/en\/wp-json\/wp\/v2\/product"}],"about":[{"href":"https:\/\/mgaproaudio.com.br\/en\/wp-json\/wp\/v2\/types\/product"}],"wp:featuredmedia":[{"embeddable":true,"href":"https:\/\/mgaproaudio.com.br\/en\/wp-json\/wp\/v2\/media\/1392"}],"wp:attachment":[{"href":"https:\/\/mgaproaudio.com.br\/en\/wp-json\/wp\/v2\/media?parent=1420"}],"wp:term":[{"taxonomy":"product_cat","embeddable":true,"href":"https:\/\/mgaproaudio.com.br\/en\/wp-json\/wp\/v2\/product_cat?post=1420"},{"taxonomy":"product_tag","embeddable":true,"href":"https:\/\/mgaproaudio.com.br\/en\/wp-json\/wp\/v2\/product_tag?post=1420"}],"curies":[{"name":"wp","href":"https:\/\/api.w.org\/{rel}","templated":true}]}}