{"id":1454,"date":"2021-07-01T11:32:04","date_gmt":"2021-07-01T14:32:04","guid":{"rendered":"https:\/\/webapp408006.ip-45-33-113-122.cloudezapp.io\/produto\/uc-44hp\/"},"modified":"2025-11-14T16:31:56","modified_gmt":"2025-11-14T19:31:56","slug":"uc-44hp","status":"publish","type":"product","link":"https:\/\/mgaproaudio.com.br\/en\/produto\/uc-44hp\/","title":{"rendered":"UC-44HP"},"content":{"rendered":"<div style=\"display:none;\">O UC-44HP \u00e9 um Combinador para sistemas de retorno sem fio (IFB \/ IEM) que oferece uma solu\u00e7\u00e3o eficaz para combinar sinais de at\u00e9 250mW por entrada sem qualquer perda de sinal. Essencial para configura\u00e7\u00f5es de retorno sem fio, este dispositivo permite a combina\u00e7\u00e3o de m\u00faltiplos sinais de forma confi\u00e1vel e eficiente. <\/p>\n<p>Ideal para ambientes onde \u00e9 necess\u00e1rio compartilhar \u00e1udio entre v\u00e1rias fontes, e garante uma transmiss\u00e3o est\u00e1vel, de alta qualidade. Com sua capacidade de suportar sinais potentes sem degrada\u00e7\u00e3o, este dispositivo \u00e9 indispens\u00e1vel para aplica\u00e7\u00f5es profissionais de \u00e1udio. <\/p>\n<p>Invista no UC-44HP e garanta uma distribui\u00e7\u00e3o sem falhas de \u00e1udio em seus eventos e produ\u00e7\u00f5es. Com sua tecnologia avan\u00e7ada e desempenho confi\u00e1vel, o UC-44HP oferece uma solu\u00e7\u00e3o completa para suas necessidades de combina\u00e7\u00e3o de sinais sem fio. <\/p><\/div>\n<table cellspacing=\"0\" cellpadding=\"0\">\n<tbody>\n<tr>\n<td colspan=\"2\"><b>UC 44HP<\/b><\/td>\n<\/tr>\n<tr>\n<td><\/td>\n<td><\/td>\n<\/tr>\n<tr>\n<td>OUTPUT GAIN<\/td>\n<td>0 dB \u00b1 2 dB<\/td>\n<\/tr>\n<tr>\n<td>FREQUENCY RANGE<\/td>\n<td>470 ~ 698 MHz<\/td>\n<\/tr>\n<tr>\n<td>INPUT IMPEDANCE<\/td>\n<td>50 \u03a9<\/td>\n<\/tr>\n<tr>\n<td>OUTPUT IMPEDANCE<\/td>\n<td>50 \u03a9<\/td>\n<\/tr>\n<tr>\n<td>POWER SUPPLY OUTPUT<\/td>\n<td>13 VDC \u00b1 0.5 V \u2013 2.2 A<\/td>\n<\/tr>\n<tr>\n<td>THIRD-ORDER INTERCEPT POINT<\/td>\n<td>47 dBm<\/td>\n<\/tr>\n<tr>\n<td>MAX INPUT LEVEL<\/td>\n<td>250 mW<\/td>\n<\/tr>\n<tr>\n<td>INPUT PROTECTION<\/td>\n<td>+30 dBm<\/td>\n<\/tr>\n<tr>\n<td>RF INDICATOR LED<\/td>\n<td>6.5 dBm<\/td>\n<\/tr>\n<tr>\n<td>OPERATING VOLTAGE<\/td>\n<td>100 ~ 240 VAC<\/td>\n<\/tr>\n<\/tbody>\n<\/table>\n","protected":false},"excerpt":{"rendered":"<p>Combiner for wireless return systems (IFB) \/ IEM) capable of combining signals of up to 250mW per input without signal loss.<\/p>\n","protected":false},"featured_media":1438,"template":"","meta":[],"product_cat":[73],"product_tag":[],"class_list":["post-1454","product","type-product","status-publish","has-post-thumbnail","hentry","product_cat-combinators"],"yoast_head":"<!-- This site is optimized with the Yoast SEO Premium plugin v22.6 (Yoast SEO v22.7) - https:\/\/yoast.com\/wordpress\/plugins\/seo\/ -->\n<title>UC-44HP - MGA Pro Audio<\/title>\n<meta name=\"description\" content=\"O Combinado UC-44HP para sistemas de retorno sem fio (IFB \/ IEM) oferece uma solu\u00e7\u00e3o eficaz para combinar sinais sem fio e sem qualquer perda de sinal.\" \/>\n<meta name=\"robots\" content=\"index, follow, max-snippet:-1, max-image-preview:large, max-video-preview:-1\" \/>\n<link rel=\"canonical\" href=\"https:\/\/mgaproaudio.com.br\/en\/produto\/uc-44hp\/\" \/>\n<meta property=\"og:locale\" content=\"en_US\" \/>\n<meta property=\"og:type\" content=\"article\" \/>\n<meta property=\"og:title\" content=\"UC-44HP\" \/>\n<meta property=\"og:description\" content=\"O Combinado UC-44HP para sistemas de retorno sem fio (IFB \/ IEM) oferece uma solu\u00e7\u00e3o eficaz para combinar sinais sem fio e sem qualquer perda de sinal.\" \/>\n<meta property=\"og:url\" content=\"https:\/\/mgaproaudio.com.br\/en\/produto\/uc-44hp\/\" \/>\n<meta property=\"og:site_name\" content=\"MGA Pro Audio\" \/>\n<meta property=\"article:publisher\" content=\"https:\/\/www.facebook.com\/mgaproaudio\/\" \/>\n<meta property=\"article:modified_time\" content=\"2025-11-14T19:31:56+00:00\" \/>\n<meta property=\"og:image\" content=\"https:\/\/mgaproaudio.com.br\/wp-content\/uploads\/2019\/11\/UC44_3.png\" \/>\n\t<meta property=\"og:image:width\" content=\"1204\" \/>\n\t<meta property=\"og:image:height\" content=\"683\" \/>\n\t<meta property=\"og:image:type\" content=\"image\/png\" \/>\n<meta name=\"twitter:card\" content=\"summary_large_image\" \/>\n<meta name=\"twitter:label1\" content=\"Price\" \/>\n\t<meta name=\"twitter:data1\" content=\"\" \/>\n\t<meta name=\"twitter:label2\" content=\"Availability\" \/>\n\t<meta name=\"twitter:data2\" content=\"In stock\" \/>\n<script type=\"application\/ld+json\" class=\"yoast-schema-graph\">{\"@context\":\"https:\/\/schema.org\",\"@graph\":[{\"@type\":\"WebPage\",\"@id\":\"https:\/\/mgaproaudio.com.br\/en\/produto\/uc-44hp\/\",\"url\":\"https:\/\/mgaproaudio.com.br\/en\/produto\/uc-44hp\/\",\"name\":\"UC-44HP - MGA Pro Audio\",\"isPartOf\":{\"@id\":\"https:\/\/mgaproaudio.com.br\/en\/#website\"},\"primaryImageOfPage\":{\"@id\":\"https:\/\/mgaproaudio.com.br\/en\/produto\/uc-44hp\/#primaryimage\"},\"image\":{\"@id\":\"https:\/\/mgaproaudio.com.br\/en\/produto\/uc-44hp\/#primaryimage\"},\"thumbnailUrl\":\"https:\/\/mgaproaudio.com.br\/wp-content\/uploads\/2019\/11\/UC44_3.png\",\"datePublished\":\"2021-07-01T14:32:04+00:00\",\"dateModified\":\"2025-11-14T19:31:56+00:00\",\"description\":\"O Combinado UC-44HP para sistemas de retorno sem fio (IFB \/ IEM) oferece uma solu\u00e7\u00e3o eficaz para combinar sinais sem fio e sem qualquer perda de sinal.\",\"breadcrumb\":{\"@id\":\"https:\/\/mgaproaudio.com.br\/en\/produto\/uc-44hp\/#breadcrumb\"},\"inLanguage\":\"en-US\",\"potentialAction\":[{\"@type\":\"ReadAction\",\"target\":[\"https:\/\/mgaproaudio.com.br\/en\/produto\/uc-44hp\/\"]}]},{\"@type\":\"ImageObject\",\"inLanguage\":\"en-US\",\"@id\":\"https:\/\/mgaproaudio.com.br\/en\/produto\/uc-44hp\/#primaryimage\",\"url\":\"https:\/\/mgaproaudio.com.br\/wp-content\/uploads\/2019\/11\/UC44_3.png\",\"contentUrl\":\"https:\/\/mgaproaudio.com.br\/wp-content\/uploads\/2019\/11\/UC44_3.png\",\"width\":1204,\"height\":683,\"caption\":\"UC-44HP\"},{\"@type\":\"BreadcrumbList\",\"@id\":\"https:\/\/mgaproaudio.com.br\/en\/produto\/uc-44hp\/#breadcrumb\",\"itemListElement\":[{\"@type\":\"ListItem\",\"position\":1,\"name\":\"\u00cdnicio\",\"item\":\"https:\/\/mgaproaudio.com.br\/en\/\"},{\"@type\":\"ListItem\",\"position\":2,\"name\":\"Products\",\"item\":\"https:\/\/mgaproaudio.com.br\/en\/products\/\"},{\"@type\":\"ListItem\",\"position\":3,\"name\":\"Combinators\",\"item\":\"https:\/\/mgaproaudio.com.br\/en\/categoria-produto\/combinators\/\"},{\"@type\":\"ListItem\",\"position\":4,\"name\":\"UC-44HP\"}]},{\"@type\":\"WebSite\",\"@id\":\"https:\/\/mgaproaudio.com.br\/en\/#website\",\"url\":\"https:\/\/mgaproaudio.com.br\/en\/\",\"name\":\"MGA Pro Audio\",\"description\":\"\u00c1udio profissional e RF\",\"publisher\":{\"@id\":\"https:\/\/mgaproaudio.com.br\/en\/#organization\"},\"potentialAction\":[{\"@type\":\"SearchAction\",\"target\":{\"@type\":\"EntryPoint\",\"urlTemplate\":\"https:\/\/mgaproaudio.com.br\/en\/?s={search_term_string}\"},\"query-input\":\"required name=search_term_string\"}],\"inLanguage\":\"en-US\"},{\"@type\":\"Organization\",\"@id\":\"https:\/\/mgaproaudio.com.br\/en\/#organization\",\"name\":\"MGA Pro Audio\",\"url\":\"https:\/\/mgaproaudio.com.br\/en\/\",\"logo\":{\"@type\":\"ImageObject\",\"inLanguage\":\"en-US\",\"@id\":\"https:\/\/mgaproaudio.com.br\/en\/#\/schema\/logo\/image\/\",\"url\":\"https:\/\/webapp408006.ip-45-33-113-122.cloudezapp.io\/wp-content\/uploads\/2019\/11\/icone-mga.png\",\"contentUrl\":\"https:\/\/webapp408006.ip-45-33-113-122.cloudezapp.io\/wp-content\/uploads\/2019\/11\/icone-mga.png\",\"width\":512,\"height\":512,\"caption\":\"MGA Pro Audio\"},\"image\":{\"@id\":\"https:\/\/mgaproaudio.com.br\/en\/#\/schema\/logo\/image\/\"},\"sameAs\":[\"https:\/\/www.facebook.com\/mgaproaudio\/\",\"https:\/\/www.instagram.com\/mgaproaudio\/\"]}]}<\/script>\n<meta property=\"product:price:amount\" content=\"0.00\" \/>\n<meta property=\"product:price:currency\" content=\"BRL\" \/>\n<meta property=\"og:availability\" content=\"instock\" \/>\n<meta property=\"product:availability\" content=\"instock\" \/>\n<meta property=\"product:condition\" content=\"new\" \/>\n<!-- \/ Yoast SEO Premium plugin. -->","yoast_head_json":{"title":"UC-44HP - MGA Pro Audio","description":"O Combinado UC-44HP para sistemas de retorno sem fio (IFB \/ IEM) oferece uma solu\u00e7\u00e3o eficaz para combinar sinais sem fio e sem qualquer perda de sinal.","robots":{"index":"index","follow":"follow","max-snippet":"max-snippet:-1","max-image-preview":"max-image-preview:large","max-video-preview":"max-video-preview:-1"},"canonical":"https:\/\/mgaproaudio.com.br\/en\/produto\/uc-44hp\/","og_locale":"en_US","og_type":"article","og_title":"UC-44HP","og_description":"O Combinado UC-44HP para sistemas de retorno sem fio (IFB \/ IEM) oferece uma solu\u00e7\u00e3o eficaz para combinar sinais sem fio e sem qualquer perda de sinal.","og_url":"https:\/\/mgaproaudio.com.br\/en\/produto\/uc-44hp\/","og_site_name":"MGA Pro Audio","article_publisher":"https:\/\/www.facebook.com\/mgaproaudio\/","article_modified_time":"2025-11-14T19:31:56+00:00","og_image":[{"width":1204,"height":683,"url":"https:\/\/mgaproaudio.com.br\/wp-content\/uploads\/2019\/11\/UC44_3.png","type":"image\/png"}],"twitter_card":"summary_large_image","twitter_misc":{"Price":"","Availability":"In stock"},"schema":{"@context":"https:\/\/schema.org","@graph":[{"@type":"WebPage","@id":"https:\/\/mgaproaudio.com.br\/en\/produto\/uc-44hp\/","url":"https:\/\/mgaproaudio.com.br\/en\/produto\/uc-44hp\/","name":"UC-44HP - MGA Pro Audio","isPartOf":{"@id":"https:\/\/mgaproaudio.com.br\/en\/#website"},"primaryImageOfPage":{"@id":"https:\/\/mgaproaudio.com.br\/en\/produto\/uc-44hp\/#primaryimage"},"image":{"@id":"https:\/\/mgaproaudio.com.br\/en\/produto\/uc-44hp\/#primaryimage"},"thumbnailUrl":"https:\/\/mgaproaudio.com.br\/wp-content\/uploads\/2019\/11\/UC44_3.png","datePublished":"2021-07-01T14:32:04+00:00","dateModified":"2025-11-14T19:31:56+00:00","description":"O Combinado UC-44HP para sistemas de retorno sem fio (IFB \/ IEM) oferece uma solu\u00e7\u00e3o eficaz para combinar sinais sem fio e sem qualquer perda de sinal.","breadcrumb":{"@id":"https:\/\/mgaproaudio.com.br\/en\/produto\/uc-44hp\/#breadcrumb"},"inLanguage":"en-US","potentialAction":[{"@type":"ReadAction","target":["https:\/\/mgaproaudio.com.br\/en\/produto\/uc-44hp\/"]}]},{"@type":"ImageObject","inLanguage":"en-US","@id":"https:\/\/mgaproaudio.com.br\/en\/produto\/uc-44hp\/#primaryimage","url":"https:\/\/mgaproaudio.com.br\/wp-content\/uploads\/2019\/11\/UC44_3.png","contentUrl":"https:\/\/mgaproaudio.com.br\/wp-content\/uploads\/2019\/11\/UC44_3.png","width":1204,"height":683,"caption":"UC-44HP"},{"@type":"BreadcrumbList","@id":"https:\/\/mgaproaudio.com.br\/en\/produto\/uc-44hp\/#breadcrumb","itemListElement":[{"@type":"ListItem","position":1,"name":"\u00cdnicio","item":"https:\/\/mgaproaudio.com.br\/en\/"},{"@type":"ListItem","position":2,"name":"Products","item":"https:\/\/mgaproaudio.com.br\/en\/products\/"},{"@type":"ListItem","position":3,"name":"Combinators","item":"https:\/\/mgaproaudio.com.br\/en\/categoria-produto\/combinators\/"},{"@type":"ListItem","position":4,"name":"UC-44HP"}]},{"@type":"WebSite","@id":"https:\/\/mgaproaudio.com.br\/en\/#website","url":"https:\/\/mgaproaudio.com.br\/en\/","name":"MGA Pro Audio","description":"\u00c1udio profissional e RF","publisher":{"@id":"https:\/\/mgaproaudio.com.br\/en\/#organization"},"potentialAction":[{"@type":"SearchAction","target":{"@type":"EntryPoint","urlTemplate":"https:\/\/mgaproaudio.com.br\/en\/?s={search_term_string}"},"query-input":"required name=search_term_string"}],"inLanguage":"en-US"},{"@type":"Organization","@id":"https:\/\/mgaproaudio.com.br\/en\/#organization","name":"MGA Pro Audio","url":"https:\/\/mgaproaudio.com.br\/en\/","logo":{"@type":"ImageObject","inLanguage":"en-US","@id":"https:\/\/mgaproaudio.com.br\/en\/#\/schema\/logo\/image\/","url":"https:\/\/webapp408006.ip-45-33-113-122.cloudezapp.io\/wp-content\/uploads\/2019\/11\/icone-mga.png","contentUrl":"https:\/\/webapp408006.ip-45-33-113-122.cloudezapp.io\/wp-content\/uploads\/2019\/11\/icone-mga.png","width":512,"height":512,"caption":"MGA Pro Audio"},"image":{"@id":"https:\/\/mgaproaudio.com.br\/en\/#\/schema\/logo\/image\/"},"sameAs":["https:\/\/www.facebook.com\/mgaproaudio\/","https:\/\/www.instagram.com\/mgaproaudio\/"]}]},"product_price_amount":"0.00","product_price_currency":"BRL","og_availability":"instock","product_availability":"instock","product_condition":"new"},"_links":{"self":[{"href":"https:\/\/mgaproaudio.com.br\/en\/wp-json\/wp\/v2\/product\/1454","targetHints":{"allow":["GET"]}}],"collection":[{"href":"https:\/\/mgaproaudio.com.br\/en\/wp-json\/wp\/v2\/product"}],"about":[{"href":"https:\/\/mgaproaudio.com.br\/en\/wp-json\/wp\/v2\/types\/product"}],"wp:featuredmedia":[{"embeddable":true,"href":"https:\/\/mgaproaudio.com.br\/en\/wp-json\/wp\/v2\/media\/1438"}],"wp:attachment":[{"href":"https:\/\/mgaproaudio.com.br\/en\/wp-json\/wp\/v2\/media?parent=1454"}],"wp:term":[{"taxonomy":"product_cat","embeddable":true,"href":"https:\/\/mgaproaudio.com.br\/en\/wp-json\/wp\/v2\/product_cat?post=1454"},{"taxonomy":"product_tag","embeddable":true,"href":"https:\/\/mgaproaudio.com.br\/en\/wp-json\/wp\/v2\/product_tag?post=1454"}],"curies":[{"name":"wp","href":"https:\/\/api.w.org\/{rel}","templated":true}]}}