{"id":1472,"date":"2019-11-06T11:46:33","date_gmt":"2019-11-06T14:46:33","guid":{"rendered":"https:\/\/webapp408006.ip-45-33-113-122.cloudezapp.io\/produto\/uc-8\/"},"modified":"2025-11-14T16:46:58","modified_gmt":"2025-11-14T19:46:58","slug":"uc-8","status":"publish","type":"product","link":"https:\/\/mgaproaudio.com.br\/en\/produto\/uc-8\/","title":{"rendered":"UC-8"},"content":{"rendered":"<div style=\"display: none;\">\n<p>O Combinador MGA Pro Audio \u00e9 um dispositivo essencial para profissionais de \u00e1udio que necessitam de uma solu\u00e7\u00e3o confi\u00e1vel para combinar sinais de at\u00e9 oito transmissores de monitor sem fio in-ear em uma \u00fanica antena, sem perda de sinal. Com suporte para sinais de at\u00e9 150mW por entrada e prote\u00e7\u00e3o contra queima de at\u00e9 1 Watt por entrada, o UC-8 garante opera\u00e7\u00f5es sem interrup\u00e7\u00f5es, mesmo em ambientes desafiadores. <\/p>\n<p>Desenvolvido para funcionar em conjunto com sistemas IEM profissionais de qualquer marca, o Combinador MGA Pro Audio UC-8 oferece uma versatilidade excepcional e \u00e9 compat\u00edvel com uma ampla gama de configura\u00e7\u00f5es de monitoramento sem fio. Sua capacidade de integra\u00e7\u00e3o perfeita a sistemas existentes o torna uma escolha popular entre m\u00fasicos, t\u00e9cnicos de \u00e1udio e profissionais de eventos ao vivo. <\/p>\n<p>Com uma constru\u00e7\u00e3o robusta e recursos avan\u00e7ados, o UC-8 proporciona desempenho superior e confiabilidade em qualquer ambiente, seja em palcos de grandes shows, est\u00fadios de grava\u00e7\u00e3o ou eventos corporativos. Se voc\u00ea busca uma solu\u00e7\u00e3o eficaz e confi\u00e1vel para suas necessidades de monitoramento sem fio, o Combinador MGA Pro Audio UC-8 \u00e9 a escolha ideal. <\/p>\n<\/div>\n<table cellspacing=\"0\" cellpadding=\"0\">\n<tbody>\n<tr>\n<td colspan=\"2\"><b>UC 8<\/b><\/td>\n<\/tr>\n<tr>\n<td><\/td>\n<td><\/td>\n<\/tr>\n<tr>\n<td>OUTPUT GAIN<\/td>\n<td>0 dB \u00b1 2 dB<\/td>\n<\/tr>\n<tr>\n<td>FREQUENCY RANGE<\/td>\n<td>470 ~ 698 MHz<\/td>\n<\/tr>\n<tr>\n<td>INPUT IMPEDANCE<\/td>\n<td>50 \u03a9<\/td>\n<\/tr>\n<tr>\n<td>OUTPUT IMPEDANCE<\/td>\n<td>50 \u03a9<\/td>\n<\/tr>\n<tr>\n<td>THIRD-ORDER INTERCEPT POINT<\/td>\n<td>47 dBm<\/td>\n<\/tr>\n<tr>\n<td>MAX INPUT LEVEL<\/td>\n<td>+20 dBm<\/td>\n<\/tr>\n<tr>\n<td>INPUT PROTECTION<\/td>\n<td>+30 dBm<\/td>\n<\/tr>\n<tr>\n<td>RF INDICATOR LED<\/td>\n<td>6.5 dBm<\/td>\n<\/tr>\n<tr>\n<td>OPERATING VOLTAGE<\/td>\n<td>100 ~ 240 VAC<\/td>\n<\/tr>\n<\/tbody>\n<\/table>\n","protected":false},"excerpt":{"rendered":"<p>The MGA Pro Audio UC 8 combiner combines the signal from up to eight wireless in-ear monitor transmitters into a single antenna without signal loss. It supports signals up to 150mW per input and features burn-in protection up to 1 Watt per input. Designed to work with professional IEM systems from any brand.<\/p>\n","protected":false},"featured_media":1469,"template":"","meta":[],"product_cat":[73],"product_tag":[],"class_list":["post-1472","product","type-product","status-publish","has-post-thumbnail","hentry","product_cat-combinators"],"yoast_head":"<!-- This site is optimized with the Yoast SEO Premium plugin v22.6 (Yoast SEO v22.7) - https:\/\/yoast.com\/wordpress\/plugins\/seo\/ -->\n<title>UC-8 - MGA Pro Audio<\/title>\n<meta name=\"description\" content=\"O Combinador MGA Pro Audio UC 8 \u00e9 a solu\u00e7\u00e3o definitiva para combinar sinais de at\u00e9 oito transmissores de monitor sem fio.\" \/>\n<meta name=\"robots\" content=\"index, follow, max-snippet:-1, max-image-preview:large, max-video-preview:-1\" \/>\n<link rel=\"canonical\" href=\"https:\/\/mgaproaudio.com.br\/en\/produto\/uc-8\/\" \/>\n<meta property=\"og:locale\" content=\"en_US\" \/>\n<meta property=\"og:type\" content=\"article\" \/>\n<meta property=\"og:title\" content=\"UC-8\" \/>\n<meta property=\"og:description\" content=\"O Combinador MGA Pro Audio UC 8 \u00e9 a solu\u00e7\u00e3o definitiva para combinar sinais de at\u00e9 oito transmissores de monitor sem fio.\" \/>\n<meta property=\"og:url\" content=\"https:\/\/mgaproaudio.com.br\/en\/produto\/uc-8\/\" \/>\n<meta property=\"og:site_name\" content=\"MGA Pro Audio\" \/>\n<meta property=\"article:publisher\" content=\"https:\/\/www.facebook.com\/mgaproaudio\/\" \/>\n<meta property=\"article:modified_time\" content=\"2025-11-14T19:46:58+00:00\" \/>\n<meta property=\"og:image\" content=\"https:\/\/mgaproaudio.com.br\/wp-content\/uploads\/2019\/11\/UC-8.png\" \/>\n\t<meta property=\"og:image:width\" content=\"1000\" \/>\n\t<meta property=\"og:image:height\" content=\"1000\" \/>\n\t<meta property=\"og:image:type\" content=\"image\/png\" \/>\n<meta name=\"twitter:card\" content=\"summary_large_image\" \/>\n<meta name=\"twitter:label1\" content=\"Price\" \/>\n\t<meta name=\"twitter:data1\" content=\"\" \/>\n\t<meta name=\"twitter:label2\" content=\"Availability\" \/>\n\t<meta name=\"twitter:data2\" content=\"In stock\" \/>\n<script type=\"application\/ld+json\" class=\"yoast-schema-graph\">{\"@context\":\"https:\/\/schema.org\",\"@graph\":[{\"@type\":\"WebPage\",\"@id\":\"https:\/\/mgaproaudio.com.br\/en\/produto\/uc-8\/\",\"url\":\"https:\/\/mgaproaudio.com.br\/en\/produto\/uc-8\/\",\"name\":\"UC-8 - MGA Pro Audio\",\"isPartOf\":{\"@id\":\"https:\/\/mgaproaudio.com.br\/en\/#website\"},\"primaryImageOfPage\":{\"@id\":\"https:\/\/mgaproaudio.com.br\/en\/produto\/uc-8\/#primaryimage\"},\"image\":{\"@id\":\"https:\/\/mgaproaudio.com.br\/en\/produto\/uc-8\/#primaryimage\"},\"thumbnailUrl\":\"https:\/\/mgaproaudio.com.br\/wp-content\/uploads\/2019\/11\/UC-8.png\",\"datePublished\":\"2019-11-06T14:46:33+00:00\",\"dateModified\":\"2025-11-14T19:46:58+00:00\",\"description\":\"O Combinador MGA Pro Audio UC 8 \u00e9 a solu\u00e7\u00e3o definitiva para combinar sinais de at\u00e9 oito transmissores de monitor sem fio.\",\"breadcrumb\":{\"@id\":\"https:\/\/mgaproaudio.com.br\/en\/produto\/uc-8\/#breadcrumb\"},\"inLanguage\":\"en-US\",\"potentialAction\":[{\"@type\":\"ReadAction\",\"target\":[\"https:\/\/mgaproaudio.com.br\/en\/produto\/uc-8\/\"]}]},{\"@type\":\"ImageObject\",\"inLanguage\":\"en-US\",\"@id\":\"https:\/\/mgaproaudio.com.br\/en\/produto\/uc-8\/#primaryimage\",\"url\":\"https:\/\/mgaproaudio.com.br\/wp-content\/uploads\/2019\/11\/UC-8.png\",\"contentUrl\":\"https:\/\/mgaproaudio.com.br\/wp-content\/uploads\/2019\/11\/UC-8.png\",\"width\":1000,\"height\":1000,\"caption\":\"UC-8\"},{\"@type\":\"BreadcrumbList\",\"@id\":\"https:\/\/mgaproaudio.com.br\/en\/produto\/uc-8\/#breadcrumb\",\"itemListElement\":[{\"@type\":\"ListItem\",\"position\":1,\"name\":\"\u00cdnicio\",\"item\":\"https:\/\/mgaproaudio.com.br\/en\/\"},{\"@type\":\"ListItem\",\"position\":2,\"name\":\"Products\",\"item\":\"https:\/\/mgaproaudio.com.br\/en\/products\/\"},{\"@type\":\"ListItem\",\"position\":3,\"name\":\"Combinators\",\"item\":\"https:\/\/mgaproaudio.com.br\/en\/categoria-produto\/combinators\/\"},{\"@type\":\"ListItem\",\"position\":4,\"name\":\"UC-8\"}]},{\"@type\":\"WebSite\",\"@id\":\"https:\/\/mgaproaudio.com.br\/en\/#website\",\"url\":\"https:\/\/mgaproaudio.com.br\/en\/\",\"name\":\"MGA Pro Audio\",\"description\":\"\u00c1udio profissional e RF\",\"publisher\":{\"@id\":\"https:\/\/mgaproaudio.com.br\/en\/#organization\"},\"potentialAction\":[{\"@type\":\"SearchAction\",\"target\":{\"@type\":\"EntryPoint\",\"urlTemplate\":\"https:\/\/mgaproaudio.com.br\/en\/?s={search_term_string}\"},\"query-input\":\"required name=search_term_string\"}],\"inLanguage\":\"en-US\"},{\"@type\":\"Organization\",\"@id\":\"https:\/\/mgaproaudio.com.br\/en\/#organization\",\"name\":\"MGA Pro Audio\",\"url\":\"https:\/\/mgaproaudio.com.br\/en\/\",\"logo\":{\"@type\":\"ImageObject\",\"inLanguage\":\"en-US\",\"@id\":\"https:\/\/mgaproaudio.com.br\/en\/#\/schema\/logo\/image\/\",\"url\":\"https:\/\/webapp408006.ip-45-33-113-122.cloudezapp.io\/wp-content\/uploads\/2019\/11\/icone-mga.png\",\"contentUrl\":\"https:\/\/webapp408006.ip-45-33-113-122.cloudezapp.io\/wp-content\/uploads\/2019\/11\/icone-mga.png\",\"width\":512,\"height\":512,\"caption\":\"MGA Pro Audio\"},\"image\":{\"@id\":\"https:\/\/mgaproaudio.com.br\/en\/#\/schema\/logo\/image\/\"},\"sameAs\":[\"https:\/\/www.facebook.com\/mgaproaudio\/\",\"https:\/\/www.instagram.com\/mgaproaudio\/\"]}]}<\/script>\n<meta property=\"product:price:amount\" content=\"0.00\" \/>\n<meta property=\"product:price:currency\" content=\"BRL\" \/>\n<meta property=\"og:availability\" content=\"instock\" \/>\n<meta property=\"product:availability\" content=\"instock\" \/>\n<meta property=\"product:condition\" content=\"new\" \/>\n<!-- \/ Yoast SEO Premium plugin. -->","yoast_head_json":{"title":"UC-8 - MGA Pro Audio","description":"O Combinador MGA Pro Audio UC 8 \u00e9 a solu\u00e7\u00e3o definitiva para combinar sinais de at\u00e9 oito transmissores de monitor sem fio.","robots":{"index":"index","follow":"follow","max-snippet":"max-snippet:-1","max-image-preview":"max-image-preview:large","max-video-preview":"max-video-preview:-1"},"canonical":"https:\/\/mgaproaudio.com.br\/en\/produto\/uc-8\/","og_locale":"en_US","og_type":"article","og_title":"UC-8","og_description":"O Combinador MGA Pro Audio UC 8 \u00e9 a solu\u00e7\u00e3o definitiva para combinar sinais de at\u00e9 oito transmissores de monitor sem fio.","og_url":"https:\/\/mgaproaudio.com.br\/en\/produto\/uc-8\/","og_site_name":"MGA Pro Audio","article_publisher":"https:\/\/www.facebook.com\/mgaproaudio\/","article_modified_time":"2025-11-14T19:46:58+00:00","og_image":[{"width":1000,"height":1000,"url":"https:\/\/mgaproaudio.com.br\/wp-content\/uploads\/2019\/11\/UC-8.png","type":"image\/png"}],"twitter_card":"summary_large_image","twitter_misc":{"Price":"","Availability":"In stock"},"schema":{"@context":"https:\/\/schema.org","@graph":[{"@type":"WebPage","@id":"https:\/\/mgaproaudio.com.br\/en\/produto\/uc-8\/","url":"https:\/\/mgaproaudio.com.br\/en\/produto\/uc-8\/","name":"UC-8 - MGA Pro Audio","isPartOf":{"@id":"https:\/\/mgaproaudio.com.br\/en\/#website"},"primaryImageOfPage":{"@id":"https:\/\/mgaproaudio.com.br\/en\/produto\/uc-8\/#primaryimage"},"image":{"@id":"https:\/\/mgaproaudio.com.br\/en\/produto\/uc-8\/#primaryimage"},"thumbnailUrl":"https:\/\/mgaproaudio.com.br\/wp-content\/uploads\/2019\/11\/UC-8.png","datePublished":"2019-11-06T14:46:33+00:00","dateModified":"2025-11-14T19:46:58+00:00","description":"O Combinador MGA Pro Audio UC 8 \u00e9 a solu\u00e7\u00e3o definitiva para combinar sinais de at\u00e9 oito transmissores de monitor sem fio.","breadcrumb":{"@id":"https:\/\/mgaproaudio.com.br\/en\/produto\/uc-8\/#breadcrumb"},"inLanguage":"en-US","potentialAction":[{"@type":"ReadAction","target":["https:\/\/mgaproaudio.com.br\/en\/produto\/uc-8\/"]}]},{"@type":"ImageObject","inLanguage":"en-US","@id":"https:\/\/mgaproaudio.com.br\/en\/produto\/uc-8\/#primaryimage","url":"https:\/\/mgaproaudio.com.br\/wp-content\/uploads\/2019\/11\/UC-8.png","contentUrl":"https:\/\/mgaproaudio.com.br\/wp-content\/uploads\/2019\/11\/UC-8.png","width":1000,"height":1000,"caption":"UC-8"},{"@type":"BreadcrumbList","@id":"https:\/\/mgaproaudio.com.br\/en\/produto\/uc-8\/#breadcrumb","itemListElement":[{"@type":"ListItem","position":1,"name":"\u00cdnicio","item":"https:\/\/mgaproaudio.com.br\/en\/"},{"@type":"ListItem","position":2,"name":"Products","item":"https:\/\/mgaproaudio.com.br\/en\/products\/"},{"@type":"ListItem","position":3,"name":"Combinators","item":"https:\/\/mgaproaudio.com.br\/en\/categoria-produto\/combinators\/"},{"@type":"ListItem","position":4,"name":"UC-8"}]},{"@type":"WebSite","@id":"https:\/\/mgaproaudio.com.br\/en\/#website","url":"https:\/\/mgaproaudio.com.br\/en\/","name":"MGA Pro Audio","description":"\u00c1udio profissional e RF","publisher":{"@id":"https:\/\/mgaproaudio.com.br\/en\/#organization"},"potentialAction":[{"@type":"SearchAction","target":{"@type":"EntryPoint","urlTemplate":"https:\/\/mgaproaudio.com.br\/en\/?s={search_term_string}"},"query-input":"required name=search_term_string"}],"inLanguage":"en-US"},{"@type":"Organization","@id":"https:\/\/mgaproaudio.com.br\/en\/#organization","name":"MGA Pro Audio","url":"https:\/\/mgaproaudio.com.br\/en\/","logo":{"@type":"ImageObject","inLanguage":"en-US","@id":"https:\/\/mgaproaudio.com.br\/en\/#\/schema\/logo\/image\/","url":"https:\/\/webapp408006.ip-45-33-113-122.cloudezapp.io\/wp-content\/uploads\/2019\/11\/icone-mga.png","contentUrl":"https:\/\/webapp408006.ip-45-33-113-122.cloudezapp.io\/wp-content\/uploads\/2019\/11\/icone-mga.png","width":512,"height":512,"caption":"MGA Pro Audio"},"image":{"@id":"https:\/\/mgaproaudio.com.br\/en\/#\/schema\/logo\/image\/"},"sameAs":["https:\/\/www.facebook.com\/mgaproaudio\/","https:\/\/www.instagram.com\/mgaproaudio\/"]}]},"product_price_amount":"0.00","product_price_currency":"BRL","og_availability":"instock","product_availability":"instock","product_condition":"new"},"_links":{"self":[{"href":"https:\/\/mgaproaudio.com.br\/en\/wp-json\/wp\/v2\/product\/1472","targetHints":{"allow":["GET"]}}],"collection":[{"href":"https:\/\/mgaproaudio.com.br\/en\/wp-json\/wp\/v2\/product"}],"about":[{"href":"https:\/\/mgaproaudio.com.br\/en\/wp-json\/wp\/v2\/types\/product"}],"wp:featuredmedia":[{"embeddable":true,"href":"https:\/\/mgaproaudio.com.br\/en\/wp-json\/wp\/v2\/media\/1469"}],"wp:attachment":[{"href":"https:\/\/mgaproaudio.com.br\/en\/wp-json\/wp\/v2\/media?parent=1472"}],"wp:term":[{"taxonomy":"product_cat","embeddable":true,"href":"https:\/\/mgaproaudio.com.br\/en\/wp-json\/wp\/v2\/product_cat?post=1472"},{"taxonomy":"product_tag","embeddable":true,"href":"https:\/\/mgaproaudio.com.br\/en\/wp-json\/wp\/v2\/product_tag?post=1472"}],"curies":[{"name":"wp","href":"https:\/\/api.w.org\/{rel}","templated":true}]}}