{"id":1487,"date":"2019-11-06T11:17:14","date_gmt":"2019-11-06T14:17:14","guid":{"rendered":"https:\/\/webapp408006.ip-45-33-113-122.cloudezapp.io\/produto\/us-5-distribuidor\/"},"modified":"2025-11-14T17:05:14","modified_gmt":"2025-11-14T20:05:14","slug":"us-5-distribuidor","status":"publish","type":"product","link":"https:\/\/mgaproaudio.com.br\/en\/produto\/us-5-distribuidor\/","title":{"rendered":"US-5 Distribuidor"},"content":{"rendered":"<div style=\"display: none;\">\n<p>O US-5 Distribuidor \u00e9 um componente essencial para sistemas de microfones sem fio, oferecendo recursos avan\u00e7ados para garantir uma distribui\u00e7\u00e3o eficiente do sinal RF. Equipado com uma sa\u00edda true diversity em cascata, o US-5 permite a conex\u00e3o de outros distribuidores, totalizando 5 sa\u00eddas true diversity, o que proporciona uma distribui\u00e7\u00e3o precisa e confi\u00e1vel do sinal para at\u00e9 4 receptores.Desenvolvido para atender \u00e0s necessidades das linhas profissionais de microfones sem fio, o US-5 Distribuidor \u00e9 compat\u00edvel com qualquer marca e modelo de receptor, garantindo uma integra\u00e7\u00e3o perfeita em sistemas existentes. Sua fonte de alimenta\u00e7\u00e3o interna fornece 3.000mA de corrente, assegurando uma opera\u00e7\u00e3o est\u00e1vel e confi\u00e1vel em diversas situa\u00e7\u00f5es.  <\/p>\n<p>Al\u00e9m disso, o modelo US-5 Distribuidor vem equipado com uma unidade de rack, reduzindo a interfer\u00eancia e oferecendo uma solu\u00e7\u00e3o compacta e conveniente para instala\u00e7\u00f5es profissionais. O US-5 Distribuidor inclui tamb\u00e9m 10 cabos BNC\/BNC de 50cm (RF 5005), 2 cabos duplos com 3 conectores P4 2.1mm cada, e 2 cabos duplos com 2 conectores P4 1.8mm e um conector P4 2.1mm, proporcionando uma conectividade vers\u00e1til e adapt\u00e1vel \u00e0s diferentes configura\u00e7\u00f5es de sistema. <\/p>\n<p>Com sua tecnologia avan\u00e7ada e design robusto, o distribuidor US-5 Distribuidor \u00e9 a escolha ideal para quem busca uma distribui\u00e7\u00e3o eficiente e confi\u00e1vel do sinal RF em sistemas sem fio.<\/p>\n<\/div>\n<table cellspacing=\"0\" cellpadding=\"0\">\n<tbody>\n<tr>\n<td colspan=\"2\"><b>US-5<\/b><\/td>\n<\/tr>\n<tr>\n<td><\/td>\n<td><\/td>\n<\/tr>\n<tr>\n<td>FREQUENCY RANGE<\/td>\n<td>470 ~ 698 MHz<\/td>\n<\/tr>\n<tr>\n<td>OUTPUT GAIN<\/td>\n<td>+1 dB (\u00b1 1 dB) AVERAGE<\/td>\n<\/tr>\n<tr>\n<td>CASCADE GAIN<\/td>\n<td>+0.5 dB (\u00b1 1 dB) AVERAGE<\/td>\n<\/tr>\n<tr>\n<td>INPUT IMPEDANCE<\/td>\n<td>50 \u03a9<\/td>\n<\/tr>\n<tr>\n<td>OUTPUT IMPEDANCE<\/td>\n<td>50 \u03a9<\/td>\n<\/tr>\n<tr>\n<td>THIRD-ORDER INTERCEPT POINT<\/td>\n<td>32 dBm @ 470 MHz<br \/>31 dBm @ 952 MHz<\/td>\n<\/tr>\n<tr>\n<td>BOOSTER POWER SUPPLY<\/td>\n<td>12 VDC ~ 13 VDC 250 mA<\/td>\n<\/tr>\n<tr>\n<td>DC FEEDBACK PROTECTION AT OUTPUTS<\/td>\n<td>25 VDC<\/td>\n<\/tr>\n<tr>\n<td>P4 OUTPUTS VDC VOLTAGE<\/td>\n<td>12 VDC ~ 13 VDC 2,600 mA<\/td>\n<\/tr>\n<tr>\n<td>OPERATING VOLTAGE<\/td>\n<td>100 ~ 240 VAC (Automatic)<\/td>\n<\/tr>\n<tr>\n<td>VAC CONSUMPTION<\/td>\n<td>600 mA<\/td>\n<\/tr>\n<\/tbody>\n<\/table>\n","protected":false},"excerpt":{"rendered":"<p>Equipped with a cascadeable True Diversity output, it allows the connection of other distributors, for a total of 5 True Diversity outputs. It provides 3,000mA of current to power up to 4 receivers. Designed to meet the professional wireless microphone line requirements, it is compatible with any brand and model of receiver.<\/p>\n<p><strong style=\"font-size: 18px;\">RECURSOS:<\/strong><\/p>\n<ul>\n<li>Reduces interference;<\/li>\n<li>1 rack unit;;<\/li>\n<li>Compatible with all manufacturers;<\/li>\n<li>Distributes power.<\/li>\n<li>5 True Diversity outputs<\/li>\n<li>Internal power supply<\/li>\n<\/ul>\n<p><strong style=\"font-size: 18px;\">The US-5 model comes equipped with:<\/strong><\/p>\n<ul>\n<li><strong>10 50cm BNC\/BNC cables (RF 5005);<\/strong><\/li>\n<li><strong>2 dual cables with 3 2.1mm P4 connectors each;<\/strong><\/li>\n<li><strong>2 dual cables with 2 1.8mm P4 connectors and one 2.1mm P4 connector.<\/strong><\/li>\n<\/ul>\n<p><strong>What is a distributor?<\/strong><\/p>\n<p><strong>Distributors are devices dedicated to distributing the RF signal <\/strong><br \/>\n<strong>dto wireless system receivers.<\/strong><\/p>\n<p><strong>The distributor receives the signal captured by the antennas, passes it through a filter, amplifies, and distributes the signal. During this filtering and distribution process, there is a loss. The internal amplifier compensates for this loss, allowing multiple receivers to share a single pair of antennas without signal loss.<br \/>\nAll enclosure parts receive a chemical zinc treatment, including painted parts. We follow international standards that are free of environmentally harmful heavy metals.<\/strong><\/p>\n","protected":false},"featured_media":1482,"template":"","meta":[],"product_cat":[75],"product_tag":[],"class_list":["post-1487","product","type-product","status-publish","has-post-thumbnail","hentry","product_cat-distributors"],"yoast_head":"<!-- This site is optimized with the Yoast SEO Premium plugin v22.6 (Yoast SEO v22.7) - https:\/\/yoast.com\/wordpress\/plugins\/seo\/ -->\n<title>US-5 Distribuidor - MGA Pro Audio<\/title>\n<meta name=\"description\" content=\"O distribuidor US-5 \u00e9 uma pe\u00e7a fundamental para sistemas de microfones sem fio, oferecendo recursos avan\u00e7ados para uma distribui\u00e7\u00e3o eficiente do sinal\" \/>\n<meta name=\"robots\" content=\"index, follow, max-snippet:-1, max-image-preview:large, max-video-preview:-1\" \/>\n<link rel=\"canonical\" href=\"https:\/\/mgaproaudio.com.br\/en\/produto\/us-5-distribuidor\/\" \/>\n<meta property=\"og:locale\" content=\"en_US\" \/>\n<meta property=\"og:type\" content=\"article\" \/>\n<meta property=\"og:title\" content=\"US-5 Distribuidor\" \/>\n<meta property=\"og:description\" content=\"O distribuidor US-5 \u00e9 uma pe\u00e7a fundamental para sistemas de microfones sem fio, oferecendo recursos avan\u00e7ados para uma distribui\u00e7\u00e3o eficiente do sinal\" \/>\n<meta property=\"og:url\" content=\"https:\/\/mgaproaudio.com.br\/en\/produto\/us-5-distribuidor\/\" \/>\n<meta property=\"og:site_name\" content=\"MGA Pro Audio\" \/>\n<meta property=\"article:publisher\" content=\"https:\/\/www.facebook.com\/mgaproaudio\/\" \/>\n<meta property=\"article:modified_time\" content=\"2025-11-14T20:05:14+00:00\" \/>\n<meta property=\"og:image\" content=\"https:\/\/mgaproaudio.com.br\/wp-content\/uploads\/2019\/11\/US5_1.png\" \/>\n\t<meta property=\"og:image:width\" content=\"1204\" \/>\n\t<meta property=\"og:image:height\" content=\"683\" \/>\n\t<meta property=\"og:image:type\" content=\"image\/png\" \/>\n<meta name=\"twitter:card\" content=\"summary_large_image\" \/>\n<meta name=\"twitter:label1\" content=\"Price\" \/>\n\t<meta name=\"twitter:data1\" content=\"\" \/>\n\t<meta name=\"twitter:label2\" content=\"Availability\" \/>\n\t<meta name=\"twitter:data2\" content=\"In stock\" \/>\n<script type=\"application\/ld+json\" class=\"yoast-schema-graph\">{\"@context\":\"https:\/\/schema.org\",\"@graph\":[{\"@type\":\"WebPage\",\"@id\":\"https:\/\/mgaproaudio.com.br\/en\/produto\/us-5-distribuidor\/\",\"url\":\"https:\/\/mgaproaudio.com.br\/en\/produto\/us-5-distribuidor\/\",\"name\":\"US-5 Distribuidor - MGA Pro Audio\",\"isPartOf\":{\"@id\":\"https:\/\/mgaproaudio.com.br\/en\/#website\"},\"primaryImageOfPage\":{\"@id\":\"https:\/\/mgaproaudio.com.br\/en\/produto\/us-5-distribuidor\/#primaryimage\"},\"image\":{\"@id\":\"https:\/\/mgaproaudio.com.br\/en\/produto\/us-5-distribuidor\/#primaryimage\"},\"thumbnailUrl\":\"https:\/\/mgaproaudio.com.br\/wp-content\/uploads\/2019\/11\/US5_1.png\",\"datePublished\":\"2019-11-06T14:17:14+00:00\",\"dateModified\":\"2025-11-14T20:05:14+00:00\",\"description\":\"O distribuidor US-5 \u00e9 uma pe\u00e7a fundamental para sistemas de microfones sem fio, oferecendo recursos avan\u00e7ados para uma distribui\u00e7\u00e3o eficiente do sinal\",\"breadcrumb\":{\"@id\":\"https:\/\/mgaproaudio.com.br\/en\/produto\/us-5-distribuidor\/#breadcrumb\"},\"inLanguage\":\"en-US\",\"potentialAction\":[{\"@type\":\"ReadAction\",\"target\":[\"https:\/\/mgaproaudio.com.br\/en\/produto\/us-5-distribuidor\/\"]}]},{\"@type\":\"ImageObject\",\"inLanguage\":\"en-US\",\"@id\":\"https:\/\/mgaproaudio.com.br\/en\/produto\/us-5-distribuidor\/#primaryimage\",\"url\":\"https:\/\/mgaproaudio.com.br\/wp-content\/uploads\/2019\/11\/US5_1.png\",\"contentUrl\":\"https:\/\/mgaproaudio.com.br\/wp-content\/uploads\/2019\/11\/US5_1.png\",\"width\":1204,\"height\":683,\"caption\":\"US-5 Distribuidor\"},{\"@type\":\"BreadcrumbList\",\"@id\":\"https:\/\/mgaproaudio.com.br\/en\/produto\/us-5-distribuidor\/#breadcrumb\",\"itemListElement\":[{\"@type\":\"ListItem\",\"position\":1,\"name\":\"\u00cdnicio\",\"item\":\"https:\/\/mgaproaudio.com.br\/en\/\"},{\"@type\":\"ListItem\",\"position\":2,\"name\":\"Products\",\"item\":\"https:\/\/mgaproaudio.com.br\/en\/products\/\"},{\"@type\":\"ListItem\",\"position\":3,\"name\":\"Distributors\",\"item\":\"https:\/\/mgaproaudio.com.br\/en\/categoria-produto\/distributors\/\"},{\"@type\":\"ListItem\",\"position\":4,\"name\":\"US-5 Distribuidor\"}]},{\"@type\":\"WebSite\",\"@id\":\"https:\/\/mgaproaudio.com.br\/en\/#website\",\"url\":\"https:\/\/mgaproaudio.com.br\/en\/\",\"name\":\"MGA Pro Audio\",\"description\":\"\u00c1udio profissional e RF\",\"publisher\":{\"@id\":\"https:\/\/mgaproaudio.com.br\/en\/#organization\"},\"potentialAction\":[{\"@type\":\"SearchAction\",\"target\":{\"@type\":\"EntryPoint\",\"urlTemplate\":\"https:\/\/mgaproaudio.com.br\/en\/?s={search_term_string}\"},\"query-input\":\"required name=search_term_string\"}],\"inLanguage\":\"en-US\"},{\"@type\":\"Organization\",\"@id\":\"https:\/\/mgaproaudio.com.br\/en\/#organization\",\"name\":\"MGA Pro Audio\",\"url\":\"https:\/\/mgaproaudio.com.br\/en\/\",\"logo\":{\"@type\":\"ImageObject\",\"inLanguage\":\"en-US\",\"@id\":\"https:\/\/mgaproaudio.com.br\/en\/#\/schema\/logo\/image\/\",\"url\":\"https:\/\/webapp408006.ip-45-33-113-122.cloudezapp.io\/wp-content\/uploads\/2019\/11\/icone-mga.png\",\"contentUrl\":\"https:\/\/webapp408006.ip-45-33-113-122.cloudezapp.io\/wp-content\/uploads\/2019\/11\/icone-mga.png\",\"width\":512,\"height\":512,\"caption\":\"MGA Pro Audio\"},\"image\":{\"@id\":\"https:\/\/mgaproaudio.com.br\/en\/#\/schema\/logo\/image\/\"},\"sameAs\":[\"https:\/\/www.facebook.com\/mgaproaudio\/\",\"https:\/\/www.instagram.com\/mgaproaudio\/\"]}]}<\/script>\n<meta property=\"product:price:amount\" content=\"0.00\" \/>\n<meta property=\"product:price:currency\" content=\"BRL\" \/>\n<meta property=\"og:availability\" content=\"instock\" \/>\n<meta property=\"product:availability\" content=\"instock\" \/>\n<meta property=\"product:condition\" content=\"new\" \/>\n<!-- \/ Yoast SEO Premium plugin. -->","yoast_head_json":{"title":"US-5 Distribuidor - MGA Pro Audio","description":"O distribuidor US-5 \u00e9 uma pe\u00e7a fundamental para sistemas de microfones sem fio, oferecendo recursos avan\u00e7ados para uma distribui\u00e7\u00e3o eficiente do sinal","robots":{"index":"index","follow":"follow","max-snippet":"max-snippet:-1","max-image-preview":"max-image-preview:large","max-video-preview":"max-video-preview:-1"},"canonical":"https:\/\/mgaproaudio.com.br\/en\/produto\/us-5-distribuidor\/","og_locale":"en_US","og_type":"article","og_title":"US-5 Distribuidor","og_description":"O distribuidor US-5 \u00e9 uma pe\u00e7a fundamental para sistemas de microfones sem fio, oferecendo recursos avan\u00e7ados para uma distribui\u00e7\u00e3o eficiente do sinal","og_url":"https:\/\/mgaproaudio.com.br\/en\/produto\/us-5-distribuidor\/","og_site_name":"MGA Pro Audio","article_publisher":"https:\/\/www.facebook.com\/mgaproaudio\/","article_modified_time":"2025-11-14T20:05:14+00:00","og_image":[{"width":1204,"height":683,"url":"https:\/\/mgaproaudio.com.br\/wp-content\/uploads\/2019\/11\/US5_1.png","type":"image\/png"}],"twitter_card":"summary_large_image","twitter_misc":{"Price":"","Availability":"In stock"},"schema":{"@context":"https:\/\/schema.org","@graph":[{"@type":"WebPage","@id":"https:\/\/mgaproaudio.com.br\/en\/produto\/us-5-distribuidor\/","url":"https:\/\/mgaproaudio.com.br\/en\/produto\/us-5-distribuidor\/","name":"US-5 Distribuidor - MGA Pro Audio","isPartOf":{"@id":"https:\/\/mgaproaudio.com.br\/en\/#website"},"primaryImageOfPage":{"@id":"https:\/\/mgaproaudio.com.br\/en\/produto\/us-5-distribuidor\/#primaryimage"},"image":{"@id":"https:\/\/mgaproaudio.com.br\/en\/produto\/us-5-distribuidor\/#primaryimage"},"thumbnailUrl":"https:\/\/mgaproaudio.com.br\/wp-content\/uploads\/2019\/11\/US5_1.png","datePublished":"2019-11-06T14:17:14+00:00","dateModified":"2025-11-14T20:05:14+00:00","description":"O distribuidor US-5 \u00e9 uma pe\u00e7a fundamental para sistemas de microfones sem fio, oferecendo recursos avan\u00e7ados para uma distribui\u00e7\u00e3o eficiente do sinal","breadcrumb":{"@id":"https:\/\/mgaproaudio.com.br\/en\/produto\/us-5-distribuidor\/#breadcrumb"},"inLanguage":"en-US","potentialAction":[{"@type":"ReadAction","target":["https:\/\/mgaproaudio.com.br\/en\/produto\/us-5-distribuidor\/"]}]},{"@type":"ImageObject","inLanguage":"en-US","@id":"https:\/\/mgaproaudio.com.br\/en\/produto\/us-5-distribuidor\/#primaryimage","url":"https:\/\/mgaproaudio.com.br\/wp-content\/uploads\/2019\/11\/US5_1.png","contentUrl":"https:\/\/mgaproaudio.com.br\/wp-content\/uploads\/2019\/11\/US5_1.png","width":1204,"height":683,"caption":"US-5 Distribuidor"},{"@type":"BreadcrumbList","@id":"https:\/\/mgaproaudio.com.br\/en\/produto\/us-5-distribuidor\/#breadcrumb","itemListElement":[{"@type":"ListItem","position":1,"name":"\u00cdnicio","item":"https:\/\/mgaproaudio.com.br\/en\/"},{"@type":"ListItem","position":2,"name":"Products","item":"https:\/\/mgaproaudio.com.br\/en\/products\/"},{"@type":"ListItem","position":3,"name":"Distributors","item":"https:\/\/mgaproaudio.com.br\/en\/categoria-produto\/distributors\/"},{"@type":"ListItem","position":4,"name":"US-5 Distribuidor"}]},{"@type":"WebSite","@id":"https:\/\/mgaproaudio.com.br\/en\/#website","url":"https:\/\/mgaproaudio.com.br\/en\/","name":"MGA Pro Audio","description":"\u00c1udio profissional e RF","publisher":{"@id":"https:\/\/mgaproaudio.com.br\/en\/#organization"},"potentialAction":[{"@type":"SearchAction","target":{"@type":"EntryPoint","urlTemplate":"https:\/\/mgaproaudio.com.br\/en\/?s={search_term_string}"},"query-input":"required name=search_term_string"}],"inLanguage":"en-US"},{"@type":"Organization","@id":"https:\/\/mgaproaudio.com.br\/en\/#organization","name":"MGA Pro Audio","url":"https:\/\/mgaproaudio.com.br\/en\/","logo":{"@type":"ImageObject","inLanguage":"en-US","@id":"https:\/\/mgaproaudio.com.br\/en\/#\/schema\/logo\/image\/","url":"https:\/\/webapp408006.ip-45-33-113-122.cloudezapp.io\/wp-content\/uploads\/2019\/11\/icone-mga.png","contentUrl":"https:\/\/webapp408006.ip-45-33-113-122.cloudezapp.io\/wp-content\/uploads\/2019\/11\/icone-mga.png","width":512,"height":512,"caption":"MGA Pro Audio"},"image":{"@id":"https:\/\/mgaproaudio.com.br\/en\/#\/schema\/logo\/image\/"},"sameAs":["https:\/\/www.facebook.com\/mgaproaudio\/","https:\/\/www.instagram.com\/mgaproaudio\/"]}]},"product_price_amount":"0.00","product_price_currency":"BRL","og_availability":"instock","product_availability":"instock","product_condition":"new"},"_links":{"self":[{"href":"https:\/\/mgaproaudio.com.br\/en\/wp-json\/wp\/v2\/product\/1487","targetHints":{"allow":["GET"]}}],"collection":[{"href":"https:\/\/mgaproaudio.com.br\/en\/wp-json\/wp\/v2\/product"}],"about":[{"href":"https:\/\/mgaproaudio.com.br\/en\/wp-json\/wp\/v2\/types\/product"}],"wp:featuredmedia":[{"embeddable":true,"href":"https:\/\/mgaproaudio.com.br\/en\/wp-json\/wp\/v2\/media\/1482"}],"wp:attachment":[{"href":"https:\/\/mgaproaudio.com.br\/en\/wp-json\/wp\/v2\/media?parent=1487"}],"wp:term":[{"taxonomy":"product_cat","embeddable":true,"href":"https:\/\/mgaproaudio.com.br\/en\/wp-json\/wp\/v2\/product_cat?post=1487"},{"taxonomy":"product_tag","embeddable":true,"href":"https:\/\/mgaproaudio.com.br\/en\/wp-json\/wp\/v2\/product_tag?post=1487"}],"curies":[{"name":"wp","href":"https:\/\/api.w.org\/{rel}","templated":true}]}}