{"id":1238,"date":"2019-11-06T11:45:13","date_gmt":"2019-11-06T14:45:13","guid":{"rendered":"http:\/\/webapp408006.ip-45-33-113-122.cloudezapp.io\/produto\/a-1b\/"},"modified":"2025-11-13T13:28:04","modified_gmt":"2025-11-13T16:28:04","slug":"a-1b","status":"publish","type":"product","link":"https:\/\/mgaproaudio.com.br\/es\/produto\/a-1b\/","title":{"rendered":"A-1B"},"content":{"rendered":"<div style=\"display: none;\">\n<p>A antena direcional passiva A-1B da MGA Pro \u00c1udio \u00e9 uma escolha excepcional para transmissores e receptores, oferecendo um ganho de 6,5 dBi para uma recep\u00e7\u00e3o precisa e confi\u00e1vel. Utilizando um arranjo dipolo log peri\u00f3dico, a A-1B proporciona uma maior rejei\u00e7\u00e3o de sinais fora do eixo de cobertura, garantindo uma comunica\u00e7\u00e3o sem interfer\u00eancias em ambientes desafiadores. <\/p>\n<p>Com uma ampla faixa de frequ\u00eancia de 450 a 960 MHz, a antena A-1B \u00e9 altamente vers\u00e1til e adequada para uma variedade de aplica\u00e7\u00f5es de comunica\u00e7\u00e3o sem fio. Seja em eventos ao vivo, produ\u00e7\u00f5es de \u00e1udio ou instala\u00e7\u00f5es de \u00e1udiovisuais, esta antena oferece um desempenho excepcional em todas as situa\u00e7\u00f5es. <\/p>\n<p>Gra\u00e7as ao seu ganho de 6,5 dBi, a antena A-1B proporciona um aumento significativo na intensidade do sinal recebido, melhorando a qualidade e a confiabilidade da comunica\u00e7\u00e3o em todas as circunst\u00e2ncias. Sua constru\u00e7\u00e3o robusta garante durabilidade e resist\u00eancia em ambientes adversos, garantindo uma longa vida \u00fatil e um desempenho consistente ao longo do tempo. <\/p>\n<p>Com a antena direcional A-1B da MGA Pro \u00c1udio, voc\u00ea pode contar com uma recep\u00e7\u00e3o precisa e confi\u00e1vel em todas as suas necessidades de transmiss\u00e3o e recep\u00e7\u00e3o de sinais sem fio.<\/p>\n<\/div>\n<table cellspacing=\"0\" cellpadding=\"0\">\n<tbody>\n<tr>\n<td colspan=\"2\"><b>DIRECCIONAL<\/b><\/td>\n<\/tr>\n<tr>\n<td><\/td>\n<td><\/td>\n<\/tr>\n<tr>\n<td>TIPO DE ANTENA<\/td>\n<td>LOG PERI\u00d3DICA<\/td>\n<\/tr>\n<tr>\n<td>GANANCIA <\/td>\n<td>6,5 dBi<\/td>\n<\/tr>\n<tr>\n<td>IMPEDANCIA <\/td>\n<td>50 \u03a9<\/td>\n<\/tr>\n<tr>\n<td>COBERTURA HORIZONTAL<\/td>\n<td>75\u00b0<\/td>\n<\/tr>\n<tr>\n<td>COBERTURA VERTICAL<\/td>\n<td>40\u00b0<\/td>\n<\/tr>\n<tr>\n<td>RANGO DE FRECUENCIA <\/td>\n<td>450 ~ 960 MHz<\/td>\n<\/tr>\n<tr>\n<td>POTENCIA M\u00c1XIMA<\/td>\n<td>12 WATTS<\/td>\n<\/tr>\n<tr>\n<td>N\u00daMERO DE ELEMENTOS<\/td>\n<td>11<\/td>\n<\/tr>\n<tr>\n<td>RELACI\u00d3N F\/B<\/td>\n<td>14 dB<\/td>\n<\/tr>\n<\/tbody>\n<\/table>\n","protected":false},"excerpt":{"rendered":"<p>Antena direccional pasiva de banda ancha de 450 a 960 MHz con una ganancia de 6,5 dBi para transmisores y receptores.<\/p>\n<p>La antena de audio profesional A1-B MGA utiliza un arreglo dipolar log-peri\u00f3dico que ofrece un excelente rechazo de se\u00f1ales fuera del eje.<\/p>\n","protected":false},"featured_media":1237,"template":"","meta":[],"product_cat":[61],"product_tag":[],"class_list":["post-1238","product","type-product","status-publish","has-post-thumbnail","hentry","product_cat-antenas"],"yoast_head":"<!-- This site is optimized with the Yoast SEO Premium plugin v22.6 (Yoast SEO v22.7) - https:\/\/yoast.com\/wordpress\/plugins\/seo\/ -->\n<title>A-1B - MGA Pro Audio<\/title>\n<meta name=\"description\" content=\"A antena direcional A-1B passiva wideband 450 ~ 960 MHz, com 6,5 dBi de ganho, da MGA Pro \u00c1udio A1-B \u00e9 uma escolha excepcional.\" \/>\n<meta name=\"robots\" content=\"index, follow, max-snippet:-1, max-image-preview:large, max-video-preview:-1\" \/>\n<link rel=\"canonical\" href=\"https:\/\/mgaproaudio.com.br\/es\/produto\/a-1b\/\" \/>\n<meta property=\"og:locale\" content=\"es_ES\" \/>\n<meta property=\"og:type\" content=\"article\" \/>\n<meta property=\"og:title\" content=\"A-1B\" \/>\n<meta property=\"og:description\" content=\"A antena direcional A-1B passiva wideband 450 ~ 960 MHz, com 6,5 dBi de ganho, da MGA Pro \u00c1udio A1-B \u00e9 uma escolha excepcional.\" \/>\n<meta property=\"og:url\" content=\"https:\/\/mgaproaudio.com.br\/es\/produto\/a-1b\/\" \/>\n<meta property=\"og:site_name\" content=\"MGA Pro Audio\" \/>\n<meta property=\"article:publisher\" content=\"https:\/\/www.facebook.com\/mgaproaudio\/\" \/>\n<meta property=\"article:modified_time\" content=\"2025-11-13T16:28:04+00:00\" \/>\n<meta property=\"og:image\" content=\"https:\/\/mgaproaudio.com.br\/wp-content\/uploads\/2019\/11\/A-1-B.png\" \/>\n\t<meta property=\"og:image:width\" content=\"1000\" \/>\n\t<meta property=\"og:image:height\" content=\"1000\" \/>\n\t<meta property=\"og:image:type\" content=\"image\/png\" \/>\n<meta name=\"twitter:card\" content=\"summary_large_image\" \/>\n<meta name=\"twitter:label1\" content=\"Precio\" \/>\n\t<meta name=\"twitter:data1\" content=\"\" \/>\n\t<meta name=\"twitter:label2\" content=\"Disponibilidad\" \/>\n\t<meta name=\"twitter:data2\" content=\"Disponible\" \/>\n<script type=\"application\/ld+json\" class=\"yoast-schema-graph\">{\"@context\":\"https:\/\/schema.org\",\"@graph\":[{\"@type\":\"WebPage\",\"@id\":\"https:\/\/mgaproaudio.com.br\/es\/produto\/a-1b\/\",\"url\":\"https:\/\/mgaproaudio.com.br\/es\/produto\/a-1b\/\",\"name\":\"A-1B - MGA Pro Audio\",\"isPartOf\":{\"@id\":\"https:\/\/mgaproaudio.com.br\/es\/#website\"},\"primaryImageOfPage\":{\"@id\":\"https:\/\/mgaproaudio.com.br\/es\/produto\/a-1b\/#primaryimage\"},\"image\":{\"@id\":\"https:\/\/mgaproaudio.com.br\/es\/produto\/a-1b\/#primaryimage\"},\"thumbnailUrl\":\"https:\/\/mgaproaudio.com.br\/wp-content\/uploads\/2019\/11\/A-1-B.png\",\"datePublished\":\"2019-11-06T14:45:13+00:00\",\"dateModified\":\"2025-11-13T16:28:04+00:00\",\"description\":\"A antena direcional A-1B passiva wideband 450 ~ 960 MHz, com 6,5 dBi de ganho, da MGA Pro \u00c1udio A1-B \u00e9 uma escolha excepcional.\",\"breadcrumb\":{\"@id\":\"https:\/\/mgaproaudio.com.br\/es\/produto\/a-1b\/#breadcrumb\"},\"inLanguage\":\"es\",\"potentialAction\":[{\"@type\":\"ReadAction\",\"target\":[\"https:\/\/mgaproaudio.com.br\/es\/produto\/a-1b\/\"]}]},{\"@type\":\"ImageObject\",\"inLanguage\":\"es\",\"@id\":\"https:\/\/mgaproaudio.com.br\/es\/produto\/a-1b\/#primaryimage\",\"url\":\"https:\/\/mgaproaudio.com.br\/wp-content\/uploads\/2019\/11\/A-1-B.png\",\"contentUrl\":\"https:\/\/mgaproaudio.com.br\/wp-content\/uploads\/2019\/11\/A-1-B.png\",\"width\":1000,\"height\":1000,\"caption\":\"A-1 B\"},{\"@type\":\"BreadcrumbList\",\"@id\":\"https:\/\/mgaproaudio.com.br\/es\/produto\/a-1b\/#breadcrumb\",\"itemListElement\":[{\"@type\":\"ListItem\",\"position\":1,\"name\":\"\u00cdnicio\",\"item\":\"https:\/\/mgaproaudio.com.br\/es\/\"},{\"@type\":\"ListItem\",\"position\":2,\"name\":\"Productos\",\"item\":\"https:\/\/mgaproaudio.com.br\/es\/productos\/\"},{\"@type\":\"ListItem\",\"position\":3,\"name\":\"Antenas\",\"item\":\"https:\/\/mgaproaudio.com.br\/es\/categoria-produto\/antenas\/\"},{\"@type\":\"ListItem\",\"position\":4,\"name\":\"A-1B\"}]},{\"@type\":\"WebSite\",\"@id\":\"https:\/\/mgaproaudio.com.br\/es\/#website\",\"url\":\"https:\/\/mgaproaudio.com.br\/es\/\",\"name\":\"MGA Pro Audio\",\"description\":\"\u00c1udio profissional e RF\",\"publisher\":{\"@id\":\"https:\/\/mgaproaudio.com.br\/es\/#organization\"},\"potentialAction\":[{\"@type\":\"SearchAction\",\"target\":{\"@type\":\"EntryPoint\",\"urlTemplate\":\"https:\/\/mgaproaudio.com.br\/es\/?s={search_term_string}\"},\"query-input\":\"required name=search_term_string\"}],\"inLanguage\":\"es\"},{\"@type\":\"Organization\",\"@id\":\"https:\/\/mgaproaudio.com.br\/es\/#organization\",\"name\":\"MGA Pro Audio\",\"url\":\"https:\/\/mgaproaudio.com.br\/es\/\",\"logo\":{\"@type\":\"ImageObject\",\"inLanguage\":\"es\",\"@id\":\"https:\/\/mgaproaudio.com.br\/es\/#\/schema\/logo\/image\/\",\"url\":\"https:\/\/webapp408006.ip-45-33-113-122.cloudezapp.io\/wp-content\/uploads\/2019\/11\/icone-mga.png\",\"contentUrl\":\"https:\/\/webapp408006.ip-45-33-113-122.cloudezapp.io\/wp-content\/uploads\/2019\/11\/icone-mga.png\",\"width\":512,\"height\":512,\"caption\":\"MGA Pro Audio\"},\"image\":{\"@id\":\"https:\/\/mgaproaudio.com.br\/es\/#\/schema\/logo\/image\/\"},\"sameAs\":[\"https:\/\/www.facebook.com\/mgaproaudio\/\",\"https:\/\/www.instagram.com\/mgaproaudio\/\"]}]}<\/script>\n<meta property=\"product:price:amount\" content=\"0.00\" \/>\n<meta property=\"product:price:currency\" content=\"BRL\" \/>\n<meta property=\"og:availability\" content=\"instock\" \/>\n<meta property=\"product:availability\" content=\"instock\" \/>\n<meta property=\"product:condition\" content=\"new\" \/>\n<!-- \/ Yoast SEO Premium plugin. -->","yoast_head_json":{"title":"A-1B - MGA Pro Audio","description":"A antena direcional A-1B passiva wideband 450 ~ 960 MHz, com 6,5 dBi de ganho, da MGA Pro \u00c1udio A1-B \u00e9 uma escolha excepcional.","robots":{"index":"index","follow":"follow","max-snippet":"max-snippet:-1","max-image-preview":"max-image-preview:large","max-video-preview":"max-video-preview:-1"},"canonical":"https:\/\/mgaproaudio.com.br\/es\/produto\/a-1b\/","og_locale":"es_ES","og_type":"article","og_title":"A-1B","og_description":"A antena direcional A-1B passiva wideband 450 ~ 960 MHz, com 6,5 dBi de ganho, da MGA Pro \u00c1udio A1-B \u00e9 uma escolha excepcional.","og_url":"https:\/\/mgaproaudio.com.br\/es\/produto\/a-1b\/","og_site_name":"MGA Pro Audio","article_publisher":"https:\/\/www.facebook.com\/mgaproaudio\/","article_modified_time":"2025-11-13T16:28:04+00:00","og_image":[{"width":1000,"height":1000,"url":"https:\/\/mgaproaudio.com.br\/wp-content\/uploads\/2019\/11\/A-1-B.png","type":"image\/png"}],"twitter_card":"summary_large_image","twitter_misc":{"Precio":"","Disponibilidad":"Disponible"},"schema":{"@context":"https:\/\/schema.org","@graph":[{"@type":"WebPage","@id":"https:\/\/mgaproaudio.com.br\/es\/produto\/a-1b\/","url":"https:\/\/mgaproaudio.com.br\/es\/produto\/a-1b\/","name":"A-1B - MGA Pro Audio","isPartOf":{"@id":"https:\/\/mgaproaudio.com.br\/es\/#website"},"primaryImageOfPage":{"@id":"https:\/\/mgaproaudio.com.br\/es\/produto\/a-1b\/#primaryimage"},"image":{"@id":"https:\/\/mgaproaudio.com.br\/es\/produto\/a-1b\/#primaryimage"},"thumbnailUrl":"https:\/\/mgaproaudio.com.br\/wp-content\/uploads\/2019\/11\/A-1-B.png","datePublished":"2019-11-06T14:45:13+00:00","dateModified":"2025-11-13T16:28:04+00:00","description":"A antena direcional A-1B passiva wideband 450 ~ 960 MHz, com 6,5 dBi de ganho, da MGA Pro \u00c1udio A1-B \u00e9 uma escolha excepcional.","breadcrumb":{"@id":"https:\/\/mgaproaudio.com.br\/es\/produto\/a-1b\/#breadcrumb"},"inLanguage":"es","potentialAction":[{"@type":"ReadAction","target":["https:\/\/mgaproaudio.com.br\/es\/produto\/a-1b\/"]}]},{"@type":"ImageObject","inLanguage":"es","@id":"https:\/\/mgaproaudio.com.br\/es\/produto\/a-1b\/#primaryimage","url":"https:\/\/mgaproaudio.com.br\/wp-content\/uploads\/2019\/11\/A-1-B.png","contentUrl":"https:\/\/mgaproaudio.com.br\/wp-content\/uploads\/2019\/11\/A-1-B.png","width":1000,"height":1000,"caption":"A-1 B"},{"@type":"BreadcrumbList","@id":"https:\/\/mgaproaudio.com.br\/es\/produto\/a-1b\/#breadcrumb","itemListElement":[{"@type":"ListItem","position":1,"name":"\u00cdnicio","item":"https:\/\/mgaproaudio.com.br\/es\/"},{"@type":"ListItem","position":2,"name":"Productos","item":"https:\/\/mgaproaudio.com.br\/es\/productos\/"},{"@type":"ListItem","position":3,"name":"Antenas","item":"https:\/\/mgaproaudio.com.br\/es\/categoria-produto\/antenas\/"},{"@type":"ListItem","position":4,"name":"A-1B"}]},{"@type":"WebSite","@id":"https:\/\/mgaproaudio.com.br\/es\/#website","url":"https:\/\/mgaproaudio.com.br\/es\/","name":"MGA Pro Audio","description":"\u00c1udio profissional e RF","publisher":{"@id":"https:\/\/mgaproaudio.com.br\/es\/#organization"},"potentialAction":[{"@type":"SearchAction","target":{"@type":"EntryPoint","urlTemplate":"https:\/\/mgaproaudio.com.br\/es\/?s={search_term_string}"},"query-input":"required name=search_term_string"}],"inLanguage":"es"},{"@type":"Organization","@id":"https:\/\/mgaproaudio.com.br\/es\/#organization","name":"MGA Pro Audio","url":"https:\/\/mgaproaudio.com.br\/es\/","logo":{"@type":"ImageObject","inLanguage":"es","@id":"https:\/\/mgaproaudio.com.br\/es\/#\/schema\/logo\/image\/","url":"https:\/\/webapp408006.ip-45-33-113-122.cloudezapp.io\/wp-content\/uploads\/2019\/11\/icone-mga.png","contentUrl":"https:\/\/webapp408006.ip-45-33-113-122.cloudezapp.io\/wp-content\/uploads\/2019\/11\/icone-mga.png","width":512,"height":512,"caption":"MGA Pro Audio"},"image":{"@id":"https:\/\/mgaproaudio.com.br\/es\/#\/schema\/logo\/image\/"},"sameAs":["https:\/\/www.facebook.com\/mgaproaudio\/","https:\/\/www.instagram.com\/mgaproaudio\/"]}]},"product_price_amount":"0.00","product_price_currency":"BRL","og_availability":"instock","product_availability":"instock","product_condition":"new"},"_links":{"self":[{"href":"https:\/\/mgaproaudio.com.br\/es\/wp-json\/wp\/v2\/product\/1238","targetHints":{"allow":["GET"]}}],"collection":[{"href":"https:\/\/mgaproaudio.com.br\/es\/wp-json\/wp\/v2\/product"}],"about":[{"href":"https:\/\/mgaproaudio.com.br\/es\/wp-json\/wp\/v2\/types\/product"}],"wp:featuredmedia":[{"embeddable":true,"href":"https:\/\/mgaproaudio.com.br\/es\/wp-json\/wp\/v2\/media\/1237"}],"wp:attachment":[{"href":"https:\/\/mgaproaudio.com.br\/es\/wp-json\/wp\/v2\/media?parent=1238"}],"wp:term":[{"taxonomy":"product_cat","embeddable":true,"href":"https:\/\/mgaproaudio.com.br\/es\/wp-json\/wp\/v2\/product_cat?post=1238"},{"taxonomy":"product_tag","embeddable":true,"href":"https:\/\/mgaproaudio.com.br\/es\/wp-json\/wp\/v2\/product_tag?post=1238"}],"curies":[{"name":"wp","href":"https:\/\/api.w.org\/{rel}","templated":true}]}}