{"id":1362,"date":"2019-11-06T10:06:27","date_gmt":"2019-11-06T13:06:27","guid":{"rendered":"https:\/\/webapp408006.ip-45-33-113-122.cloudezapp.io\/produto\/rf-2200\/"},"modified":"2025-11-14T11:07:25","modified_gmt":"2025-11-14T14:07:25","slug":"rf-2200","status":"publish","type":"product","link":"https:\/\/mgaproaudio.com.br\/es\/produto\/rf-2200\/","title":{"rendered":"RF 2200"},"content":{"rendered":"<div style=\"display: none;\">\n<p>O cabo MGA da s\u00e9rie RF 2200 \u00e9 uma solu\u00e7\u00e3o de alta qualidade para transmiss\u00e3o de sinais de r\u00e1dio frequ\u00eancia, oferecendo excelente desempenho, durabilidade e versatilidade. Com uma imped\u00e2ncia de 50 ohms, o RF 2200 proporciona uma transfer\u00eancia eficiente de sinais com baixa perda, garantindo uma transmiss\u00e3o confi\u00e1vel em uma variedade de aplica\u00e7\u00f5es. <\/p>\n<p>Com 20 metros de comprimento, o cabo MGA da s\u00e9rie RF 2200 \u00e9 ideal para uso em shows e eventos, onde a robustez e a flexibilidade s\u00e3o essenciais. Sua exclusiva prote\u00e7\u00e3o em nylon e velcro para fixa\u00e7\u00e3o do cabo no pedestal proporciona facilidade de instala\u00e7\u00e3o e seguran\u00e7a adicionais durante o uso. <\/p>\n<p>Desenvolvido para suportar maiores n\u00edveis de tor\u00e7\u00e3o e dobra mec\u00e2nica, o cabo MGA da s\u00e9rie RF 2200 \u00e9 projetado para manter o desempenho e a integridade do sinal mesmo em condi\u00e7\u00f5es adversas. Seu design avan\u00e7ado garante uma resposta linear com baixos n\u00edveis de reflex\u00e3o, proporcionando excelente desempenho, especialmente com sinais digitais. <\/p>\n<p>Em resumo, o cabo MGA da s\u00e9rie RF 2200 oferece uma combina\u00e7\u00e3o excepcional de desempenho, durabilidade e versatilidade, tornando-o a escolha ideal para suas necessidades de transmiss\u00e3o de RF em shows, eventos e instala\u00e7\u00f5es exigentes.<\/p>\n<\/div>\n<table cellspacing=\"0\" cellpadding=\"0\">\n<tbody>\n<tr>\n<td colspan=\"2\"><b>RF 2200<\/b><\/td>\n<\/tr>\n<tr>\n<td><\/td>\n<td><\/td>\n<\/tr>\n<tr>\n<td>TIPO DE CABLE<\/td>\n<td>RG 213 (REFORMULACI\u00d3N EXCLUSIVA DE MGA)<\/td>\n<\/tr>\n<tr>\n<td>ATENUACI\u00d3N<\/td>\n<td>1,54 dB a 450 MHz \u2013 1,93 dB a 650 MHz<\/td>\n<\/tr>\n<tr>\n<td>IMPEDANCIA<\/td>\n<td>50 \u03a9<\/td>\n<\/tr>\n<tr>\n<td>VELOCIDAD DE PROPAGACI\u00d3N<\/td>\n<td>67 %<\/td>\n<\/tr>\n<tr>\n<td>CAPACITANCIA<\/td>\n<td>101 pF\/m<\/td>\n<\/tr>\n<tr>\n<td>FRECUENCIA M\u00c1XIMA DE OPERACI\u00d3N<\/td>\n<td>3 GHz<\/td>\n<\/tr>\n<tr>\n<td>RF \u2013 VOLTAJE DE PICO<\/td>\n<td>3,70 kV (r.m.s)<\/td>\n<\/tr>\n<tr>\n<td>RESISTENCIA DEL CONDUCTOR INTERNO<\/td>\n<td>5,8 \u03a9\/KM<\/td>\n<\/tr>\n<tr>\n<td>RESISTENCIA DEL BLINDAJE<\/td>\n<td>4,1 \u03a9\/KM<\/td>\n<\/tr>\n<\/tbody>\n<\/table>\n","protected":false},"excerpt":{"rendered":"<p>Cable MGA serie RF 2000 de 50 \u03a9, baja p\u00e9rdida y alta flexibilidad<\/p>\n<p>20 metros, con protecci\u00f3n exclusiva de nailon y velcro para fijar el cable al pedestal.<\/p>\n<p>La serie RF2000 fue desarrollada para su uso en ferias y eventos, resistiendo altos niveles de torsi\u00f3n y flexi\u00f3n mec\u00e1nica, a la vez que es la m\u00e1s flexible del mercado. Nuestros cables ofrecen baja p\u00e9rdida en distancia, respuesta lineal con bajos niveles de reflexi\u00f3n y excelentes resultados con se\u00f1ales digitales.<\/p>\n<p>Se someten a un complejo proceso de producci\u00f3n, desde la fabricaci\u00f3n del conductor central, el aislamiento, el blindaje y la cubierta, que comprende seis procesos de fabricaci\u00f3n adicionales en comparaci\u00f3n con los cables RG 213 est\u00e1ndar.<\/p>\n","protected":false},"featured_media":1347,"template":"","meta":[],"product_cat":[69,70],"product_tag":[],"class_list":["post-1362","product","type-product","status-publish","has-post-thumbnail","hentry","product_cat-cables-es","product_cat-cabos-para-antenas"],"yoast_head":"<!-- This site is optimized with the Yoast SEO Premium plugin v22.6 (Yoast SEO v22.7) - https:\/\/yoast.com\/wordpress\/plugins\/seo\/ -->\n<title>RF 2200 - MGA Pro Audio<\/title>\n<meta name=\"description\" content=\"O cabo MGA RF 2200 \u00e9 uma solu\u00e7\u00e3o excepcional para transmiss\u00e3o de sinais de r\u00e1dio frequ\u00eancia, combinando baixa perda e alta flexibilidade.\" \/>\n<meta name=\"robots\" content=\"index, follow, max-snippet:-1, max-image-preview:large, max-video-preview:-1\" \/>\n<link rel=\"canonical\" href=\"https:\/\/mgaproaudio.com.br\/es\/produto\/rf-2200\/\" \/>\n<meta property=\"og:locale\" content=\"es_ES\" \/>\n<meta property=\"og:type\" content=\"article\" \/>\n<meta property=\"og:title\" content=\"RF 2200\" \/>\n<meta property=\"og:description\" content=\"O cabo MGA RF 2200 \u00e9 uma solu\u00e7\u00e3o excepcional para transmiss\u00e3o de sinais de r\u00e1dio frequ\u00eancia, combinando baixa perda e alta flexibilidade.\" \/>\n<meta property=\"og:url\" content=\"https:\/\/mgaproaudio.com.br\/es\/produto\/rf-2200\/\" \/>\n<meta property=\"og:site_name\" content=\"MGA Pro Audio\" \/>\n<meta property=\"article:publisher\" content=\"https:\/\/www.facebook.com\/mgaproaudio\/\" \/>\n<meta property=\"article:modified_time\" content=\"2025-11-14T14:07:25+00:00\" \/>\n<meta property=\"og:image\" content=\"https:\/\/mgaproaudio.com.br\/wp-content\/uploads\/2019\/11\/RG-213-M-1.jpg\" \/>\n\t<meta property=\"og:image:width\" content=\"1200\" \/>\n\t<meta property=\"og:image:height\" content=\"675\" \/>\n\t<meta property=\"og:image:type\" content=\"image\/jpeg\" \/>\n<meta name=\"twitter:card\" content=\"summary_large_image\" \/>\n<meta name=\"twitter:label1\" content=\"Precio\" \/>\n\t<meta name=\"twitter:data1\" content=\"\" \/>\n\t<meta name=\"twitter:label2\" content=\"Disponibilidad\" \/>\n\t<meta name=\"twitter:data2\" content=\"Disponible\" \/>\n<script type=\"application\/ld+json\" class=\"yoast-schema-graph\">{\"@context\":\"https:\/\/schema.org\",\"@graph\":[{\"@type\":\"WebPage\",\"@id\":\"https:\/\/mgaproaudio.com.br\/es\/produto\/rf-2200\/\",\"url\":\"https:\/\/mgaproaudio.com.br\/es\/produto\/rf-2200\/\",\"name\":\"RF 2200 - MGA Pro Audio\",\"isPartOf\":{\"@id\":\"https:\/\/mgaproaudio.com.br\/es\/#website\"},\"primaryImageOfPage\":{\"@id\":\"https:\/\/mgaproaudio.com.br\/es\/produto\/rf-2200\/#primaryimage\"},\"image\":{\"@id\":\"https:\/\/mgaproaudio.com.br\/es\/produto\/rf-2200\/#primaryimage\"},\"thumbnailUrl\":\"https:\/\/mgaproaudio.com.br\/wp-content\/uploads\/2019\/11\/RG-213-M-1.jpg\",\"datePublished\":\"2019-11-06T13:06:27+00:00\",\"dateModified\":\"2025-11-14T14:07:25+00:00\",\"description\":\"O cabo MGA RF 2200 \u00e9 uma solu\u00e7\u00e3o excepcional para transmiss\u00e3o de sinais de r\u00e1dio frequ\u00eancia, combinando baixa perda e alta flexibilidade.\",\"breadcrumb\":{\"@id\":\"https:\/\/mgaproaudio.com.br\/es\/produto\/rf-2200\/#breadcrumb\"},\"inLanguage\":\"es\",\"potentialAction\":[{\"@type\":\"ReadAction\",\"target\":[\"https:\/\/mgaproaudio.com.br\/es\/produto\/rf-2200\/\"]}]},{\"@type\":\"ImageObject\",\"inLanguage\":\"es\",\"@id\":\"https:\/\/mgaproaudio.com.br\/es\/produto\/rf-2200\/#primaryimage\",\"url\":\"https:\/\/mgaproaudio.com.br\/wp-content\/uploads\/2019\/11\/RG-213-M-1.jpg\",\"contentUrl\":\"https:\/\/mgaproaudio.com.br\/wp-content\/uploads\/2019\/11\/RG-213-M-1.jpg\",\"width\":1200,\"height\":675,\"caption\":\"RF 2050 com nylon fechado\"},{\"@type\":\"BreadcrumbList\",\"@id\":\"https:\/\/mgaproaudio.com.br\/es\/produto\/rf-2200\/#breadcrumb\",\"itemListElement\":[{\"@type\":\"ListItem\",\"position\":1,\"name\":\"\u00cdnicio\",\"item\":\"https:\/\/mgaproaudio.com.br\/es\/\"},{\"@type\":\"ListItem\",\"position\":2,\"name\":\"Productos\",\"item\":\"https:\/\/mgaproaudio.com.br\/es\/productos\/\"},{\"@type\":\"ListItem\",\"position\":3,\"name\":\"Cables\",\"item\":\"https:\/\/mgaproaudio.com.br\/es\/categoria-produto\/cables-es\/\"},{\"@type\":\"ListItem\",\"position\":4,\"name\":\"RF 2200\"}]},{\"@type\":\"WebSite\",\"@id\":\"https:\/\/mgaproaudio.com.br\/es\/#website\",\"url\":\"https:\/\/mgaproaudio.com.br\/es\/\",\"name\":\"MGA Pro Audio\",\"description\":\"\u00c1udio profissional e RF\",\"publisher\":{\"@id\":\"https:\/\/mgaproaudio.com.br\/es\/#organization\"},\"potentialAction\":[{\"@type\":\"SearchAction\",\"target\":{\"@type\":\"EntryPoint\",\"urlTemplate\":\"https:\/\/mgaproaudio.com.br\/es\/?s={search_term_string}\"},\"query-input\":\"required name=search_term_string\"}],\"inLanguage\":\"es\"},{\"@type\":\"Organization\",\"@id\":\"https:\/\/mgaproaudio.com.br\/es\/#organization\",\"name\":\"MGA Pro Audio\",\"url\":\"https:\/\/mgaproaudio.com.br\/es\/\",\"logo\":{\"@type\":\"ImageObject\",\"inLanguage\":\"es\",\"@id\":\"https:\/\/mgaproaudio.com.br\/es\/#\/schema\/logo\/image\/\",\"url\":\"https:\/\/webapp408006.ip-45-33-113-122.cloudezapp.io\/wp-content\/uploads\/2019\/11\/icone-mga.png\",\"contentUrl\":\"https:\/\/webapp408006.ip-45-33-113-122.cloudezapp.io\/wp-content\/uploads\/2019\/11\/icone-mga.png\",\"width\":512,\"height\":512,\"caption\":\"MGA Pro Audio\"},\"image\":{\"@id\":\"https:\/\/mgaproaudio.com.br\/es\/#\/schema\/logo\/image\/\"},\"sameAs\":[\"https:\/\/www.facebook.com\/mgaproaudio\/\",\"https:\/\/www.instagram.com\/mgaproaudio\/\"]}]}<\/script>\n<meta property=\"product:price:amount\" content=\"0.00\" \/>\n<meta property=\"product:price:currency\" content=\"BRL\" \/>\n<meta property=\"og:availability\" content=\"instock\" \/>\n<meta property=\"product:availability\" content=\"instock\" \/>\n<meta property=\"product:condition\" content=\"new\" \/>\n<!-- \/ Yoast SEO Premium plugin. -->","yoast_head_json":{"title":"RF 2200 - MGA Pro Audio","description":"O cabo MGA RF 2200 \u00e9 uma solu\u00e7\u00e3o excepcional para transmiss\u00e3o de sinais de r\u00e1dio frequ\u00eancia, combinando baixa perda e alta flexibilidade.","robots":{"index":"index","follow":"follow","max-snippet":"max-snippet:-1","max-image-preview":"max-image-preview:large","max-video-preview":"max-video-preview:-1"},"canonical":"https:\/\/mgaproaudio.com.br\/es\/produto\/rf-2200\/","og_locale":"es_ES","og_type":"article","og_title":"RF 2200","og_description":"O cabo MGA RF 2200 \u00e9 uma solu\u00e7\u00e3o excepcional para transmiss\u00e3o de sinais de r\u00e1dio frequ\u00eancia, combinando baixa perda e alta flexibilidade.","og_url":"https:\/\/mgaproaudio.com.br\/es\/produto\/rf-2200\/","og_site_name":"MGA Pro Audio","article_publisher":"https:\/\/www.facebook.com\/mgaproaudio\/","article_modified_time":"2025-11-14T14:07:25+00:00","og_image":[{"width":1200,"height":675,"url":"https:\/\/mgaproaudio.com.br\/wp-content\/uploads\/2019\/11\/RG-213-M-1.jpg","type":"image\/jpeg"}],"twitter_card":"summary_large_image","twitter_misc":{"Precio":"","Disponibilidad":"Disponible"},"schema":{"@context":"https:\/\/schema.org","@graph":[{"@type":"WebPage","@id":"https:\/\/mgaproaudio.com.br\/es\/produto\/rf-2200\/","url":"https:\/\/mgaproaudio.com.br\/es\/produto\/rf-2200\/","name":"RF 2200 - MGA Pro Audio","isPartOf":{"@id":"https:\/\/mgaproaudio.com.br\/es\/#website"},"primaryImageOfPage":{"@id":"https:\/\/mgaproaudio.com.br\/es\/produto\/rf-2200\/#primaryimage"},"image":{"@id":"https:\/\/mgaproaudio.com.br\/es\/produto\/rf-2200\/#primaryimage"},"thumbnailUrl":"https:\/\/mgaproaudio.com.br\/wp-content\/uploads\/2019\/11\/RG-213-M-1.jpg","datePublished":"2019-11-06T13:06:27+00:00","dateModified":"2025-11-14T14:07:25+00:00","description":"O cabo MGA RF 2200 \u00e9 uma solu\u00e7\u00e3o excepcional para transmiss\u00e3o de sinais de r\u00e1dio frequ\u00eancia, combinando baixa perda e alta flexibilidade.","breadcrumb":{"@id":"https:\/\/mgaproaudio.com.br\/es\/produto\/rf-2200\/#breadcrumb"},"inLanguage":"es","potentialAction":[{"@type":"ReadAction","target":["https:\/\/mgaproaudio.com.br\/es\/produto\/rf-2200\/"]}]},{"@type":"ImageObject","inLanguage":"es","@id":"https:\/\/mgaproaudio.com.br\/es\/produto\/rf-2200\/#primaryimage","url":"https:\/\/mgaproaudio.com.br\/wp-content\/uploads\/2019\/11\/RG-213-M-1.jpg","contentUrl":"https:\/\/mgaproaudio.com.br\/wp-content\/uploads\/2019\/11\/RG-213-M-1.jpg","width":1200,"height":675,"caption":"RF 2050 com nylon fechado"},{"@type":"BreadcrumbList","@id":"https:\/\/mgaproaudio.com.br\/es\/produto\/rf-2200\/#breadcrumb","itemListElement":[{"@type":"ListItem","position":1,"name":"\u00cdnicio","item":"https:\/\/mgaproaudio.com.br\/es\/"},{"@type":"ListItem","position":2,"name":"Productos","item":"https:\/\/mgaproaudio.com.br\/es\/productos\/"},{"@type":"ListItem","position":3,"name":"Cables","item":"https:\/\/mgaproaudio.com.br\/es\/categoria-produto\/cables-es\/"},{"@type":"ListItem","position":4,"name":"RF 2200"}]},{"@type":"WebSite","@id":"https:\/\/mgaproaudio.com.br\/es\/#website","url":"https:\/\/mgaproaudio.com.br\/es\/","name":"MGA Pro Audio","description":"\u00c1udio profissional e RF","publisher":{"@id":"https:\/\/mgaproaudio.com.br\/es\/#organization"},"potentialAction":[{"@type":"SearchAction","target":{"@type":"EntryPoint","urlTemplate":"https:\/\/mgaproaudio.com.br\/es\/?s={search_term_string}"},"query-input":"required name=search_term_string"}],"inLanguage":"es"},{"@type":"Organization","@id":"https:\/\/mgaproaudio.com.br\/es\/#organization","name":"MGA Pro Audio","url":"https:\/\/mgaproaudio.com.br\/es\/","logo":{"@type":"ImageObject","inLanguage":"es","@id":"https:\/\/mgaproaudio.com.br\/es\/#\/schema\/logo\/image\/","url":"https:\/\/webapp408006.ip-45-33-113-122.cloudezapp.io\/wp-content\/uploads\/2019\/11\/icone-mga.png","contentUrl":"https:\/\/webapp408006.ip-45-33-113-122.cloudezapp.io\/wp-content\/uploads\/2019\/11\/icone-mga.png","width":512,"height":512,"caption":"MGA Pro Audio"},"image":{"@id":"https:\/\/mgaproaudio.com.br\/es\/#\/schema\/logo\/image\/"},"sameAs":["https:\/\/www.facebook.com\/mgaproaudio\/","https:\/\/www.instagram.com\/mgaproaudio\/"]}]},"product_price_amount":"0.00","product_price_currency":"BRL","og_availability":"instock","product_availability":"instock","product_condition":"new"},"_links":{"self":[{"href":"https:\/\/mgaproaudio.com.br\/es\/wp-json\/wp\/v2\/product\/1362","targetHints":{"allow":["GET"]}}],"collection":[{"href":"https:\/\/mgaproaudio.com.br\/es\/wp-json\/wp\/v2\/product"}],"about":[{"href":"https:\/\/mgaproaudio.com.br\/es\/wp-json\/wp\/v2\/types\/product"}],"wp:featuredmedia":[{"embeddable":true,"href":"https:\/\/mgaproaudio.com.br\/es\/wp-json\/wp\/v2\/media\/1347"}],"wp:attachment":[{"href":"https:\/\/mgaproaudio.com.br\/es\/wp-json\/wp\/v2\/media?parent=1362"}],"wp:term":[{"taxonomy":"product_cat","embeddable":true,"href":"https:\/\/mgaproaudio.com.br\/es\/wp-json\/wp\/v2\/product_cat?post=1362"},{"taxonomy":"product_tag","embeddable":true,"href":"https:\/\/mgaproaudio.com.br\/es\/wp-json\/wp\/v2\/product_tag?post=1362"}],"curies":[{"name":"wp","href":"https:\/\/api.w.org\/{rel}","templated":true}]}}