{"id":1398,"date":"2021-05-19T22:54:53","date_gmt":"2021-05-20T01:54:53","guid":{"rendered":"https:\/\/webapp408006.ip-45-33-113-122.cloudezapp.io\/produto\/sd-1010\/"},"modified":"2025-11-14T14:49:21","modified_gmt":"2025-11-14T17:49:21","slug":"sd-1010","status":"publish","type":"product","link":"https:\/\/mgaproaudio.com.br\/es\/produto\/sd-1010\/","title":{"rendered":"SD 1010"},"content":{"rendered":"<div style=\"display:none\">Descubra a excel\u00eancia em conectividade de v\u00eddeo digital com nosso cabo coaxial de 75 ohms, especialmente projetado para sistemas UHDTV e HD-SDI em resolu\u00e7\u00e3o 1080p. Com uma taxa de transfer\u00eancia impressionante de 6GB\/s, este cabo proporciona uma transmiss\u00e3o de dados r\u00e1pida e est\u00e1vel, garantindo imagens n\u00edtidas e sem falhas. <\/p>\n<p>Com 1,0 metro de comprimento, este cabo oferece flexibilidade e conveni\u00eancia para uma variedade de configura\u00e7\u00f5es, desde ambientes dom\u00e9sticos at\u00e9 est\u00fadios profissionais. Sua constru\u00e7\u00e3o de alta qualidade e blindagem eficaz garantem uma transmiss\u00e3o livre de interfer\u00eancias, proporcionando uma experi\u00eancia visual imersiva e sem igual. <\/p>\n<p>O cabo coaxial SD 1010 \u00e9 a escolha ideal para profissionais que valorizam a qualidade e a confiabilidade em suas instala\u00e7\u00f5es de v\u00eddeo digital. Confie na nossa solu\u00e7\u00e3o de conectividade premium para atender \u00e0s suas necessidades exigentes de transmiss\u00e3o de v\u00eddeo. Potencialize sua experi\u00eancia audiovisual com a qualidade excepcional oferecida pelo nosso cabo, garantindo uma visualiza\u00e7\u00e3o imersiva e sem igual em cada uso.  <\/p><\/div>\n<table cellspacing=\"0\" cellpadding=\"0\">\n<tbody>\n<tr>\n<td colspan=\"2\"><b>SD 1010<\/b><\/td>\n<\/tr>\n<tr>\n<td><\/td>\n<td><\/td>\n<\/tr>\n<tr>\n<td>TIPO DE CABLE<\/td>\n<td>Coaxial flexible con trenzado de alta densidad<\/td>\n<\/tr>\n<tr>\n<td>ATENUACI\u00d3N<\/td>\n<td>0,22 dB a 1,5 GHz \u2013 0,32 dB a 3 GHz<\/td>\n<\/tr>\n<tr>\n<td>IMPEDANCIA<\/td>\n<td>75 \u03a9<\/td>\n<\/tr>\n<tr>\n<td>VELOCIDAD DE PROPAGACI\u00d3N<\/td>\n<td>83 %<\/td>\n<\/tr>\n<tr>\n<td>CAPACITANCIA<\/td>\n<td>53 pF\/m<\/td>\n<\/tr>\n<tr>\n<td>FRECUENCIA M\u00c1XIMA DE OPERACI\u00d3N<\/td>\n<td>6 GHz<\/td>\n<\/tr>\n<tr>\n<td>RESISTENCIA DEL CONDUCTOR INTERNO<\/td>\n<td>67 \u03a9\/KM<\/td>\n<\/tr>\n<tr>\n<td>RESISTENCIA DEL BLINDAJE<\/td>\n<td>23 \u03a9\/KM<\/td>\n<\/tr>\n<\/tbody>\n<\/table>\n","protected":false},"excerpt":{"rendered":"<p>Cable coaxial de 75 ohmios para UHDTV de 6 Gb\/s, v\u00eddeo digital HD-SDI 1080p, 1 metro<\/p>\n","protected":false},"featured_media":1395,"template":"","meta":[],"product_cat":[69,72],"product_tag":[],"class_list":["post-1398","product","type-product","status-publish","has-post-thumbnail","hentry","product_cat-cables-es","product_cat-cabos-sdi"],"yoast_head":"<!-- This site is optimized with the Yoast SEO Premium plugin v22.6 (Yoast SEO v22.7) - https:\/\/yoast.com\/wordpress\/plugins\/seo\/ -->\n<title>SD 1010 - MGA Pro Audio<\/title>\n<meta name=\"description\" content=\"Desfrute da excel\u00eancia em conectividade de v\u00eddeo digital com nosso SD 1010 de 75 ohms, projetado para sistemas UHDTV e HD-SDI em resolu\u00e7\u00e3o 1080p.\" \/>\n<meta name=\"robots\" content=\"index, follow, max-snippet:-1, max-image-preview:large, max-video-preview:-1\" \/>\n<link rel=\"canonical\" href=\"https:\/\/mgaproaudio.com.br\/es\/produto\/sd-1010\/\" \/>\n<meta property=\"og:locale\" content=\"es_ES\" \/>\n<meta property=\"og:type\" content=\"article\" \/>\n<meta property=\"og:title\" content=\"SD 1010\" \/>\n<meta property=\"og:description\" content=\"Desfrute da excel\u00eancia em conectividade de v\u00eddeo digital com nosso SD 1010 de 75 ohms, projetado para sistemas UHDTV e HD-SDI em resolu\u00e7\u00e3o 1080p.\" \/>\n<meta property=\"og:url\" content=\"https:\/\/mgaproaudio.com.br\/es\/produto\/sd-1010\/\" \/>\n<meta property=\"og:site_name\" content=\"MGA Pro Audio\" \/>\n<meta property=\"article:publisher\" content=\"https:\/\/www.facebook.com\/mgaproaudio\/\" \/>\n<meta property=\"article:modified_time\" content=\"2025-11-14T17:49:21+00:00\" \/>\n<meta property=\"og:image\" content=\"https:\/\/mgaproaudio.com.br\/wp-content\/uploads\/2021\/05\/sd_1000.jpg\" \/>\n\t<meta property=\"og:image:width\" content=\"1000\" \/>\n\t<meta property=\"og:image:height\" content=\"1000\" \/>\n\t<meta property=\"og:image:type\" content=\"image\/jpeg\" \/>\n<meta name=\"twitter:card\" content=\"summary_large_image\" \/>\n<meta name=\"twitter:label1\" content=\"Precio\" \/>\n\t<meta name=\"twitter:data1\" content=\"\" \/>\n\t<meta name=\"twitter:label2\" content=\"Disponibilidad\" \/>\n\t<meta name=\"twitter:data2\" content=\"Disponible\" \/>\n<script type=\"application\/ld+json\" class=\"yoast-schema-graph\">{\"@context\":\"https:\/\/schema.org\",\"@graph\":[{\"@type\":\"WebPage\",\"@id\":\"https:\/\/mgaproaudio.com.br\/es\/produto\/sd-1010\/\",\"url\":\"https:\/\/mgaproaudio.com.br\/es\/produto\/sd-1010\/\",\"name\":\"SD 1010 - MGA Pro Audio\",\"isPartOf\":{\"@id\":\"https:\/\/mgaproaudio.com.br\/es\/#website\"},\"primaryImageOfPage\":{\"@id\":\"https:\/\/mgaproaudio.com.br\/es\/produto\/sd-1010\/#primaryimage\"},\"image\":{\"@id\":\"https:\/\/mgaproaudio.com.br\/es\/produto\/sd-1010\/#primaryimage\"},\"thumbnailUrl\":\"https:\/\/mgaproaudio.com.br\/wp-content\/uploads\/2021\/05\/sd_1000.jpg\",\"datePublished\":\"2021-05-20T01:54:53+00:00\",\"dateModified\":\"2025-11-14T17:49:21+00:00\",\"description\":\"Desfrute da excel\u00eancia em conectividade de v\u00eddeo digital com nosso SD 1010 de 75 ohms, projetado para sistemas UHDTV e HD-SDI em resolu\u00e7\u00e3o 1080p.\",\"breadcrumb\":{\"@id\":\"https:\/\/mgaproaudio.com.br\/es\/produto\/sd-1010\/#breadcrumb\"},\"inLanguage\":\"es\",\"potentialAction\":[{\"@type\":\"ReadAction\",\"target\":[\"https:\/\/mgaproaudio.com.br\/es\/produto\/sd-1010\/\"]}]},{\"@type\":\"ImageObject\",\"inLanguage\":\"es\",\"@id\":\"https:\/\/mgaproaudio.com.br\/es\/produto\/sd-1010\/#primaryimage\",\"url\":\"https:\/\/mgaproaudio.com.br\/wp-content\/uploads\/2021\/05\/sd_1000.jpg\",\"contentUrl\":\"https:\/\/mgaproaudio.com.br\/wp-content\/uploads\/2021\/05\/sd_1000.jpg\",\"width\":1000,\"height\":1000,\"caption\":\"SD 1000\"},{\"@type\":\"BreadcrumbList\",\"@id\":\"https:\/\/mgaproaudio.com.br\/es\/produto\/sd-1010\/#breadcrumb\",\"itemListElement\":[{\"@type\":\"ListItem\",\"position\":1,\"name\":\"\u00cdnicio\",\"item\":\"https:\/\/mgaproaudio.com.br\/es\/\"},{\"@type\":\"ListItem\",\"position\":2,\"name\":\"Productos\",\"item\":\"https:\/\/mgaproaudio.com.br\/es\/productos\/\"},{\"@type\":\"ListItem\",\"position\":3,\"name\":\"Cables\",\"item\":\"https:\/\/mgaproaudio.com.br\/es\/categoria-produto\/cables-es\/\"},{\"@type\":\"ListItem\",\"position\":4,\"name\":\"Cabos SDI\",\"item\":\"https:\/\/mgaproaudio.com.br\/es\/categoria-produto\/cables-es\/cabos-sdi\/\"},{\"@type\":\"ListItem\",\"position\":5,\"name\":\"SD 1010\"}]},{\"@type\":\"WebSite\",\"@id\":\"https:\/\/mgaproaudio.com.br\/es\/#website\",\"url\":\"https:\/\/mgaproaudio.com.br\/es\/\",\"name\":\"MGA Pro Audio\",\"description\":\"\u00c1udio profissional e RF\",\"publisher\":{\"@id\":\"https:\/\/mgaproaudio.com.br\/es\/#organization\"},\"potentialAction\":[{\"@type\":\"SearchAction\",\"target\":{\"@type\":\"EntryPoint\",\"urlTemplate\":\"https:\/\/mgaproaudio.com.br\/es\/?s={search_term_string}\"},\"query-input\":\"required name=search_term_string\"}],\"inLanguage\":\"es\"},{\"@type\":\"Organization\",\"@id\":\"https:\/\/mgaproaudio.com.br\/es\/#organization\",\"name\":\"MGA Pro Audio\",\"url\":\"https:\/\/mgaproaudio.com.br\/es\/\",\"logo\":{\"@type\":\"ImageObject\",\"inLanguage\":\"es\",\"@id\":\"https:\/\/mgaproaudio.com.br\/es\/#\/schema\/logo\/image\/\",\"url\":\"https:\/\/webapp408006.ip-45-33-113-122.cloudezapp.io\/wp-content\/uploads\/2019\/11\/icone-mga.png\",\"contentUrl\":\"https:\/\/webapp408006.ip-45-33-113-122.cloudezapp.io\/wp-content\/uploads\/2019\/11\/icone-mga.png\",\"width\":512,\"height\":512,\"caption\":\"MGA Pro Audio\"},\"image\":{\"@id\":\"https:\/\/mgaproaudio.com.br\/es\/#\/schema\/logo\/image\/\"},\"sameAs\":[\"https:\/\/www.facebook.com\/mgaproaudio\/\",\"https:\/\/www.instagram.com\/mgaproaudio\/\"]}]}<\/script>\n<meta property=\"product:price:amount\" content=\"0.00\" \/>\n<meta property=\"product:price:currency\" content=\"BRL\" \/>\n<meta property=\"og:availability\" content=\"instock\" \/>\n<meta property=\"product:availability\" content=\"instock\" \/>\n<meta property=\"product:condition\" content=\"new\" \/>\n<!-- \/ Yoast SEO Premium plugin. -->","yoast_head_json":{"title":"SD 1010 - MGA Pro Audio","description":"Desfrute da excel\u00eancia em conectividade de v\u00eddeo digital com nosso SD 1010 de 75 ohms, projetado para sistemas UHDTV e HD-SDI em resolu\u00e7\u00e3o 1080p.","robots":{"index":"index","follow":"follow","max-snippet":"max-snippet:-1","max-image-preview":"max-image-preview:large","max-video-preview":"max-video-preview:-1"},"canonical":"https:\/\/mgaproaudio.com.br\/es\/produto\/sd-1010\/","og_locale":"es_ES","og_type":"article","og_title":"SD 1010","og_description":"Desfrute da excel\u00eancia em conectividade de v\u00eddeo digital com nosso SD 1010 de 75 ohms, projetado para sistemas UHDTV e HD-SDI em resolu\u00e7\u00e3o 1080p.","og_url":"https:\/\/mgaproaudio.com.br\/es\/produto\/sd-1010\/","og_site_name":"MGA Pro Audio","article_publisher":"https:\/\/www.facebook.com\/mgaproaudio\/","article_modified_time":"2025-11-14T17:49:21+00:00","og_image":[{"width":1000,"height":1000,"url":"https:\/\/mgaproaudio.com.br\/wp-content\/uploads\/2021\/05\/sd_1000.jpg","type":"image\/jpeg"}],"twitter_card":"summary_large_image","twitter_misc":{"Precio":"","Disponibilidad":"Disponible"},"schema":{"@context":"https:\/\/schema.org","@graph":[{"@type":"WebPage","@id":"https:\/\/mgaproaudio.com.br\/es\/produto\/sd-1010\/","url":"https:\/\/mgaproaudio.com.br\/es\/produto\/sd-1010\/","name":"SD 1010 - MGA Pro Audio","isPartOf":{"@id":"https:\/\/mgaproaudio.com.br\/es\/#website"},"primaryImageOfPage":{"@id":"https:\/\/mgaproaudio.com.br\/es\/produto\/sd-1010\/#primaryimage"},"image":{"@id":"https:\/\/mgaproaudio.com.br\/es\/produto\/sd-1010\/#primaryimage"},"thumbnailUrl":"https:\/\/mgaproaudio.com.br\/wp-content\/uploads\/2021\/05\/sd_1000.jpg","datePublished":"2021-05-20T01:54:53+00:00","dateModified":"2025-11-14T17:49:21+00:00","description":"Desfrute da excel\u00eancia em conectividade de v\u00eddeo digital com nosso SD 1010 de 75 ohms, projetado para sistemas UHDTV e HD-SDI em resolu\u00e7\u00e3o 1080p.","breadcrumb":{"@id":"https:\/\/mgaproaudio.com.br\/es\/produto\/sd-1010\/#breadcrumb"},"inLanguage":"es","potentialAction":[{"@type":"ReadAction","target":["https:\/\/mgaproaudio.com.br\/es\/produto\/sd-1010\/"]}]},{"@type":"ImageObject","inLanguage":"es","@id":"https:\/\/mgaproaudio.com.br\/es\/produto\/sd-1010\/#primaryimage","url":"https:\/\/mgaproaudio.com.br\/wp-content\/uploads\/2021\/05\/sd_1000.jpg","contentUrl":"https:\/\/mgaproaudio.com.br\/wp-content\/uploads\/2021\/05\/sd_1000.jpg","width":1000,"height":1000,"caption":"SD 1000"},{"@type":"BreadcrumbList","@id":"https:\/\/mgaproaudio.com.br\/es\/produto\/sd-1010\/#breadcrumb","itemListElement":[{"@type":"ListItem","position":1,"name":"\u00cdnicio","item":"https:\/\/mgaproaudio.com.br\/es\/"},{"@type":"ListItem","position":2,"name":"Productos","item":"https:\/\/mgaproaudio.com.br\/es\/productos\/"},{"@type":"ListItem","position":3,"name":"Cables","item":"https:\/\/mgaproaudio.com.br\/es\/categoria-produto\/cables-es\/"},{"@type":"ListItem","position":4,"name":"Cabos SDI","item":"https:\/\/mgaproaudio.com.br\/es\/categoria-produto\/cables-es\/cabos-sdi\/"},{"@type":"ListItem","position":5,"name":"SD 1010"}]},{"@type":"WebSite","@id":"https:\/\/mgaproaudio.com.br\/es\/#website","url":"https:\/\/mgaproaudio.com.br\/es\/","name":"MGA Pro Audio","description":"\u00c1udio profissional e RF","publisher":{"@id":"https:\/\/mgaproaudio.com.br\/es\/#organization"},"potentialAction":[{"@type":"SearchAction","target":{"@type":"EntryPoint","urlTemplate":"https:\/\/mgaproaudio.com.br\/es\/?s={search_term_string}"},"query-input":"required name=search_term_string"}],"inLanguage":"es"},{"@type":"Organization","@id":"https:\/\/mgaproaudio.com.br\/es\/#organization","name":"MGA Pro Audio","url":"https:\/\/mgaproaudio.com.br\/es\/","logo":{"@type":"ImageObject","inLanguage":"es","@id":"https:\/\/mgaproaudio.com.br\/es\/#\/schema\/logo\/image\/","url":"https:\/\/webapp408006.ip-45-33-113-122.cloudezapp.io\/wp-content\/uploads\/2019\/11\/icone-mga.png","contentUrl":"https:\/\/webapp408006.ip-45-33-113-122.cloudezapp.io\/wp-content\/uploads\/2019\/11\/icone-mga.png","width":512,"height":512,"caption":"MGA Pro Audio"},"image":{"@id":"https:\/\/mgaproaudio.com.br\/es\/#\/schema\/logo\/image\/"},"sameAs":["https:\/\/www.facebook.com\/mgaproaudio\/","https:\/\/www.instagram.com\/mgaproaudio\/"]}]},"product_price_amount":"0.00","product_price_currency":"BRL","og_availability":"instock","product_availability":"instock","product_condition":"new"},"_links":{"self":[{"href":"https:\/\/mgaproaudio.com.br\/es\/wp-json\/wp\/v2\/product\/1398","targetHints":{"allow":["GET"]}}],"collection":[{"href":"https:\/\/mgaproaudio.com.br\/es\/wp-json\/wp\/v2\/product"}],"about":[{"href":"https:\/\/mgaproaudio.com.br\/es\/wp-json\/wp\/v2\/types\/product"}],"wp:featuredmedia":[{"embeddable":true,"href":"https:\/\/mgaproaudio.com.br\/es\/wp-json\/wp\/v2\/media\/1395"}],"wp:attachment":[{"href":"https:\/\/mgaproaudio.com.br\/es\/wp-json\/wp\/v2\/media?parent=1398"}],"wp:term":[{"taxonomy":"product_cat","embeddable":true,"href":"https:\/\/mgaproaudio.com.br\/es\/wp-json\/wp\/v2\/product_cat?post=1398"},{"taxonomy":"product_tag","embeddable":true,"href":"https:\/\/mgaproaudio.com.br\/es\/wp-json\/wp\/v2\/product_tag?post=1398"}],"curies":[{"name":"wp","href":"https:\/\/api.w.org\/{rel}","templated":true}]}}