{"id":1428,"date":"2022-03-28T13:35:53","date_gmt":"2022-03-28T16:35:53","guid":{"rendered":"https:\/\/webapp408006.ip-45-33-113-122.cloudezapp.io\/produto\/sd-6150\/"},"modified":"2025-11-14T15:47:58","modified_gmt":"2025-11-14T18:47:58","slug":"sd-6150","status":"publish","type":"product","link":"https:\/\/mgaproaudio.com.br\/es\/produto\/sd-6150\/","title":{"rendered":"SD 6150"},"content":{"rendered":"<div style=\"display: none;\">\nO Cabo SD 6150, com 15 metros de comprimento, \u00e9 uma solu\u00e7\u00e3o de alta qualidade para transmiss\u00e3o de sinais de v\u00eddeo em alta defini\u00e7\u00e3o. Este cabo RG6 foi projetado para suportar sinais 4K a 60FPS (12G\/s), oferecendo uma transmiss\u00e3o est\u00e1vel e de alta resolu\u00e7\u00e3o por at\u00e9 55 metros. Al\u00e9m disso, \u00e9 capaz de transmitir sinais full HD em dist\u00e2ncias de at\u00e9 120 metros, garantindo uma experi\u00eancia visual imersiva e sem perdas de qualidade.Com sua constru\u00e7\u00e3o robusta e materiais de alta qualidade, o Cabo SD 6150 oferece durabilidade e confiabilidade em diversas aplica\u00e7\u00f5es, desde instala\u00e7\u00f5es residenciais at\u00e9 ambientes profissionais. Sua capacidade de suportar sinais de alta resolu\u00e7\u00e3o e taxas de transfer\u00eancia de dados elevadas o torna uma escolha vers\u00e1til para sistemas de home theater, instala\u00e7\u00f5es de v\u00eddeo em eventos ao vivo, est\u00fadios de produ\u00e7\u00e3o e muito mais.   <\/p>\n<p>Este cabo proporciona uma instala\u00e7\u00e3o f\u00e1cil e r\u00e1pida, permitindo que voc\u00ea desfrute de imagens n\u00edtidas e detalhadas em poucos minutos. Seja para uso dom\u00e9stico ou profissional, o Cabo SD 6150 \u00e9 a escolha ideal para quem busca qualidade e desempenho superiores em suas transmiss\u00f5es de v\u00eddeo. <\/p>\n<\/div>\n<table cellspacing=\"0\" cellpadding=\"0\">\n<tbody>\n<tr>\n<td colspan=\"2\"><b>SD 6150<\/b><\/td>\n<\/tr>\n<tr>\n<td><\/td>\n<td><\/td>\n<\/tr>\n<tr>\n<td>TIPO DE CABLE<\/td>\n<td>RG6 flexible con trenzado de alta densidad<\/td>\n<\/tr>\n<tr>\n<td>ATENUACI\u00d3N<\/td>\n<td>7,68 dB a 1,5 GHz \u2013 11,34 dB a 3 GHz<\/td>\n<\/tr>\n<tr>\n<td>IMPEDANCIA<\/td>\n<td>75 \u03a9<\/td>\n<\/tr>\n<tr>\n<td>VELOCIDAD DE PROPAGACI\u00d3N<\/td>\n<td>84 %<\/td>\n<\/tr>\n<tr>\n<td>CAPACITANCIA<\/td>\n<td>54 pF\/m<\/td>\n<\/tr>\n<tr>\n<td>FRECUENCIA M\u00c1XIMA DE OPERACI\u00d3N<\/td>\n<td>6 GHz<\/td>\n<\/tr>\n<tr>\n<td>VOLTAJE M\u00c1XIMA DE CC<\/td>\n<td>1,5 kV<\/td>\n<\/tr>\n<tr>\n<td>RESISTENCIA DEL CONDUCTOR INTERNO<\/td>\n<td>100 \u03a9\/KM<\/td>\n<\/tr>\n<tr>\n<td>RESISTENCIA DEL BLINDAJE<\/td>\n<td>11 \u03a9\/KM<\/td>\n<\/tr>\n<\/tbody>\n<\/table>\n","protected":false},"excerpt":{"rendered":"<p>El cable SD 6000 de 15 metros, nuestro cable RG6, admite se\u00f1ales 4K a 60 FPS (12 G\/s) hasta 55 metros y se\u00f1ales Full HD hasta 120 metros.<\/p>\n","protected":false},"featured_media":1417,"template":"","meta":[],"product_cat":[69,72],"product_tag":[],"class_list":["post-1428","product","type-product","status-publish","has-post-thumbnail","hentry","product_cat-cables-es","product_cat-cabos-sdi"],"yoast_head":"<!-- This site is optimized with the Yoast SEO Premium plugin v22.6 (Yoast SEO v22.7) - https:\/\/yoast.com\/wordpress\/plugins\/seo\/ -->\n<title>SD 6150 - MGA Pro Audio<\/title>\n<meta name=\"robots\" content=\"index, follow, max-snippet:-1, max-image-preview:large, max-video-preview:-1\" \/>\n<link rel=\"canonical\" href=\"https:\/\/mgaproaudio.com.br\/es\/produto\/sd-6150\/\" \/>\n<meta property=\"og:locale\" content=\"es_ES\" \/>\n<meta property=\"og:type\" content=\"article\" \/>\n<meta property=\"og:title\" content=\"SD 6150\" \/>\n<meta property=\"og:description\" content=\"El cable SD 6000 de 15 metros, nuestro cable RG6, admite se\u00f1ales 4K a 60 FPS (12 G\/s) hasta 55 metros y se\u00f1ales Full HD hasta 120 metros.\" \/>\n<meta property=\"og:url\" content=\"https:\/\/mgaproaudio.com.br\/es\/produto\/sd-6150\/\" \/>\n<meta property=\"og:site_name\" content=\"MGA Pro Audio\" \/>\n<meta property=\"article:publisher\" content=\"https:\/\/www.facebook.com\/mgaproaudio\/\" \/>\n<meta property=\"article:modified_time\" content=\"2025-11-14T18:47:58+00:00\" \/>\n<meta property=\"og:image\" content=\"https:\/\/mgaproaudio.com.br\/wp-content\/uploads\/2021\/05\/sd_6000.jpg\" \/>\n\t<meta property=\"og:image:width\" content=\"1000\" \/>\n\t<meta property=\"og:image:height\" content=\"1000\" \/>\n\t<meta property=\"og:image:type\" content=\"image\/jpeg\" \/>\n<meta name=\"twitter:card\" content=\"summary_large_image\" \/>\n<meta name=\"twitter:label1\" content=\"Precio\" \/>\n\t<meta name=\"twitter:data1\" content=\"\" \/>\n\t<meta name=\"twitter:label2\" content=\"Disponibilidad\" \/>\n\t<meta name=\"twitter:data2\" content=\"Disponible\" \/>\n<script type=\"application\/ld+json\" class=\"yoast-schema-graph\">{\"@context\":\"https:\/\/schema.org\",\"@graph\":[{\"@type\":\"WebPage\",\"@id\":\"https:\/\/mgaproaudio.com.br\/es\/produto\/sd-6150\/\",\"url\":\"https:\/\/mgaproaudio.com.br\/es\/produto\/sd-6150\/\",\"name\":\"SD 6150 - MGA Pro Audio\",\"isPartOf\":{\"@id\":\"https:\/\/mgaproaudio.com.br\/es\/#website\"},\"primaryImageOfPage\":{\"@id\":\"https:\/\/mgaproaudio.com.br\/es\/produto\/sd-6150\/#primaryimage\"},\"image\":{\"@id\":\"https:\/\/mgaproaudio.com.br\/es\/produto\/sd-6150\/#primaryimage\"},\"thumbnailUrl\":\"https:\/\/mgaproaudio.com.br\/wp-content\/uploads\/2021\/05\/sd_6000.jpg\",\"datePublished\":\"2022-03-28T16:35:53+00:00\",\"dateModified\":\"2025-11-14T18:47:58+00:00\",\"breadcrumb\":{\"@id\":\"https:\/\/mgaproaudio.com.br\/es\/produto\/sd-6150\/#breadcrumb\"},\"inLanguage\":\"es\",\"potentialAction\":[{\"@type\":\"ReadAction\",\"target\":[\"https:\/\/mgaproaudio.com.br\/es\/produto\/sd-6150\/\"]}]},{\"@type\":\"ImageObject\",\"inLanguage\":\"es\",\"@id\":\"https:\/\/mgaproaudio.com.br\/es\/produto\/sd-6150\/#primaryimage\",\"url\":\"https:\/\/mgaproaudio.com.br\/wp-content\/uploads\/2021\/05\/sd_6000.jpg\",\"contentUrl\":\"https:\/\/mgaproaudio.com.br\/wp-content\/uploads\/2021\/05\/sd_6000.jpg\",\"width\":1000,\"height\":1000,\"caption\":\"SD 6000\"},{\"@type\":\"BreadcrumbList\",\"@id\":\"https:\/\/mgaproaudio.com.br\/es\/produto\/sd-6150\/#breadcrumb\",\"itemListElement\":[{\"@type\":\"ListItem\",\"position\":1,\"name\":\"\u00cdnicio\",\"item\":\"https:\/\/mgaproaudio.com.br\/es\/\"},{\"@type\":\"ListItem\",\"position\":2,\"name\":\"Productos\",\"item\":\"https:\/\/mgaproaudio.com.br\/es\/productos\/\"},{\"@type\":\"ListItem\",\"position\":3,\"name\":\"Cables\",\"item\":\"https:\/\/mgaproaudio.com.br\/es\/categoria-produto\/cables-es\/\"},{\"@type\":\"ListItem\",\"position\":4,\"name\":\"Cabos SDI\",\"item\":\"https:\/\/mgaproaudio.com.br\/es\/categoria-produto\/cables-es\/cabos-sdi\/\"},{\"@type\":\"ListItem\",\"position\":5,\"name\":\"SD 6150\"}]},{\"@type\":\"WebSite\",\"@id\":\"https:\/\/mgaproaudio.com.br\/es\/#website\",\"url\":\"https:\/\/mgaproaudio.com.br\/es\/\",\"name\":\"MGA Pro Audio\",\"description\":\"\u00c1udio profissional e RF\",\"publisher\":{\"@id\":\"https:\/\/mgaproaudio.com.br\/es\/#organization\"},\"potentialAction\":[{\"@type\":\"SearchAction\",\"target\":{\"@type\":\"EntryPoint\",\"urlTemplate\":\"https:\/\/mgaproaudio.com.br\/es\/?s={search_term_string}\"},\"query-input\":\"required name=search_term_string\"}],\"inLanguage\":\"es\"},{\"@type\":\"Organization\",\"@id\":\"https:\/\/mgaproaudio.com.br\/es\/#organization\",\"name\":\"MGA Pro Audio\",\"url\":\"https:\/\/mgaproaudio.com.br\/es\/\",\"logo\":{\"@type\":\"ImageObject\",\"inLanguage\":\"es\",\"@id\":\"https:\/\/mgaproaudio.com.br\/es\/#\/schema\/logo\/image\/\",\"url\":\"https:\/\/webapp408006.ip-45-33-113-122.cloudezapp.io\/wp-content\/uploads\/2019\/11\/icone-mga.png\",\"contentUrl\":\"https:\/\/webapp408006.ip-45-33-113-122.cloudezapp.io\/wp-content\/uploads\/2019\/11\/icone-mga.png\",\"width\":512,\"height\":512,\"caption\":\"MGA Pro Audio\"},\"image\":{\"@id\":\"https:\/\/mgaproaudio.com.br\/es\/#\/schema\/logo\/image\/\"},\"sameAs\":[\"https:\/\/www.facebook.com\/mgaproaudio\/\",\"https:\/\/www.instagram.com\/mgaproaudio\/\"]}]}<\/script>\n<meta property=\"product:price:amount\" content=\"0.00\" \/>\n<meta property=\"product:price:currency\" content=\"BRL\" \/>\n<meta property=\"og:availability\" content=\"instock\" \/>\n<meta property=\"product:availability\" content=\"instock\" \/>\n<meta property=\"product:condition\" content=\"new\" \/>\n<!-- \/ Yoast SEO Premium plugin. -->","yoast_head_json":{"title":"SD 6150 - MGA Pro Audio","robots":{"index":"index","follow":"follow","max-snippet":"max-snippet:-1","max-image-preview":"max-image-preview:large","max-video-preview":"max-video-preview:-1"},"canonical":"https:\/\/mgaproaudio.com.br\/es\/produto\/sd-6150\/","og_locale":"es_ES","og_type":"article","og_title":"SD 6150","og_description":"El cable SD 6000 de 15 metros, nuestro cable RG6, admite se\u00f1ales 4K a 60 FPS (12 G\/s) hasta 55 metros y se\u00f1ales Full HD hasta 120 metros.","og_url":"https:\/\/mgaproaudio.com.br\/es\/produto\/sd-6150\/","og_site_name":"MGA Pro Audio","article_publisher":"https:\/\/www.facebook.com\/mgaproaudio\/","article_modified_time":"2025-11-14T18:47:58+00:00","og_image":[{"width":1000,"height":1000,"url":"https:\/\/mgaproaudio.com.br\/wp-content\/uploads\/2021\/05\/sd_6000.jpg","type":"image\/jpeg"}],"twitter_card":"summary_large_image","twitter_misc":{"Precio":"","Disponibilidad":"Disponible"},"schema":{"@context":"https:\/\/schema.org","@graph":[{"@type":"WebPage","@id":"https:\/\/mgaproaudio.com.br\/es\/produto\/sd-6150\/","url":"https:\/\/mgaproaudio.com.br\/es\/produto\/sd-6150\/","name":"SD 6150 - MGA Pro Audio","isPartOf":{"@id":"https:\/\/mgaproaudio.com.br\/es\/#website"},"primaryImageOfPage":{"@id":"https:\/\/mgaproaudio.com.br\/es\/produto\/sd-6150\/#primaryimage"},"image":{"@id":"https:\/\/mgaproaudio.com.br\/es\/produto\/sd-6150\/#primaryimage"},"thumbnailUrl":"https:\/\/mgaproaudio.com.br\/wp-content\/uploads\/2021\/05\/sd_6000.jpg","datePublished":"2022-03-28T16:35:53+00:00","dateModified":"2025-11-14T18:47:58+00:00","breadcrumb":{"@id":"https:\/\/mgaproaudio.com.br\/es\/produto\/sd-6150\/#breadcrumb"},"inLanguage":"es","potentialAction":[{"@type":"ReadAction","target":["https:\/\/mgaproaudio.com.br\/es\/produto\/sd-6150\/"]}]},{"@type":"ImageObject","inLanguage":"es","@id":"https:\/\/mgaproaudio.com.br\/es\/produto\/sd-6150\/#primaryimage","url":"https:\/\/mgaproaudio.com.br\/wp-content\/uploads\/2021\/05\/sd_6000.jpg","contentUrl":"https:\/\/mgaproaudio.com.br\/wp-content\/uploads\/2021\/05\/sd_6000.jpg","width":1000,"height":1000,"caption":"SD 6000"},{"@type":"BreadcrumbList","@id":"https:\/\/mgaproaudio.com.br\/es\/produto\/sd-6150\/#breadcrumb","itemListElement":[{"@type":"ListItem","position":1,"name":"\u00cdnicio","item":"https:\/\/mgaproaudio.com.br\/es\/"},{"@type":"ListItem","position":2,"name":"Productos","item":"https:\/\/mgaproaudio.com.br\/es\/productos\/"},{"@type":"ListItem","position":3,"name":"Cables","item":"https:\/\/mgaproaudio.com.br\/es\/categoria-produto\/cables-es\/"},{"@type":"ListItem","position":4,"name":"Cabos SDI","item":"https:\/\/mgaproaudio.com.br\/es\/categoria-produto\/cables-es\/cabos-sdi\/"},{"@type":"ListItem","position":5,"name":"SD 6150"}]},{"@type":"WebSite","@id":"https:\/\/mgaproaudio.com.br\/es\/#website","url":"https:\/\/mgaproaudio.com.br\/es\/","name":"MGA Pro Audio","description":"\u00c1udio profissional e RF","publisher":{"@id":"https:\/\/mgaproaudio.com.br\/es\/#organization"},"potentialAction":[{"@type":"SearchAction","target":{"@type":"EntryPoint","urlTemplate":"https:\/\/mgaproaudio.com.br\/es\/?s={search_term_string}"},"query-input":"required name=search_term_string"}],"inLanguage":"es"},{"@type":"Organization","@id":"https:\/\/mgaproaudio.com.br\/es\/#organization","name":"MGA Pro Audio","url":"https:\/\/mgaproaudio.com.br\/es\/","logo":{"@type":"ImageObject","inLanguage":"es","@id":"https:\/\/mgaproaudio.com.br\/es\/#\/schema\/logo\/image\/","url":"https:\/\/webapp408006.ip-45-33-113-122.cloudezapp.io\/wp-content\/uploads\/2019\/11\/icone-mga.png","contentUrl":"https:\/\/webapp408006.ip-45-33-113-122.cloudezapp.io\/wp-content\/uploads\/2019\/11\/icone-mga.png","width":512,"height":512,"caption":"MGA Pro Audio"},"image":{"@id":"https:\/\/mgaproaudio.com.br\/es\/#\/schema\/logo\/image\/"},"sameAs":["https:\/\/www.facebook.com\/mgaproaudio\/","https:\/\/www.instagram.com\/mgaproaudio\/"]}]},"product_price_amount":"0.00","product_price_currency":"BRL","og_availability":"instock","product_availability":"instock","product_condition":"new"},"_links":{"self":[{"href":"https:\/\/mgaproaudio.com.br\/es\/wp-json\/wp\/v2\/product\/1428","targetHints":{"allow":["GET"]}}],"collection":[{"href":"https:\/\/mgaproaudio.com.br\/es\/wp-json\/wp\/v2\/product"}],"about":[{"href":"https:\/\/mgaproaudio.com.br\/es\/wp-json\/wp\/v2\/types\/product"}],"wp:featuredmedia":[{"embeddable":true,"href":"https:\/\/mgaproaudio.com.br\/es\/wp-json\/wp\/v2\/media\/1417"}],"wp:attachment":[{"href":"https:\/\/mgaproaudio.com.br\/es\/wp-json\/wp\/v2\/media?parent=1428"}],"wp:term":[{"taxonomy":"product_cat","embeddable":true,"href":"https:\/\/mgaproaudio.com.br\/es\/wp-json\/wp\/v2\/product_cat?post=1428"},{"taxonomy":"product_tag","embeddable":true,"href":"https:\/\/mgaproaudio.com.br\/es\/wp-json\/wp\/v2\/product_tag?post=1428"}],"curies":[{"name":"wp","href":"https:\/\/api.w.org\/{rel}","templated":true}]}}