{"id":1450,"date":"2019-11-06T09:36:06","date_gmt":"2019-11-06T12:36:06","guid":{"rendered":"https:\/\/webapp408006.ip-45-33-113-122.cloudezapp.io\/produto\/uc-44\/"},"modified":"2025-11-14T16:15:16","modified_gmt":"2025-11-14T19:15:16","slug":"uc-44","status":"publish","type":"product","link":"https:\/\/mgaproaudio.com.br\/es\/produto\/uc-44\/","title":{"rendered":"UC-44"},"content":{"rendered":"<div style=\"display:none;\">\nOtimize a efici\u00eancia da sua transmiss\u00e3o com o Combinador MGA UC-44, projetado para conectar at\u00e9 4 transmissores IEM em uma \u00fanica antena sem perda de sinal. Equipado com um amplificador linear em cada entrada, o permite a combina\u00e7\u00e3o de m\u00faltiplos transmissores de forma eficaz, garantindo a integridade dos sinais transmitidos. <\/p>\n<p>Ideal para ambientes onde a gest\u00e3o de frequ\u00eancias \u00e9 crucial, o assegura uma distribui\u00e7\u00e3o uniforme e confi\u00e1vel dos sinais, mantendo a qualidade sonora e minimizando interfer\u00eancias. Com sua tecnologia avan\u00e7ada, este combinador oferece uma solu\u00e7\u00e3o robusta para sistemas de monitoramento intra-auricular (IEM), proporcionando uma opera\u00e7\u00e3o suave e sem falhas. <\/p>\n<p>Facilite a configura\u00e7\u00e3o e a opera\u00e7\u00e3o dos seus transmissores IEM com o Combinador MGA UC-44. Garanta a m\u00e1xima efici\u00eancia e desempenho em cada apresenta\u00e7\u00e3o ou evento, sem comprometer a qualidade do \u00e1udio. Com o UC-44, voc\u00ea obt\u00e9m n\u00e3o apenas uma solu\u00e7\u00e3o de combina\u00e7\u00e3o de sinais, mas a confian\u00e7a em um equipamento projetado para otimizar a transmiss\u00e3o e oferecer resultados consistentes e de alto padr\u00e3o.  <\/p><\/div>\n<table cellspacing=\"0\" cellpadding=\"0\">\n<tbody>\n<tr>\n<td colspan=\"2\"><b>UC 44<\/b><\/td>\n<\/tr>\n<tr>\n<td><\/td>\n<td><\/td>\n<\/tr>\n<tr>\n<td>GANANCIA DE SALIDA<\/td>\n<td>0 dB \u00b1 2 dB<\/td>\n<\/tr>\n<tr>\n<td>RANGO DE FRECUENCIA<\/td>\n<td>470 ~ 698 MHz<\/td>\n<\/tr>\n<tr>\n<td>IMPEDANCIA DE ENTRADA<\/td>\n<td>50 \u03a9<\/td>\n<\/tr>\n<tr>\n<td>IMPEDANCIA DE SALIDA<\/td>\n<td>50 \u03a9<\/td>\n<\/tr>\n<tr>\n<td>SALIDA DE ALIMENTACI\u00d3N<\/td>\n<td>13 VCC \u00b1 0,5 V \u2013 2,2 A<\/td>\n<\/tr>\n<tr>\n<td>PUNTO DE INTERCEPCI\u00d3N DE TERCER ORDEN<\/td>\n<td>47 dBm<\/td>\n<\/tr>\n<tr>\n<td>NIVEL M\u00c1XIMO DE ENTRADA<\/td>\n<td>+20 dBm<\/td>\n<\/tr>\n<tr>\n<td>PROTECCI\u00d3N DE ENTRADA<\/td>\n<td>+30 dBm<\/td>\n<\/tr>\n<tr>\n<td>LED INDICADOR DE RF<\/td>\n<td>6,5 dBm<\/td>\n<\/tr>\n<tr>\n<td>VOLTAJE DE OPERACI\u00d3N<\/td>\n<td>100 ~ 240 VCA<\/td>\n<\/tr>\n<\/tbody>\n<\/table>\n","protected":false},"excerpt":{"rendered":"<p>El combinador MGA UC 44 permite conectar cuatro transmisores IEM a una sola antena sin p\u00e9rdida de se\u00f1al.<\/p>\n<p>Un amplificador lineal en cada entrada permite combinar cuatro transmisores sin p\u00e9rdida de se\u00f1al.<\/p>\n","protected":false},"featured_media":1445,"template":"","meta":[],"product_cat":[74],"product_tag":[],"class_list":["post-1450","product","type-product","status-publish","has-post-thumbnail","hentry","product_cat-combinadores"],"yoast_head":"<!-- This site is optimized with the Yoast SEO Premium plugin v22.6 (Yoast SEO v22.7) - https:\/\/yoast.com\/wordpress\/plugins\/seo\/ -->\n<title>UC-44 - MGA Pro Audio<\/title>\n<meta name=\"description\" content=\"Otimize a efici\u00eancia da sua transmiss\u00e3o com o Combinador MGA UC-44, projetado para conectar at\u00e9 4 transmissores IEM em uma \u00fanica antena sem perda de sinal.\" \/>\n<meta name=\"robots\" content=\"index, follow, max-snippet:-1, max-image-preview:large, max-video-preview:-1\" \/>\n<link rel=\"canonical\" href=\"https:\/\/mgaproaudio.com.br\/es\/produto\/uc-44\/\" \/>\n<meta property=\"og:locale\" content=\"es_ES\" \/>\n<meta property=\"og:type\" content=\"article\" \/>\n<meta property=\"og:title\" content=\"UC-44\" \/>\n<meta property=\"og:description\" content=\"Otimize a efici\u00eancia da sua transmiss\u00e3o com o Combinador MGA UC-44, projetado para conectar at\u00e9 4 transmissores IEM em uma \u00fanica antena sem perda de sinal.\" \/>\n<meta property=\"og:url\" content=\"https:\/\/mgaproaudio.com.br\/es\/produto\/uc-44\/\" \/>\n<meta property=\"og:site_name\" content=\"MGA Pro Audio\" \/>\n<meta property=\"article:publisher\" content=\"https:\/\/www.facebook.com\/mgaproaudio\/\" \/>\n<meta property=\"article:modified_time\" content=\"2025-11-14T19:15:16+00:00\" \/>\n<meta property=\"og:image\" content=\"https:\/\/mgaproaudio.com.br\/wp-content\/uploads\/2019\/11\/UC44_3.png\" \/>\n\t<meta property=\"og:image:width\" content=\"1204\" \/>\n\t<meta property=\"og:image:height\" content=\"683\" \/>\n\t<meta property=\"og:image:type\" content=\"image\/png\" \/>\n<meta name=\"twitter:card\" content=\"summary_large_image\" \/>\n<meta name=\"twitter:label1\" content=\"Precio\" \/>\n\t<meta name=\"twitter:data1\" content=\"\" \/>\n\t<meta name=\"twitter:label2\" content=\"Disponibilidad\" \/>\n\t<meta name=\"twitter:data2\" content=\"Disponible\" \/>\n<script type=\"application\/ld+json\" class=\"yoast-schema-graph\">{\"@context\":\"https:\/\/schema.org\",\"@graph\":[{\"@type\":\"WebPage\",\"@id\":\"https:\/\/mgaproaudio.com.br\/es\/produto\/uc-44\/\",\"url\":\"https:\/\/mgaproaudio.com.br\/es\/produto\/uc-44\/\",\"name\":\"UC-44 - MGA Pro Audio\",\"isPartOf\":{\"@id\":\"https:\/\/mgaproaudio.com.br\/es\/#website\"},\"primaryImageOfPage\":{\"@id\":\"https:\/\/mgaproaudio.com.br\/es\/produto\/uc-44\/#primaryimage\"},\"image\":{\"@id\":\"https:\/\/mgaproaudio.com.br\/es\/produto\/uc-44\/#primaryimage\"},\"thumbnailUrl\":\"https:\/\/mgaproaudio.com.br\/wp-content\/uploads\/2019\/11\/UC44_3.png\",\"datePublished\":\"2019-11-06T12:36:06+00:00\",\"dateModified\":\"2025-11-14T19:15:16+00:00\",\"description\":\"Otimize a efici\u00eancia da sua transmiss\u00e3o com o Combinador MGA UC-44, projetado para conectar at\u00e9 4 transmissores IEM em uma \u00fanica antena sem perda de sinal.\",\"breadcrumb\":{\"@id\":\"https:\/\/mgaproaudio.com.br\/es\/produto\/uc-44\/#breadcrumb\"},\"inLanguage\":\"es\",\"potentialAction\":[{\"@type\":\"ReadAction\",\"target\":[\"https:\/\/mgaproaudio.com.br\/es\/produto\/uc-44\/\"]}]},{\"@type\":\"ImageObject\",\"inLanguage\":\"es\",\"@id\":\"https:\/\/mgaproaudio.com.br\/es\/produto\/uc-44\/#primaryimage\",\"url\":\"https:\/\/mgaproaudio.com.br\/wp-content\/uploads\/2019\/11\/UC44_3.png\",\"contentUrl\":\"https:\/\/mgaproaudio.com.br\/wp-content\/uploads\/2019\/11\/UC44_3.png\",\"width\":1204,\"height\":683,\"caption\":\"UC-44HP\"},{\"@type\":\"BreadcrumbList\",\"@id\":\"https:\/\/mgaproaudio.com.br\/es\/produto\/uc-44\/#breadcrumb\",\"itemListElement\":[{\"@type\":\"ListItem\",\"position\":1,\"name\":\"\u00cdnicio\",\"item\":\"https:\/\/mgaproaudio.com.br\/es\/\"},{\"@type\":\"ListItem\",\"position\":2,\"name\":\"Productos\",\"item\":\"https:\/\/mgaproaudio.com.br\/es\/productos\/\"},{\"@type\":\"ListItem\",\"position\":3,\"name\":\"Combinadores\",\"item\":\"https:\/\/mgaproaudio.com.br\/es\/categoria-produto\/combinadores\/\"},{\"@type\":\"ListItem\",\"position\":4,\"name\":\"UC-44\"}]},{\"@type\":\"WebSite\",\"@id\":\"https:\/\/mgaproaudio.com.br\/es\/#website\",\"url\":\"https:\/\/mgaproaudio.com.br\/es\/\",\"name\":\"MGA Pro Audio\",\"description\":\"\u00c1udio profissional e RF\",\"publisher\":{\"@id\":\"https:\/\/mgaproaudio.com.br\/es\/#organization\"},\"potentialAction\":[{\"@type\":\"SearchAction\",\"target\":{\"@type\":\"EntryPoint\",\"urlTemplate\":\"https:\/\/mgaproaudio.com.br\/es\/?s={search_term_string}\"},\"query-input\":\"required name=search_term_string\"}],\"inLanguage\":\"es\"},{\"@type\":\"Organization\",\"@id\":\"https:\/\/mgaproaudio.com.br\/es\/#organization\",\"name\":\"MGA Pro Audio\",\"url\":\"https:\/\/mgaproaudio.com.br\/es\/\",\"logo\":{\"@type\":\"ImageObject\",\"inLanguage\":\"es\",\"@id\":\"https:\/\/mgaproaudio.com.br\/es\/#\/schema\/logo\/image\/\",\"url\":\"https:\/\/webapp408006.ip-45-33-113-122.cloudezapp.io\/wp-content\/uploads\/2019\/11\/icone-mga.png\",\"contentUrl\":\"https:\/\/webapp408006.ip-45-33-113-122.cloudezapp.io\/wp-content\/uploads\/2019\/11\/icone-mga.png\",\"width\":512,\"height\":512,\"caption\":\"MGA Pro Audio\"},\"image\":{\"@id\":\"https:\/\/mgaproaudio.com.br\/es\/#\/schema\/logo\/image\/\"},\"sameAs\":[\"https:\/\/www.facebook.com\/mgaproaudio\/\",\"https:\/\/www.instagram.com\/mgaproaudio\/\"]}]}<\/script>\n<meta property=\"product:price:amount\" content=\"0.00\" \/>\n<meta property=\"product:price:currency\" content=\"BRL\" \/>\n<meta property=\"og:availability\" content=\"instock\" \/>\n<meta property=\"product:availability\" content=\"instock\" \/>\n<meta property=\"product:condition\" content=\"new\" \/>\n<!-- \/ Yoast SEO Premium plugin. -->","yoast_head_json":{"title":"UC-44 - MGA Pro Audio","description":"Otimize a efici\u00eancia da sua transmiss\u00e3o com o Combinador MGA UC-44, projetado para conectar at\u00e9 4 transmissores IEM em uma \u00fanica antena sem perda de sinal.","robots":{"index":"index","follow":"follow","max-snippet":"max-snippet:-1","max-image-preview":"max-image-preview:large","max-video-preview":"max-video-preview:-1"},"canonical":"https:\/\/mgaproaudio.com.br\/es\/produto\/uc-44\/","og_locale":"es_ES","og_type":"article","og_title":"UC-44","og_description":"Otimize a efici\u00eancia da sua transmiss\u00e3o com o Combinador MGA UC-44, projetado para conectar at\u00e9 4 transmissores IEM em uma \u00fanica antena sem perda de sinal.","og_url":"https:\/\/mgaproaudio.com.br\/es\/produto\/uc-44\/","og_site_name":"MGA Pro Audio","article_publisher":"https:\/\/www.facebook.com\/mgaproaudio\/","article_modified_time":"2025-11-14T19:15:16+00:00","og_image":[{"width":1204,"height":683,"url":"https:\/\/mgaproaudio.com.br\/wp-content\/uploads\/2019\/11\/UC44_3.png","type":"image\/png"}],"twitter_card":"summary_large_image","twitter_misc":{"Precio":"","Disponibilidad":"Disponible"},"schema":{"@context":"https:\/\/schema.org","@graph":[{"@type":"WebPage","@id":"https:\/\/mgaproaudio.com.br\/es\/produto\/uc-44\/","url":"https:\/\/mgaproaudio.com.br\/es\/produto\/uc-44\/","name":"UC-44 - MGA Pro Audio","isPartOf":{"@id":"https:\/\/mgaproaudio.com.br\/es\/#website"},"primaryImageOfPage":{"@id":"https:\/\/mgaproaudio.com.br\/es\/produto\/uc-44\/#primaryimage"},"image":{"@id":"https:\/\/mgaproaudio.com.br\/es\/produto\/uc-44\/#primaryimage"},"thumbnailUrl":"https:\/\/mgaproaudio.com.br\/wp-content\/uploads\/2019\/11\/UC44_3.png","datePublished":"2019-11-06T12:36:06+00:00","dateModified":"2025-11-14T19:15:16+00:00","description":"Otimize a efici\u00eancia da sua transmiss\u00e3o com o Combinador MGA UC-44, projetado para conectar at\u00e9 4 transmissores IEM em uma \u00fanica antena sem perda de sinal.","breadcrumb":{"@id":"https:\/\/mgaproaudio.com.br\/es\/produto\/uc-44\/#breadcrumb"},"inLanguage":"es","potentialAction":[{"@type":"ReadAction","target":["https:\/\/mgaproaudio.com.br\/es\/produto\/uc-44\/"]}]},{"@type":"ImageObject","inLanguage":"es","@id":"https:\/\/mgaproaudio.com.br\/es\/produto\/uc-44\/#primaryimage","url":"https:\/\/mgaproaudio.com.br\/wp-content\/uploads\/2019\/11\/UC44_3.png","contentUrl":"https:\/\/mgaproaudio.com.br\/wp-content\/uploads\/2019\/11\/UC44_3.png","width":1204,"height":683,"caption":"UC-44HP"},{"@type":"BreadcrumbList","@id":"https:\/\/mgaproaudio.com.br\/es\/produto\/uc-44\/#breadcrumb","itemListElement":[{"@type":"ListItem","position":1,"name":"\u00cdnicio","item":"https:\/\/mgaproaudio.com.br\/es\/"},{"@type":"ListItem","position":2,"name":"Productos","item":"https:\/\/mgaproaudio.com.br\/es\/productos\/"},{"@type":"ListItem","position":3,"name":"Combinadores","item":"https:\/\/mgaproaudio.com.br\/es\/categoria-produto\/combinadores\/"},{"@type":"ListItem","position":4,"name":"UC-44"}]},{"@type":"WebSite","@id":"https:\/\/mgaproaudio.com.br\/es\/#website","url":"https:\/\/mgaproaudio.com.br\/es\/","name":"MGA Pro Audio","description":"\u00c1udio profissional e RF","publisher":{"@id":"https:\/\/mgaproaudio.com.br\/es\/#organization"},"potentialAction":[{"@type":"SearchAction","target":{"@type":"EntryPoint","urlTemplate":"https:\/\/mgaproaudio.com.br\/es\/?s={search_term_string}"},"query-input":"required name=search_term_string"}],"inLanguage":"es"},{"@type":"Organization","@id":"https:\/\/mgaproaudio.com.br\/es\/#organization","name":"MGA Pro Audio","url":"https:\/\/mgaproaudio.com.br\/es\/","logo":{"@type":"ImageObject","inLanguage":"es","@id":"https:\/\/mgaproaudio.com.br\/es\/#\/schema\/logo\/image\/","url":"https:\/\/webapp408006.ip-45-33-113-122.cloudezapp.io\/wp-content\/uploads\/2019\/11\/icone-mga.png","contentUrl":"https:\/\/webapp408006.ip-45-33-113-122.cloudezapp.io\/wp-content\/uploads\/2019\/11\/icone-mga.png","width":512,"height":512,"caption":"MGA Pro Audio"},"image":{"@id":"https:\/\/mgaproaudio.com.br\/es\/#\/schema\/logo\/image\/"},"sameAs":["https:\/\/www.facebook.com\/mgaproaudio\/","https:\/\/www.instagram.com\/mgaproaudio\/"]}]},"product_price_amount":"0.00","product_price_currency":"BRL","og_availability":"instock","product_availability":"instock","product_condition":"new"},"_links":{"self":[{"href":"https:\/\/mgaproaudio.com.br\/es\/wp-json\/wp\/v2\/product\/1450","targetHints":{"allow":["GET"]}}],"collection":[{"href":"https:\/\/mgaproaudio.com.br\/es\/wp-json\/wp\/v2\/product"}],"about":[{"href":"https:\/\/mgaproaudio.com.br\/es\/wp-json\/wp\/v2\/types\/product"}],"wp:featuredmedia":[{"embeddable":true,"href":"https:\/\/mgaproaudio.com.br\/es\/wp-json\/wp\/v2\/media\/1445"}],"wp:attachment":[{"href":"https:\/\/mgaproaudio.com.br\/es\/wp-json\/wp\/v2\/media?parent=1450"}],"wp:term":[{"taxonomy":"product_cat","embeddable":true,"href":"https:\/\/mgaproaudio.com.br\/es\/wp-json\/wp\/v2\/product_cat?post=1450"},{"taxonomy":"product_tag","embeddable":true,"href":"https:\/\/mgaproaudio.com.br\/es\/wp-json\/wp\/v2\/product_tag?post=1450"}],"curies":[{"name":"wp","href":"https:\/\/api.w.org\/{rel}","templated":true}]}}