{"id":1691,"date":"2019-12-06T10:02:51","date_gmt":"2019-12-06T13:02:51","guid":{"rendered":"https:\/\/webapp408006.ip-45-33-113-122.cloudezapp.io\/produto\/si-32\/"},"modified":"2025-11-17T15:03:05","modified_gmt":"2025-11-17T18:03:05","slug":"si-32","status":"publish","type":"product","link":"https:\/\/mgaproaudio.com.br\/es\/produto\/si-32\/","title":{"rendered":"SI 32"},"content":{"rendered":"<div style=\"display: none;\">\n<p>El sistema de comunicaci\u00f3n con 3 puntos y 2 balizas es la soluci\u00f3n ideal para entornos din\u00e1micos que requieren una comunicaci\u00f3n clara y eficiente entre los miembros del equipo. Central para este sistema est\u00e1 la Fuente de Alimentaci\u00f3n PS-1, que proporciona energ\u00eda confiable para todos los componentes, incluidas las tres Petacas IC-2 y los tres Auriculares HS-2. Estas unidades est\u00e1n dise\u00f1adas para garantizar una comunicaci\u00f3n sin fallos, permitiendo que los usuarios se muevan libremente mientras permanecen conectados.\u00a0\u00a0<\/p>\n<p>Adem\u00e1s, las dos Balizas BZ-2 integradas desempe\u00f1an un papel crucial, proporcionando indicaciones visuales claras para acompa\u00f1ar la comunicaci\u00f3n. Esta caracter\u00edstica es particularmente \u00fatil en entornos ruidosos o donde la comunicaci\u00f3n verbal puede ser dif\u00edcil.\u00a0<\/p>\n<p>El SI 32, un componente esencial de este sistema, desempe\u00f1a un papel vital en la integraci\u00f3n y funcionamiento armonioso de todos los elementos. Con su tecnolog\u00eda avanzada, el SI 32 garantiza una comunicaci\u00f3n estable y confiable, incluso en entornos desafiantes.\u00a0<\/p>\n<p>Ya sea en lugares industriales, eventos al aire libre o equipos de seguridad, el SI 32, junto con los dem\u00e1s componentes del sistema, ofrece una soluci\u00f3n completa y eficiente para mantener la conectividad y la productividad del equipo en un alto nivel.<\/p>\n<\/div>\n<table cellspacing=\"0\" cellpadding=\"0\">\n<tbody>\n<tr>\n<td colspan=\"2\"><strong>SI 32<\/strong><\/td>\n<\/tr>\n<tr>\n<td><\/td>\n<td><\/td>\n<\/tr>\n<tr>\n<td><a href=\"https:\/\/webapp408006.ip-45-33-113-122.cloudezapp.io\/es\/produto\/ps-1-fonte-intercom\/\">PS-1<\/a><\/td>\n<td>FUENTE DE ALIMENTACI\u00d3N<\/td>\n<\/tr>\n<tr>\n<td><a href=\"https:\/\/webapp408006.ip-45-33-113-122.cloudezapp.io\/es\/produto\/ic-2-unidade-de-cinto\/\">IC-2<\/a><\/td>\n<td>PETACA<\/td>\n<\/tr>\n<tr>\n<td><a href=\"https:\/\/webapp408006.ip-45-33-113-122.cloudezapp.io\/es\/produto\/headset-hs-2\/\">HS-2<\/a><\/td>\n<td>AURICULARES<\/td>\n<\/tr>\n<tr>\n<td><a href=\"https:\/\/webapp408006.ip-45-33-113-122.cloudezapp.io\/es\/produto\/bz-2-sinalizador\/\">BZ-2<\/a><\/td>\n<td>BALIZA<\/td>\n<\/tr>\n<\/tbody>\n<\/table>\n","protected":false},"excerpt":{"rendered":"<p>Sistema de comunicaci\u00f3n con 3 puntos y 2 balizas compuesto por:<\/p>\n<ul>\n\u00a0\t<\/p>\n<li>1 Fuente de alimentaci\u00f3n PS-1<\/li>\n<p>\u00a0\t<\/p>\n<li>3 Petacas IC-2<\/li>\n<p>\u00a0\t<\/p>\n<li>3 Auriculares HS-2<\/li>\n<p>\u00a0\t<\/p>\n<li>2 Balizas BZ-2<\/li>\n<\/ul>\n","protected":false},"featured_media":1688,"template":"","meta":[],"product_cat":[78],"product_tag":[],"class_list":["post-1691","product","type-product","status-publish","has-post-thumbnail","hentry","product_cat-intercom"],"yoast_head":"<!-- This site is optimized with the Yoast SEO Premium plugin v22.6 (Yoast SEO v22.7) - https:\/\/yoast.com\/wordpress\/plugins\/seo\/ -->\n<title>SI 32 - MGA Pro Audio<\/title>\n<meta name=\"description\" content=\"Este sistema de comunica\u00e7\u00e3o, SI 32, \u00e9 uma solu\u00e7\u00e3o robusta e eficiente para conectar tr\u00eas pontos de comunica\u00e7\u00e3o de forma r\u00e1pida e confi\u00e1vel.\" \/>\n<meta name=\"robots\" content=\"index, follow, max-snippet:-1, max-image-preview:large, max-video-preview:-1\" \/>\n<link rel=\"canonical\" href=\"https:\/\/mgaproaudio.com.br\/es\/produto\/si-32\/\" \/>\n<meta property=\"og:locale\" content=\"es_ES\" \/>\n<meta property=\"og:type\" content=\"article\" \/>\n<meta property=\"og:title\" content=\"SI 32\" \/>\n<meta property=\"og:description\" content=\"Este sistema de comunica\u00e7\u00e3o, SI 32, \u00e9 uma solu\u00e7\u00e3o robusta e eficiente para conectar tr\u00eas pontos de comunica\u00e7\u00e3o de forma r\u00e1pida e confi\u00e1vel.\" \/>\n<meta property=\"og:url\" content=\"https:\/\/mgaproaudio.com.br\/es\/produto\/si-32\/\" \/>\n<meta property=\"og:site_name\" content=\"MGA Pro Audio\" \/>\n<meta property=\"article:publisher\" content=\"https:\/\/www.facebook.com\/mgaproaudio\/\" \/>\n<meta property=\"article:modified_time\" content=\"2025-11-17T18:03:05+00:00\" \/>\n<meta property=\"og:image\" content=\"https:\/\/mgaproaudio.com.br\/wp-content\/uploads\/2019\/12\/SI-32.png\" \/>\n\t<meta property=\"og:image:width\" content=\"1000\" \/>\n\t<meta property=\"og:image:height\" content=\"1000\" \/>\n\t<meta property=\"og:image:type\" content=\"image\/png\" \/>\n<meta name=\"twitter:card\" content=\"summary_large_image\" \/>\n<meta name=\"twitter:label1\" content=\"Precio\" \/>\n\t<meta name=\"twitter:data1\" content=\"\" \/>\n\t<meta name=\"twitter:label2\" content=\"Disponibilidad\" \/>\n\t<meta name=\"twitter:data2\" content=\"Disponible\" \/>\n<script type=\"application\/ld+json\" class=\"yoast-schema-graph\">{\"@context\":\"https:\/\/schema.org\",\"@graph\":[{\"@type\":\"WebPage\",\"@id\":\"https:\/\/mgaproaudio.com.br\/es\/produto\/si-32\/\",\"url\":\"https:\/\/mgaproaudio.com.br\/es\/produto\/si-32\/\",\"name\":\"SI 32 - MGA Pro Audio\",\"isPartOf\":{\"@id\":\"https:\/\/mgaproaudio.com.br\/es\/#website\"},\"primaryImageOfPage\":{\"@id\":\"https:\/\/mgaproaudio.com.br\/es\/produto\/si-32\/#primaryimage\"},\"image\":{\"@id\":\"https:\/\/mgaproaudio.com.br\/es\/produto\/si-32\/#primaryimage\"},\"thumbnailUrl\":\"https:\/\/mgaproaudio.com.br\/wp-content\/uploads\/2019\/12\/SI-32.png\",\"datePublished\":\"2019-12-06T13:02:51+00:00\",\"dateModified\":\"2025-11-17T18:03:05+00:00\",\"description\":\"Este sistema de comunica\u00e7\u00e3o, SI 32, \u00e9 uma solu\u00e7\u00e3o robusta e eficiente para conectar tr\u00eas pontos de comunica\u00e7\u00e3o de forma r\u00e1pida e confi\u00e1vel.\",\"breadcrumb\":{\"@id\":\"https:\/\/mgaproaudio.com.br\/es\/produto\/si-32\/#breadcrumb\"},\"inLanguage\":\"es\",\"potentialAction\":[{\"@type\":\"ReadAction\",\"target\":[\"https:\/\/mgaproaudio.com.br\/es\/produto\/si-32\/\"]}]},{\"@type\":\"ImageObject\",\"inLanguage\":\"es\",\"@id\":\"https:\/\/mgaproaudio.com.br\/es\/produto\/si-32\/#primaryimage\",\"url\":\"https:\/\/mgaproaudio.com.br\/wp-content\/uploads\/2019\/12\/SI-32.png\",\"contentUrl\":\"https:\/\/mgaproaudio.com.br\/wp-content\/uploads\/2019\/12\/SI-32.png\",\"width\":1000,\"height\":1000,\"caption\":\"SI-32\"},{\"@type\":\"BreadcrumbList\",\"@id\":\"https:\/\/mgaproaudio.com.br\/es\/produto\/si-32\/#breadcrumb\",\"itemListElement\":[{\"@type\":\"ListItem\",\"position\":1,\"name\":\"\u00cdnicio\",\"item\":\"https:\/\/mgaproaudio.com.br\/es\/\"},{\"@type\":\"ListItem\",\"position\":2,\"name\":\"Productos\",\"item\":\"https:\/\/mgaproaudio.com.br\/es\/productos\/\"},{\"@type\":\"ListItem\",\"position\":3,\"name\":\"Intercom\",\"item\":\"https:\/\/mgaproaudio.com.br\/es\/categoria-produto\/intercom\/\"},{\"@type\":\"ListItem\",\"position\":4,\"name\":\"SI 32\"}]},{\"@type\":\"WebSite\",\"@id\":\"https:\/\/mgaproaudio.com.br\/es\/#website\",\"url\":\"https:\/\/mgaproaudio.com.br\/es\/\",\"name\":\"MGA Pro Audio\",\"description\":\"\u00c1udio profissional e RF\",\"publisher\":{\"@id\":\"https:\/\/mgaproaudio.com.br\/es\/#organization\"},\"potentialAction\":[{\"@type\":\"SearchAction\",\"target\":{\"@type\":\"EntryPoint\",\"urlTemplate\":\"https:\/\/mgaproaudio.com.br\/es\/?s={search_term_string}\"},\"query-input\":\"required name=search_term_string\"}],\"inLanguage\":\"es\"},{\"@type\":\"Organization\",\"@id\":\"https:\/\/mgaproaudio.com.br\/es\/#organization\",\"name\":\"MGA Pro Audio\",\"url\":\"https:\/\/mgaproaudio.com.br\/es\/\",\"logo\":{\"@type\":\"ImageObject\",\"inLanguage\":\"es\",\"@id\":\"https:\/\/mgaproaudio.com.br\/es\/#\/schema\/logo\/image\/\",\"url\":\"https:\/\/webapp408006.ip-45-33-113-122.cloudezapp.io\/wp-content\/uploads\/2019\/11\/icone-mga.png\",\"contentUrl\":\"https:\/\/webapp408006.ip-45-33-113-122.cloudezapp.io\/wp-content\/uploads\/2019\/11\/icone-mga.png\",\"width\":512,\"height\":512,\"caption\":\"MGA Pro Audio\"},\"image\":{\"@id\":\"https:\/\/mgaproaudio.com.br\/es\/#\/schema\/logo\/image\/\"},\"sameAs\":[\"https:\/\/www.facebook.com\/mgaproaudio\/\",\"https:\/\/www.instagram.com\/mgaproaudio\/\"]}]}<\/script>\n<meta property=\"product:price:amount\" content=\"0.00\" \/>\n<meta property=\"product:price:currency\" content=\"BRL\" \/>\n<meta property=\"og:availability\" content=\"instock\" \/>\n<meta property=\"product:availability\" content=\"instock\" \/>\n<meta property=\"product:condition\" content=\"new\" \/>\n<!-- \/ Yoast SEO Premium plugin. -->","yoast_head_json":{"title":"SI 32 - MGA Pro Audio","description":"Este sistema de comunica\u00e7\u00e3o, SI 32, \u00e9 uma solu\u00e7\u00e3o robusta e eficiente para conectar tr\u00eas pontos de comunica\u00e7\u00e3o de forma r\u00e1pida e confi\u00e1vel.","robots":{"index":"index","follow":"follow","max-snippet":"max-snippet:-1","max-image-preview":"max-image-preview:large","max-video-preview":"max-video-preview:-1"},"canonical":"https:\/\/mgaproaudio.com.br\/es\/produto\/si-32\/","og_locale":"es_ES","og_type":"article","og_title":"SI 32","og_description":"Este sistema de comunica\u00e7\u00e3o, SI 32, \u00e9 uma solu\u00e7\u00e3o robusta e eficiente para conectar tr\u00eas pontos de comunica\u00e7\u00e3o de forma r\u00e1pida e confi\u00e1vel.","og_url":"https:\/\/mgaproaudio.com.br\/es\/produto\/si-32\/","og_site_name":"MGA Pro Audio","article_publisher":"https:\/\/www.facebook.com\/mgaproaudio\/","article_modified_time":"2025-11-17T18:03:05+00:00","og_image":[{"width":1000,"height":1000,"url":"https:\/\/mgaproaudio.com.br\/wp-content\/uploads\/2019\/12\/SI-32.png","type":"image\/png"}],"twitter_card":"summary_large_image","twitter_misc":{"Precio":"","Disponibilidad":"Disponible"},"schema":{"@context":"https:\/\/schema.org","@graph":[{"@type":"WebPage","@id":"https:\/\/mgaproaudio.com.br\/es\/produto\/si-32\/","url":"https:\/\/mgaproaudio.com.br\/es\/produto\/si-32\/","name":"SI 32 - MGA Pro Audio","isPartOf":{"@id":"https:\/\/mgaproaudio.com.br\/es\/#website"},"primaryImageOfPage":{"@id":"https:\/\/mgaproaudio.com.br\/es\/produto\/si-32\/#primaryimage"},"image":{"@id":"https:\/\/mgaproaudio.com.br\/es\/produto\/si-32\/#primaryimage"},"thumbnailUrl":"https:\/\/mgaproaudio.com.br\/wp-content\/uploads\/2019\/12\/SI-32.png","datePublished":"2019-12-06T13:02:51+00:00","dateModified":"2025-11-17T18:03:05+00:00","description":"Este sistema de comunica\u00e7\u00e3o, SI 32, \u00e9 uma solu\u00e7\u00e3o robusta e eficiente para conectar tr\u00eas pontos de comunica\u00e7\u00e3o de forma r\u00e1pida e confi\u00e1vel.","breadcrumb":{"@id":"https:\/\/mgaproaudio.com.br\/es\/produto\/si-32\/#breadcrumb"},"inLanguage":"es","potentialAction":[{"@type":"ReadAction","target":["https:\/\/mgaproaudio.com.br\/es\/produto\/si-32\/"]}]},{"@type":"ImageObject","inLanguage":"es","@id":"https:\/\/mgaproaudio.com.br\/es\/produto\/si-32\/#primaryimage","url":"https:\/\/mgaproaudio.com.br\/wp-content\/uploads\/2019\/12\/SI-32.png","contentUrl":"https:\/\/mgaproaudio.com.br\/wp-content\/uploads\/2019\/12\/SI-32.png","width":1000,"height":1000,"caption":"SI-32"},{"@type":"BreadcrumbList","@id":"https:\/\/mgaproaudio.com.br\/es\/produto\/si-32\/#breadcrumb","itemListElement":[{"@type":"ListItem","position":1,"name":"\u00cdnicio","item":"https:\/\/mgaproaudio.com.br\/es\/"},{"@type":"ListItem","position":2,"name":"Productos","item":"https:\/\/mgaproaudio.com.br\/es\/productos\/"},{"@type":"ListItem","position":3,"name":"Intercom","item":"https:\/\/mgaproaudio.com.br\/es\/categoria-produto\/intercom\/"},{"@type":"ListItem","position":4,"name":"SI 32"}]},{"@type":"WebSite","@id":"https:\/\/mgaproaudio.com.br\/es\/#website","url":"https:\/\/mgaproaudio.com.br\/es\/","name":"MGA Pro Audio","description":"\u00c1udio profissional e RF","publisher":{"@id":"https:\/\/mgaproaudio.com.br\/es\/#organization"},"potentialAction":[{"@type":"SearchAction","target":{"@type":"EntryPoint","urlTemplate":"https:\/\/mgaproaudio.com.br\/es\/?s={search_term_string}"},"query-input":"required name=search_term_string"}],"inLanguage":"es"},{"@type":"Organization","@id":"https:\/\/mgaproaudio.com.br\/es\/#organization","name":"MGA Pro Audio","url":"https:\/\/mgaproaudio.com.br\/es\/","logo":{"@type":"ImageObject","inLanguage":"es","@id":"https:\/\/mgaproaudio.com.br\/es\/#\/schema\/logo\/image\/","url":"https:\/\/webapp408006.ip-45-33-113-122.cloudezapp.io\/wp-content\/uploads\/2019\/11\/icone-mga.png","contentUrl":"https:\/\/webapp408006.ip-45-33-113-122.cloudezapp.io\/wp-content\/uploads\/2019\/11\/icone-mga.png","width":512,"height":512,"caption":"MGA Pro Audio"},"image":{"@id":"https:\/\/mgaproaudio.com.br\/es\/#\/schema\/logo\/image\/"},"sameAs":["https:\/\/www.facebook.com\/mgaproaudio\/","https:\/\/www.instagram.com\/mgaproaudio\/"]}]},"product_price_amount":"0.00","product_price_currency":"BRL","og_availability":"instock","product_availability":"instock","product_condition":"new"},"_links":{"self":[{"href":"https:\/\/mgaproaudio.com.br\/es\/wp-json\/wp\/v2\/product\/1691","targetHints":{"allow":["GET"]}}],"collection":[{"href":"https:\/\/mgaproaudio.com.br\/es\/wp-json\/wp\/v2\/product"}],"about":[{"href":"https:\/\/mgaproaudio.com.br\/es\/wp-json\/wp\/v2\/types\/product"}],"wp:featuredmedia":[{"embeddable":true,"href":"https:\/\/mgaproaudio.com.br\/es\/wp-json\/wp\/v2\/media\/1688"}],"wp:attachment":[{"href":"https:\/\/mgaproaudio.com.br\/es\/wp-json\/wp\/v2\/media?parent=1691"}],"wp:term":[{"taxonomy":"product_cat","embeddable":true,"href":"https:\/\/mgaproaudio.com.br\/es\/wp-json\/wp\/v2\/product_cat?post=1691"},{"taxonomy":"product_tag","embeddable":true,"href":"https:\/\/mgaproaudio.com.br\/es\/wp-json\/wp\/v2\/product_tag?post=1691"}],"curies":[{"name":"wp","href":"https:\/\/api.w.org\/{rel}","templated":true}]}}